{"id":2167,"date":"2016-11-30T12:48:39","date_gmt":"2016-11-30T11:48:39","guid":{"rendered":"https:\/\/www.prokennex.eu\/?post_type=product&#038;p=2167"},"modified":"2024-03-23T16:15:06","modified_gmt":"2024-03-23T15:15:06","slug":"iq-poly-xt-docke","status":"publish","type":"product","link":"https:\/\/www.prokennex.eu\/de\/monofaser-saite\/iq-poly-xt-docke\/","title":{"rendered":"Iq Poly Xt &#8211; Docke"},"content":{"rendered":"","protected":false},"excerpt":{"rendered":"<p>Monofilamentfaser-Saite aus Polyester der j\u00fcngsten Generation, die einen hohen Schub und eine diskrete Spannungsstabilit\u00e4t gew\u00e4hrleistet. Die Saite wird in zwei St\u00e4rken angeboten, um den Bed\u00fcrfnissen aller Spieler, auch derjenigen, bei denen die Saiten h\u00e4ufig &#8222;rei\u00dfen&#8220;, gerecht zu werden.<\/p>\n","protected":false},"featured_media":10032,"comment_status":"open","ping_status":"closed","template":"","meta":{"_acf_changed":false},"tecnologia":[],"product_brand":[],"product_cat":[1504,1496,1501],"product_tag":[],"class_list":{"0":"post-2167","1":"product","2":"type-product","3":"status-publish","4":"has-post-thumbnail","6":"product_cat-monofaser-saite","7":"product_cat-tennis-de","8":"product_cat-xtras-tennis-de","10":"first","11":"instock","12":"taxable","13":"shipping-taxable","14":"purchasable","15":"product-type-variable","16":"has-default-attributes"},"bundled_by":[],"bundle_stock_status":"instock","bundle_stock_quantity":null,"bundle_virtual":false,"bundle_layout":"","bundle_add_to_cart_form_location":"","bundle_editable_in_cart":false,"bundle_sold_individually_context":"","bundle_item_grouping":"","bundle_min_size":"","bundle_max_size":"","bundle_price":[],"bundled_items":[],"bundle_sell_ids":[],"acf":[],"yoast_head":"<!-- This site is optimized with the Yoast SEO plugin v27.4 - https:\/\/yoast.com\/product\/yoast-seo-wordpress\/ -->\n<title>Iq Poly Xt - Docke - ProKennex Racchette e Accessori<\/title>\n<meta name=\"robots\" content=\"index, follow, max-snippet:-1, max-image-preview:large, max-video-preview:-1\" \/>\n<link rel=\"canonical\" href=\"https:\/\/www.prokennex.eu\/de\/monofaser-saite\/iq-poly-xt-docke\/\" \/>\n<meta property=\"og:locale\" content=\"de_DE\" \/>\n<meta property=\"og:type\" content=\"article\" \/>\n<meta property=\"og:title\" content=\"Iq Poly Xt - Docke - ProKennex Racchette e Accessori\" \/>\n<meta property=\"og:description\" content=\"Monofilamentfaser-Saite aus Polyester der j\u00fcngsten Generation, die einen hohen Schub und eine diskrete Spannungsstabilit\u00e4t gew\u00e4hrleistet. Die Saite wird in zwei St\u00e4rken angeboten, um den Bed\u00fcrfnissen aller Spieler, auch derjenigen, bei denen die Saiten h\u00e4ufig &quot;rei\u00dfen&quot;, gerecht zu werden.\" \/>\n<meta property=\"og:url\" content=\"https:\/\/www.prokennex.eu\/de\/monofaser-saite\/iq-poly-xt-docke\/\" \/>\n<meta property=\"og:site_name\" content=\"ProKennex Racchette e Accessori\" \/>\n<meta property=\"article:modified_time\" content=\"2024-03-23T15:15:06+00:00\" \/>\n<meta property=\"og:image\" content=\"https:\/\/www.prokennex.eu\/wp-content\/uploads\/2022\/09\/prokennex_20221387-scaled.jpg\" \/>\n\t<meta property=\"og:image:width\" content=\"2560\" \/>\n\t<meta property=\"og:image:height\" content=\"2505\" \/>\n\t<meta property=\"og:image:type\" content=\"image\/jpeg\" \/>\n<meta name=\"twitter:card\" content=\"summary_large_image\" \/>\n<script type=\"application\/ld+json\" class=\"yoast-schema-graph\">{\"@context\":\"https:\\\/\\\/schema.org\",\"@graph\":[{\"@type\":\"WebPage\",\"@id\":\"https:\\\/\\\/www.prokennex.eu\\\/de\\\/monofaser-saite\\\/iq-poly-xt-docke\\\/\",\"url\":\"https:\\\/\\\/www.prokennex.eu\\\/de\\\/monofaser-saite\\\/iq-poly-xt-docke\\\/\",\"name\":\"Iq Poly Xt - Docke - ProKennex Racchette e Accessori\",\"isPartOf\":{\"@id\":\"https:\\\/\\\/www.prokennex.eu\\\/de\\\/#website\"},\"primaryImageOfPage\":{\"@id\":\"https:\\\/\\\/www.prokennex.eu\\\/de\\\/monofaser-saite\\\/iq-poly-xt-docke\\\/#primaryimage\"},\"image\":{\"@id\":\"https:\\\/\\\/www.prokennex.eu\\\/de\\\/monofaser-saite\\\/iq-poly-xt-docke\\\/#primaryimage\"},\"thumbnailUrl\":\"https:\\\/\\\/www.prokennex.eu\\\/wp-content\\\/uploads\\\/2022\\\/09\\\/prokennex_20221387-scaled.jpg\",\"datePublished\":\"2016-11-30T11:48:39+00:00\",\"dateModified\":\"2024-03-23T15:15:06+00:00\",\"breadcrumb\":{\"@id\":\"https:\\\/\\\/www.prokennex.eu\\\/de\\\/monofaser-saite\\\/iq-poly-xt-docke\\\/#breadcrumb\"},\"inLanguage\":\"de\",\"potentialAction\":[{\"@type\":\"ReadAction\",\"target\":[\"https:\\\/\\\/www.prokennex.eu\\\/de\\\/monofaser-saite\\\/iq-poly-xt-docke\\\/\"]}]},{\"@type\":\"ImageObject\",\"inLanguage\":\"de\",\"@id\":\"https:\\\/\\\/www.prokennex.eu\\\/de\\\/monofaser-saite\\\/iq-poly-xt-docke\\\/#primaryimage\",\"url\":\"https:\\\/\\\/www.prokennex.eu\\\/wp-content\\\/uploads\\\/2022\\\/09\\\/prokennex_20221387-scaled.jpg\",\"contentUrl\":\"https:\\\/\\\/www.prokennex.eu\\\/wp-content\\\/uploads\\\/2022\\\/09\\\/prokennex_20221387-scaled.jpg\",\"width\":2560,\"height\":2505},{\"@type\":\"BreadcrumbList\",\"@id\":\"https:\\\/\\\/www.prokennex.eu\\\/de\\\/monofaser-saite\\\/iq-poly-xt-docke\\\/#breadcrumb\",\"itemListElement\":[{\"@type\":\"ListItem\",\"position\":1,\"name\":\"Shop\",\"item\":\"https:\\\/\\\/www.prokennex.eu\\\/de\\\/negozio\\\/\"},{\"@type\":\"ListItem\",\"position\":2,\"name\":\"Tennis\",\"item\":\"https:\\\/\\\/www.prokennex.eu\\\/de\\\/tennis-de\\\/\"},{\"@type\":\"ListItem\",\"position\":3,\"name\":\"XTRAS\",\"item\":\"https:\\\/\\\/www.prokennex.eu\\\/de\\\/tennis-de\\\/xtras-tennis-de\\\/\"},{\"@type\":\"ListItem\",\"position\":4,\"name\":\"Monofaser-Saite\",\"item\":\"https:\\\/\\\/www.prokennex.eu\\\/de\\\/tennis-de\\\/xtras-tennis-de\\\/monofaser-saite\\\/\"},{\"@type\":\"ListItem\",\"position\":5,\"name\":\"Iq Poly Xt &#8211; Docke\"}]},{\"@type\":\"WebSite\",\"@id\":\"https:\\\/\\\/www.prokennex.eu\\\/de\\\/#website\",\"url\":\"https:\\\/\\\/www.prokennex.eu\\\/de\\\/\",\"name\":\"ProKennex Racchette e Accessori\",\"description\":\"Tomorrow&#039;s Tachnologies\",\"publisher\":{\"@id\":\"https:\\\/\\\/www.prokennex.eu\\\/de\\\/#organization\"},\"potentialAction\":[{\"@type\":\"SearchAction\",\"target\":{\"@type\":\"EntryPoint\",\"urlTemplate\":\"https:\\\/\\\/www.prokennex.eu\\\/de\\\/?s={search_term_string}\"},\"query-input\":{\"@type\":\"PropertyValueSpecification\",\"valueRequired\":true,\"valueName\":\"search_term_string\"}}],\"inLanguage\":\"de\"},{\"@type\":\"Organization\",\"@id\":\"https:\\\/\\\/www.prokennex.eu\\\/de\\\/#organization\",\"name\":\"Pro Kennex s.r.l.\",\"url\":\"https:\\\/\\\/www.prokennex.eu\\\/de\\\/\",\"logo\":{\"@type\":\"ImageObject\",\"inLanguage\":\"de\",\"@id\":\"https:\\\/\\\/www.prokennex.eu\\\/de\\\/#\\\/schema\\\/logo\\\/image\\\/\",\"url\":\"https:\\\/\\\/www.prokennex.eu\\\/wp-content\\\/uploads\\\/2021\\\/09\\\/prokennex-logo.svg\",\"contentUrl\":\"https:\\\/\\\/www.prokennex.eu\\\/wp-content\\\/uploads\\\/2021\\\/09\\\/prokennex-logo.svg\",\"width\":\"1440\",\"height\":\"1080\",\"caption\":\"Pro Kennex s.r.l.\"},\"image\":{\"@id\":\"https:\\\/\\\/www.prokennex.eu\\\/de\\\/#\\\/schema\\\/logo\\\/image\\\/\"}}]}<\/script>\n<!-- \/ Yoast SEO plugin. -->","yoast_head_json":{"title":"Iq Poly Xt - Docke - ProKennex Racchette e Accessori","robots":{"index":"index","follow":"follow","max-snippet":"max-snippet:-1","max-image-preview":"max-image-preview:large","max-video-preview":"max-video-preview:-1"},"canonical":"https:\/\/www.prokennex.eu\/de\/monofaser-saite\/iq-poly-xt-docke\/","og_locale":"de_DE","og_type":"article","og_title":"Iq Poly Xt - Docke - ProKennex Racchette e Accessori","og_description":"Monofilamentfaser-Saite aus Polyester der j\u00fcngsten Generation, die einen hohen Schub und eine diskrete Spannungsstabilit\u00e4t gew\u00e4hrleistet. Die Saite wird in zwei St\u00e4rken angeboten, um den Bed\u00fcrfnissen aller Spieler, auch derjenigen, bei denen die Saiten h\u00e4ufig \"rei\u00dfen\", gerecht zu werden.","og_url":"https:\/\/www.prokennex.eu\/de\/monofaser-saite\/iq-poly-xt-docke\/","og_site_name":"ProKennex Racchette e Accessori","article_modified_time":"2024-03-23T15:15:06+00:00","og_image":[{"width":2560,"height":2505,"url":"https:\/\/www.prokennex.eu\/wp-content\/uploads\/2022\/09\/prokennex_20221387-scaled.jpg","type":"image\/jpeg"}],"twitter_card":"summary_large_image","schema":{"@context":"https:\/\/schema.org","@graph":[{"@type":"WebPage","@id":"https:\/\/www.prokennex.eu\/de\/monofaser-saite\/iq-poly-xt-docke\/","url":"https:\/\/www.prokennex.eu\/de\/monofaser-saite\/iq-poly-xt-docke\/","name":"Iq Poly Xt - Docke - ProKennex Racchette e Accessori","isPartOf":{"@id":"https:\/\/www.prokennex.eu\/de\/#website"},"primaryImageOfPage":{"@id":"https:\/\/www.prokennex.eu\/de\/monofaser-saite\/iq-poly-xt-docke\/#primaryimage"},"image":{"@id":"https:\/\/www.prokennex.eu\/de\/monofaser-saite\/iq-poly-xt-docke\/#primaryimage"},"thumbnailUrl":"https:\/\/www.prokennex.eu\/wp-content\/uploads\/2022\/09\/prokennex_20221387-scaled.jpg","datePublished":"2016-11-30T11:48:39+00:00","dateModified":"2024-03-23T15:15:06+00:00","breadcrumb":{"@id":"https:\/\/www.prokennex.eu\/de\/monofaser-saite\/iq-poly-xt-docke\/#breadcrumb"},"inLanguage":"de","potentialAction":[{"@type":"ReadAction","target":["https:\/\/www.prokennex.eu\/de\/monofaser-saite\/iq-poly-xt-docke\/"]}]},{"@type":"ImageObject","inLanguage":"de","@id":"https:\/\/www.prokennex.eu\/de\/monofaser-saite\/iq-poly-xt-docke\/#primaryimage","url":"https:\/\/www.prokennex.eu\/wp-content\/uploads\/2022\/09\/prokennex_20221387-scaled.jpg","contentUrl":"https:\/\/www.prokennex.eu\/wp-content\/uploads\/2022\/09\/prokennex_20221387-scaled.jpg","width":2560,"height":2505},{"@type":"BreadcrumbList","@id":"https:\/\/www.prokennex.eu\/de\/monofaser-saite\/iq-poly-xt-docke\/#breadcrumb","itemListElement":[{"@type":"ListItem","position":1,"name":"Shop","item":"https:\/\/www.prokennex.eu\/de\/negozio\/"},{"@type":"ListItem","position":2,"name":"Tennis","item":"https:\/\/www.prokennex.eu\/de\/tennis-de\/"},{"@type":"ListItem","position":3,"name":"XTRAS","item":"https:\/\/www.prokennex.eu\/de\/tennis-de\/xtras-tennis-de\/"},{"@type":"ListItem","position":4,"name":"Monofaser-Saite","item":"https:\/\/www.prokennex.eu\/de\/tennis-de\/xtras-tennis-de\/monofaser-saite\/"},{"@type":"ListItem","position":5,"name":"Iq Poly Xt &#8211; Docke"}]},{"@type":"WebSite","@id":"https:\/\/www.prokennex.eu\/de\/#website","url":"https:\/\/www.prokennex.eu\/de\/","name":"ProKennex Racchette e Accessori","description":"Tomorrow&#039;s Tachnologies","publisher":{"@id":"https:\/\/www.prokennex.eu\/de\/#organization"},"potentialAction":[{"@type":"SearchAction","target":{"@type":"EntryPoint","urlTemplate":"https:\/\/www.prokennex.eu\/de\/?s={search_term_string}"},"query-input":{"@type":"PropertyValueSpecification","valueRequired":true,"valueName":"search_term_string"}}],"inLanguage":"de"},{"@type":"Organization","@id":"https:\/\/www.prokennex.eu\/de\/#organization","name":"Pro Kennex s.r.l.","url":"https:\/\/www.prokennex.eu\/de\/","logo":{"@type":"ImageObject","inLanguage":"de","@id":"https:\/\/www.prokennex.eu\/de\/#\/schema\/logo\/image\/","url":"https:\/\/www.prokennex.eu\/wp-content\/uploads\/2021\/09\/prokennex-logo.svg","contentUrl":"https:\/\/www.prokennex.eu\/wp-content\/uploads\/2021\/09\/prokennex-logo.svg","width":"1440","height":"1080","caption":"Pro Kennex s.r.l."},"image":{"@id":"https:\/\/www.prokennex.eu\/de\/#\/schema\/logo\/image\/"}}]}},"_links":{"self":[{"href":"https:\/\/www.prokennex.eu\/de\/wp-json\/wp\/v2\/product\/2167","targetHints":{"allow":["GET"]}}],"collection":[{"href":"https:\/\/www.prokennex.eu\/de\/wp-json\/wp\/v2\/product"}],"about":[{"href":"https:\/\/www.prokennex.eu\/de\/wp-json\/wp\/v2\/types\/product"}],"replies":[{"embeddable":true,"href":"https:\/\/www.prokennex.eu\/de\/wp-json\/wp\/v2\/comments?post=2167"}],"wp:featuredmedia":[{"embeddable":true,"href":"https:\/\/www.prokennex.eu\/de\/wp-json\/wp\/v2\/media\/10032"}],"wp:attachment":[{"href":"https:\/\/www.prokennex.eu\/de\/wp-json\/wp\/v2\/media?parent=2167"}],"wp:term":[{"taxonomy":"tecnologia","embeddable":true,"href":"https:\/\/www.prokennex.eu\/de\/wp-json\/wp\/v2\/tecnologia?post=2167"},{"taxonomy":"product_brand","embeddable":true,"href":"https:\/\/www.prokennex.eu\/de\/wp-json\/wp\/v2\/product_brand?post=2167"},{"taxonomy":"product_cat","embeddable":true,"href":"https:\/\/www.prokennex.eu\/de\/wp-json\/wp\/v2\/product_cat?post=2167"},{"taxonomy":"product_tag","embeddable":true,"href":"https:\/\/www.prokennex.eu\/de\/wp-json\/wp\/v2\/product_tag?post=2167"}],"curies":[{"name":"wp","href":"https:\/\/api.w.org\/{rel}","templated":true}]}}