{"id":1819,"date":"2023-09-23T13:00:45","date_gmt":"2018-09-14T17:37:45","guid":{"rendered":"https:\/\/www.prokennex.eu\/?post_type=product&#038;p=1819"},"modified":"2023-10-09T15:53:08","modified_gmt":"2023-10-09T13:53:08","slug":"sporttasche-tour","status":"publish","type":"product","link":"https:\/\/www.prokennex.eu\/de\/taschen-und-rucksacke-padel\/sporttasche-tour\/","title":{"rendered":"Sporttasche Tour"},"content":{"rendered":"","protected":false},"excerpt":{"rendered":"<p>Die Tasche f\u00fcr Padel, Pickleball und Freizeit ist so konzipiert, dass sie in der Hand, \u00fcber der Schulter oder als einfacher Rucksack getragen werden kann. Der Innenraum besteht aus zwei Hauptabteilen, von denen eines w\u00e4rmeisoliert ist. Zwei Taschen sind f\u00fcr Schuhe und Accessoires vorgesehen, w\u00e4hrend ein Rei\u00dfverschluss an der Seite Zugang zum Stauraum f\u00fcr pers\u00f6nliche Gegenst\u00e4nde bietet.<\/p>\n<ul>\n<li>Ausma\u00dfe: 57 x 28 x 26,5cm<\/li>\n<li>Kapazit\u00e4t: 6 Padelschl\u00e4ger<\/li>\n<\/ul>\n","protected":false},"featured_media":12586,"comment_status":"open","ping_status":"closed","template":"","meta":{"_acf_changed":false},"tecnologia":[],"product_brand":[],"product_cat":[1478,1484,1482,1480,1486],"product_tag":[],"class_list":{"0":"post-1819","1":"product","2":"type-product","3":"status-publish","4":"has-post-thumbnail","6":"product_cat-padel-de","7":"product_cat-pickleball-de","8":"product_cat-taschen-und-rucksacke-padel","9":"product_cat-xtras-padel-de","10":"product_cat-xtras-pickleball-de","12":"first","13":"instock","14":"taxable","15":"shipping-taxable","16":"purchasable","17":"product-type-simple"},"bundled_by":[],"bundle_stock_status":"instock","bundle_stock_quantity":10,"bundle_virtual":false,"bundle_layout":"","bundle_add_to_cart_form_location":"","bundle_editable_in_cart":false,"bundle_sold_individually_context":"","bundle_item_grouping":"","bundle_min_size":"","bundle_max_size":"","bundle_price":[],"bundled_items":[],"bundle_sell_ids":[],"acf":[],"yoast_head":"<!-- This site is optimized with the Yoast SEO plugin v27.4 - https:\/\/yoast.com\/product\/yoast-seo-wordpress\/ -->\n<title>Sporttasche Tour - ProKennex Racchette e Accessori<\/title>\n<meta name=\"description\" content=\"Die Tasche f\u00fcr Padel, Pickleball und Freizeit ist so konzipiert, dass sie in der Hand, \u00fcber der Schulter oder als einfacher Rucksack getragen werden kann\" \/>\n<meta name=\"robots\" content=\"index, follow, max-snippet:-1, max-image-preview:large, max-video-preview:-1\" \/>\n<link rel=\"canonical\" href=\"https:\/\/www.prokennex.eu\/de\/taschen-und-rucksacke-padel\/sporttasche-tour\/\" \/>\n<meta property=\"og:locale\" content=\"de_DE\" \/>\n<meta property=\"og:type\" content=\"article\" \/>\n<meta property=\"og:title\" content=\"Sporttasche Tour - ProKennex Racchette e Accessori\" \/>\n<meta property=\"og:description\" content=\"Die Tasche f\u00fcr Padel, Pickleball und Freizeit ist so konzipiert, dass sie in der Hand, \u00fcber der Schulter oder als einfacher Rucksack getragen werden kann\" \/>\n<meta property=\"og:url\" content=\"https:\/\/www.prokennex.eu\/de\/taschen-und-rucksacke-padel\/sporttasche-tour\/\" \/>\n<meta property=\"og:site_name\" content=\"ProKennex Racchette e Accessori\" \/>\n<meta property=\"article:modified_time\" content=\"2023-10-09T13:53:08+00:00\" \/>\n<meta property=\"og:image\" content=\"https:\/\/www.prokennex.eu\/wp-content\/uploads\/2016\/10\/tour-sport-thermo-bag.jpg\" \/>\n\t<meta property=\"og:image:width\" content=\"2000\" \/>\n\t<meta property=\"og:image:height\" content=\"2000\" \/>\n\t<meta property=\"og:image:type\" content=\"image\/jpeg\" \/>\n<meta name=\"twitter:card\" content=\"summary_large_image\" \/>\n<script type=\"application\/ld+json\" class=\"yoast-schema-graph\">{\"@context\":\"https:\\\/\\\/schema.org\",\"@graph\":[{\"@type\":\"WebPage\",\"@id\":\"https:\\\/\\\/www.prokennex.eu\\\/de\\\/taschen-und-rucksacke-padel\\\/sporttasche-tour\\\/\",\"url\":\"https:\\\/\\\/www.prokennex.eu\\\/de\\\/taschen-und-rucksacke-padel\\\/sporttasche-tour\\\/\",\"name\":\"Sporttasche Tour - ProKennex Racchette e Accessori\",\"isPartOf\":{\"@id\":\"https:\\\/\\\/www.prokennex.eu\\\/de\\\/#website\"},\"primaryImageOfPage\":{\"@id\":\"https:\\\/\\\/www.prokennex.eu\\\/de\\\/taschen-und-rucksacke-padel\\\/sporttasche-tour\\\/#primaryimage\"},\"image\":{\"@id\":\"https:\\\/\\\/www.prokennex.eu\\\/de\\\/taschen-und-rucksacke-padel\\\/sporttasche-tour\\\/#primaryimage\"},\"thumbnailUrl\":\"https:\\\/\\\/www.prokennex.eu\\\/wp-content\\\/uploads\\\/2016\\\/10\\\/tour-sport-thermo-bag.jpg\",\"datePublished\":\"2018-09-14T17:37:45+00:00\",\"dateModified\":\"2023-10-09T13:53:08+00:00\",\"description\":\"Die Tasche f\u00fcr Padel, Pickleball und Freizeit ist so konzipiert, dass sie in der Hand, \u00fcber der Schulter oder als einfacher Rucksack getragen werden kann\",\"breadcrumb\":{\"@id\":\"https:\\\/\\\/www.prokennex.eu\\\/de\\\/taschen-und-rucksacke-padel\\\/sporttasche-tour\\\/#breadcrumb\"},\"inLanguage\":\"de\",\"potentialAction\":[{\"@type\":\"ReadAction\",\"target\":[\"https:\\\/\\\/www.prokennex.eu\\\/de\\\/taschen-und-rucksacke-padel\\\/sporttasche-tour\\\/\"]}]},{\"@type\":\"ImageObject\",\"inLanguage\":\"de\",\"@id\":\"https:\\\/\\\/www.prokennex.eu\\\/de\\\/taschen-und-rucksacke-padel\\\/sporttasche-tour\\\/#primaryimage\",\"url\":\"https:\\\/\\\/www.prokennex.eu\\\/wp-content\\\/uploads\\\/2016\\\/10\\\/tour-sport-thermo-bag.jpg\",\"contentUrl\":\"https:\\\/\\\/www.prokennex.eu\\\/wp-content\\\/uploads\\\/2016\\\/10\\\/tour-sport-thermo-bag.jpg\",\"width\":2000,\"height\":2000},{\"@type\":\"BreadcrumbList\",\"@id\":\"https:\\\/\\\/www.prokennex.eu\\\/de\\\/taschen-und-rucksacke-padel\\\/sporttasche-tour\\\/#breadcrumb\",\"itemListElement\":[{\"@type\":\"ListItem\",\"position\":1,\"name\":\"Shop\",\"item\":\"https:\\\/\\\/www.prokennex.eu\\\/de\\\/negozio\\\/\"},{\"@type\":\"ListItem\",\"position\":2,\"name\":\"Padel\",\"item\":\"https:\\\/\\\/www.prokennex.eu\\\/de\\\/padel-de\\\/\"},{\"@type\":\"ListItem\",\"position\":3,\"name\":\"XTRAS\",\"item\":\"https:\\\/\\\/www.prokennex.eu\\\/de\\\/padel-de\\\/xtras-padel-de\\\/\"},{\"@type\":\"ListItem\",\"position\":4,\"name\":\"Taschen und Rucks\u00e4cke\",\"item\":\"https:\\\/\\\/www.prokennex.eu\\\/de\\\/padel-de\\\/xtras-padel-de\\\/taschen-und-rucksacke-padel\\\/\"},{\"@type\":\"ListItem\",\"position\":5,\"name\":\"Sporttasche Tour\"}]},{\"@type\":\"WebSite\",\"@id\":\"https:\\\/\\\/www.prokennex.eu\\\/de\\\/#website\",\"url\":\"https:\\\/\\\/www.prokennex.eu\\\/de\\\/\",\"name\":\"ProKennex Racchette e Accessori\",\"description\":\"Tomorrow&#039;s Tachnologies\",\"publisher\":{\"@id\":\"https:\\\/\\\/www.prokennex.eu\\\/de\\\/#organization\"},\"potentialAction\":[{\"@type\":\"SearchAction\",\"target\":{\"@type\":\"EntryPoint\",\"urlTemplate\":\"https:\\\/\\\/www.prokennex.eu\\\/de\\\/?s={search_term_string}\"},\"query-input\":{\"@type\":\"PropertyValueSpecification\",\"valueRequired\":true,\"valueName\":\"search_term_string\"}}],\"inLanguage\":\"de\"},{\"@type\":\"Organization\",\"@id\":\"https:\\\/\\\/www.prokennex.eu\\\/de\\\/#organization\",\"name\":\"Pro Kennex s.r.l.\",\"url\":\"https:\\\/\\\/www.prokennex.eu\\\/de\\\/\",\"logo\":{\"@type\":\"ImageObject\",\"inLanguage\":\"de\",\"@id\":\"https:\\\/\\\/www.prokennex.eu\\\/de\\\/#\\\/schema\\\/logo\\\/image\\\/\",\"url\":\"https:\\\/\\\/www.prokennex.eu\\\/wp-content\\\/uploads\\\/2021\\\/09\\\/prokennex-logo.svg\",\"contentUrl\":\"https:\\\/\\\/www.prokennex.eu\\\/wp-content\\\/uploads\\\/2021\\\/09\\\/prokennex-logo.svg\",\"width\":\"1440\",\"height\":\"1080\",\"caption\":\"Pro Kennex s.r.l.\"},\"image\":{\"@id\":\"https:\\\/\\\/www.prokennex.eu\\\/de\\\/#\\\/schema\\\/logo\\\/image\\\/\"}}]}<\/script>\n<!-- \/ Yoast SEO plugin. -->","yoast_head_json":{"title":"Sporttasche Tour - ProKennex Racchette e Accessori","description":"Die Tasche f\u00fcr Padel, Pickleball und Freizeit ist so konzipiert, dass sie in der Hand, \u00fcber der Schulter oder als einfacher Rucksack getragen werden kann","robots":{"index":"index","follow":"follow","max-snippet":"max-snippet:-1","max-image-preview":"max-image-preview:large","max-video-preview":"max-video-preview:-1"},"canonical":"https:\/\/www.prokennex.eu\/de\/taschen-und-rucksacke-padel\/sporttasche-tour\/","og_locale":"de_DE","og_type":"article","og_title":"Sporttasche Tour - ProKennex Racchette e Accessori","og_description":"Die Tasche f\u00fcr Padel, Pickleball und Freizeit ist so konzipiert, dass sie in der Hand, \u00fcber der Schulter oder als einfacher Rucksack getragen werden kann","og_url":"https:\/\/www.prokennex.eu\/de\/taschen-und-rucksacke-padel\/sporttasche-tour\/","og_site_name":"ProKennex Racchette e Accessori","article_modified_time":"2023-10-09T13:53:08+00:00","og_image":[{"width":2000,"height":2000,"url":"https:\/\/www.prokennex.eu\/wp-content\/uploads\/2016\/10\/tour-sport-thermo-bag.jpg","type":"image\/jpeg"}],"twitter_card":"summary_large_image","schema":{"@context":"https:\/\/schema.org","@graph":[{"@type":"WebPage","@id":"https:\/\/www.prokennex.eu\/de\/taschen-und-rucksacke-padel\/sporttasche-tour\/","url":"https:\/\/www.prokennex.eu\/de\/taschen-und-rucksacke-padel\/sporttasche-tour\/","name":"Sporttasche Tour - ProKennex Racchette e Accessori","isPartOf":{"@id":"https:\/\/www.prokennex.eu\/de\/#website"},"primaryImageOfPage":{"@id":"https:\/\/www.prokennex.eu\/de\/taschen-und-rucksacke-padel\/sporttasche-tour\/#primaryimage"},"image":{"@id":"https:\/\/www.prokennex.eu\/de\/taschen-und-rucksacke-padel\/sporttasche-tour\/#primaryimage"},"thumbnailUrl":"https:\/\/www.prokennex.eu\/wp-content\/uploads\/2016\/10\/tour-sport-thermo-bag.jpg","datePublished":"2018-09-14T17:37:45+00:00","dateModified":"2023-10-09T13:53:08+00:00","description":"Die Tasche f\u00fcr Padel, Pickleball und Freizeit ist so konzipiert, dass sie in der Hand, \u00fcber der Schulter oder als einfacher Rucksack getragen werden kann","breadcrumb":{"@id":"https:\/\/www.prokennex.eu\/de\/taschen-und-rucksacke-padel\/sporttasche-tour\/#breadcrumb"},"inLanguage":"de","potentialAction":[{"@type":"ReadAction","target":["https:\/\/www.prokennex.eu\/de\/taschen-und-rucksacke-padel\/sporttasche-tour\/"]}]},{"@type":"ImageObject","inLanguage":"de","@id":"https:\/\/www.prokennex.eu\/de\/taschen-und-rucksacke-padel\/sporttasche-tour\/#primaryimage","url":"https:\/\/www.prokennex.eu\/wp-content\/uploads\/2016\/10\/tour-sport-thermo-bag.jpg","contentUrl":"https:\/\/www.prokennex.eu\/wp-content\/uploads\/2016\/10\/tour-sport-thermo-bag.jpg","width":2000,"height":2000},{"@type":"BreadcrumbList","@id":"https:\/\/www.prokennex.eu\/de\/taschen-und-rucksacke-padel\/sporttasche-tour\/#breadcrumb","itemListElement":[{"@type":"ListItem","position":1,"name":"Shop","item":"https:\/\/www.prokennex.eu\/de\/negozio\/"},{"@type":"ListItem","position":2,"name":"Padel","item":"https:\/\/www.prokennex.eu\/de\/padel-de\/"},{"@type":"ListItem","position":3,"name":"XTRAS","item":"https:\/\/www.prokennex.eu\/de\/padel-de\/xtras-padel-de\/"},{"@type":"ListItem","position":4,"name":"Taschen und Rucks\u00e4cke","item":"https:\/\/www.prokennex.eu\/de\/padel-de\/xtras-padel-de\/taschen-und-rucksacke-padel\/"},{"@type":"ListItem","position":5,"name":"Sporttasche Tour"}]},{"@type":"WebSite","@id":"https:\/\/www.prokennex.eu\/de\/#website","url":"https:\/\/www.prokennex.eu\/de\/","name":"ProKennex Racchette e Accessori","description":"Tomorrow&#039;s Tachnologies","publisher":{"@id":"https:\/\/www.prokennex.eu\/de\/#organization"},"potentialAction":[{"@type":"SearchAction","target":{"@type":"EntryPoint","urlTemplate":"https:\/\/www.prokennex.eu\/de\/?s={search_term_string}"},"query-input":{"@type":"PropertyValueSpecification","valueRequired":true,"valueName":"search_term_string"}}],"inLanguage":"de"},{"@type":"Organization","@id":"https:\/\/www.prokennex.eu\/de\/#organization","name":"Pro Kennex s.r.l.","url":"https:\/\/www.prokennex.eu\/de\/","logo":{"@type":"ImageObject","inLanguage":"de","@id":"https:\/\/www.prokennex.eu\/de\/#\/schema\/logo\/image\/","url":"https:\/\/www.prokennex.eu\/wp-content\/uploads\/2021\/09\/prokennex-logo.svg","contentUrl":"https:\/\/www.prokennex.eu\/wp-content\/uploads\/2021\/09\/prokennex-logo.svg","width":"1440","height":"1080","caption":"Pro Kennex s.r.l."},"image":{"@id":"https:\/\/www.prokennex.eu\/de\/#\/schema\/logo\/image\/"}}]}},"_links":{"self":[{"href":"https:\/\/www.prokennex.eu\/de\/wp-json\/wp\/v2\/product\/1819","targetHints":{"allow":["GET"]}}],"collection":[{"href":"https:\/\/www.prokennex.eu\/de\/wp-json\/wp\/v2\/product"}],"about":[{"href":"https:\/\/www.prokennex.eu\/de\/wp-json\/wp\/v2\/types\/product"}],"replies":[{"embeddable":true,"href":"https:\/\/www.prokennex.eu\/de\/wp-json\/wp\/v2\/comments?post=1819"}],"wp:featuredmedia":[{"embeddable":true,"href":"https:\/\/www.prokennex.eu\/de\/wp-json\/wp\/v2\/media\/12586"}],"wp:attachment":[{"href":"https:\/\/www.prokennex.eu\/de\/wp-json\/wp\/v2\/media?parent=1819"}],"wp:term":[{"taxonomy":"tecnologia","embeddable":true,"href":"https:\/\/www.prokennex.eu\/de\/wp-json\/wp\/v2\/tecnologia?post=1819"},{"taxonomy":"product_brand","embeddable":true,"href":"https:\/\/www.prokennex.eu\/de\/wp-json\/wp\/v2\/product_brand?post=1819"},{"taxonomy":"product_cat","embeddable":true,"href":"https:\/\/www.prokennex.eu\/de\/wp-json\/wp\/v2\/product_cat?post=1819"},{"taxonomy":"product_tag","embeddable":true,"href":"https:\/\/www.prokennex.eu\/de\/wp-json\/wp\/v2\/product_tag?post=1819"}],"curies":[{"name":"wp","href":"https:\/\/api.w.org\/{rel}","templated":true}]}}