{"id":1803,"date":"2023-09-23T13:00:23","date_gmt":"2023-09-23T11:00:23","guid":{"rendered":"https:\/\/www.prokennex.eu\/?post_type=product&#038;p=1803"},"modified":"2023-10-09T17:19:29","modified_gmt":"2023-10-09T15:19:29","slug":"rucksack-tour","status":"publish","type":"product","link":"https:\/\/www.prokennex.eu\/de\/taschen-und-rucksacke-tennis\/rucksack-tour\/","title":{"rendered":"Rucksack Tour"},"content":{"rendered":"","protected":false},"excerpt":{"rendered":"<p>Ergonomische Pl\u00fcsch-R\u00fcckseite, drei F\u00e4cher, von denen eines den Schl\u00e4ger mit einer Griffabdeckung aufnimmt, um die Sicherheit beim Transport zu gew\u00e4hrleisten. Gepolstertes Fach f\u00fcr einen Laptop oder ein Tablet, eine Rei\u00dfverschlusstasche f\u00fcr Zubeh\u00f6r und Aufbewahrung sowie 2 Netztaschen f\u00fcr Wasser, Getr\u00e4nke oder ein Ballrohr. An der Unterseite des Rucksacks befindet sich eine Tasche mit einer Bel\u00fcftungs\u00f6ffnung, ideal f\u00fcr Schuhe oder verschwitzte Kleidung.<\/p>\n<ul>\n<li>Ausma\u00dfe: 36 x 44 x 26 cm<\/li>\n<li>Kapazit\u00e4t: 2 Schl\u00e4ger<\/li>\n<\/ul>\n","protected":false},"featured_media":12561,"comment_status":"open","ping_status":"closed","template":"","meta":{"_acf_changed":false},"tecnologia":[],"product_brand":[],"product_cat":[1477,1478,1488,1492,1474,1482,1503,1496,1490,1480,1476,1501],"product_tag":[],"class_list":{"0":"post-1803","1":"product","2":"type-product","3":"status-publish","4":"has-post-thumbnail","6":"product_cat-badminton-de","7":"product_cat-padel-de","8":"product_cat-squash-de","9":"product_cat-taschen-und-rucksacke-squash","10":"product_cat-taschen-und-rucksackei-badminton","11":"product_cat-taschen-und-rucksacke-padel","12":"product_cat-taschen-und-rucksacke-tennis","13":"product_cat-tennis-de","14":"product_cat-xtras-squash-de","15":"product_cat-xtras-padel-de","16":"product_cat-xtras-badminton-de","17":"product_cat-xtras-tennis-de","19":"first","20":"outofstock","21":"taxable","22":"shipping-taxable","23":"purchasable","24":"product-type-simple"},"bundled_by":[],"bundle_stock_status":"outofstock","bundle_stock_quantity":0,"bundle_virtual":false,"bundle_layout":"","bundle_add_to_cart_form_location":"","bundle_editable_in_cart":false,"bundle_sold_individually_context":"","bundle_item_grouping":"","bundle_min_size":"","bundle_max_size":"","bundle_price":[],"bundled_items":[],"bundle_sell_ids":[],"acf":[],"yoast_head":"<!-- This site is optimized with the Yoast SEO plugin v27.1.1 - https:\/\/yoast.com\/product\/yoast-seo-wordpress\/ -->\n<title>Rucksack Tour - ProKennex Racchette e Accessori<\/title>\n<meta name=\"robots\" content=\"index, follow, max-snippet:-1, max-image-preview:large, max-video-preview:-1\" \/>\n<link rel=\"canonical\" href=\"https:\/\/www.prokennex.eu\/de\/taschen-und-rucksacke-tennis\/rucksack-tour\/\" \/>\n<meta property=\"og:locale\" content=\"de_DE\" \/>\n<meta property=\"og:type\" content=\"article\" \/>\n<meta property=\"og:title\" content=\"Rucksack Tour - ProKennex Racchette e Accessori\" \/>\n<meta property=\"og:description\" content=\"Ergonomische Pl\u00fcsch-R\u00fcckseite, drei F\u00e4cher, von denen eines den Schl\u00e4ger mit einer Griffabdeckung aufnimmt, um die Sicherheit beim Transport zu gew\u00e4hrleisten. Gepolstertes Fach f\u00fcr einen Laptop oder ein Tablet, eine Rei\u00dfverschlusstasche f\u00fcr Zubeh\u00f6r und Aufbewahrung sowie 2 Netztaschen f\u00fcr Wasser, Getr\u00e4nke oder ein Ballrohr. An der Unterseite des Rucksacks befindet sich eine Tasche mit einer Bel\u00fcftungs\u00f6ffnung, ideal f\u00fcr Schuhe oder verschwitzte Kleidung.   Ausma\u00dfe: 36 x 44 x 26 cm  Kapazit\u00e4t: 2 Schl\u00e4ger\" \/>\n<meta property=\"og:url\" content=\"https:\/\/www.prokennex.eu\/de\/taschen-und-rucksacke-tennis\/rucksack-tour\/\" \/>\n<meta property=\"og:site_name\" content=\"ProKennex Racchette e Accessori\" \/>\n<meta property=\"article:modified_time\" content=\"2023-10-09T15:19:29+00:00\" \/>\n<meta property=\"og:image\" content=\"https:\/\/www.prokennex.eu\/wp-content\/uploads\/2016\/10\/tour-back-pack.jpg\" \/>\n\t<meta property=\"og:image:width\" content=\"2000\" \/>\n\t<meta property=\"og:image:height\" content=\"2000\" \/>\n\t<meta property=\"og:image:type\" content=\"image\/jpeg\" \/>\n<meta name=\"twitter:card\" content=\"summary_large_image\" \/>\n<script type=\"application\/ld+json\" class=\"yoast-schema-graph\">{\"@context\":\"https:\/\/schema.org\",\"@graph\":[{\"@type\":\"WebPage\",\"@id\":\"https:\/\/www.prokennex.eu\/de\/taschen-und-rucksacke-tennis\/rucksack-tour\/\",\"url\":\"https:\/\/www.prokennex.eu\/de\/taschen-und-rucksacke-tennis\/rucksack-tour\/\",\"name\":\"Rucksack Tour - ProKennex Racchette e Accessori\",\"isPartOf\":{\"@id\":\"https:\/\/www.prokennex.eu\/de\/#website\"},\"primaryImageOfPage\":{\"@id\":\"https:\/\/www.prokennex.eu\/de\/taschen-und-rucksacke-tennis\/rucksack-tour\/#primaryimage\"},\"image\":{\"@id\":\"https:\/\/www.prokennex.eu\/de\/taschen-und-rucksacke-tennis\/rucksack-tour\/#primaryimage\"},\"thumbnailUrl\":\"https:\/\/www.prokennex.eu\/wp-content\/uploads\/2016\/10\/tour-back-pack.jpg\",\"datePublished\":\"2023-09-23T11:00:23+00:00\",\"dateModified\":\"2023-10-09T15:19:29+00:00\",\"breadcrumb\":{\"@id\":\"https:\/\/www.prokennex.eu\/de\/taschen-und-rucksacke-tennis\/rucksack-tour\/#breadcrumb\"},\"inLanguage\":\"de\",\"potentialAction\":[{\"@type\":\"ReadAction\",\"target\":[\"https:\/\/www.prokennex.eu\/de\/taschen-und-rucksacke-tennis\/rucksack-tour\/\"]}]},{\"@type\":\"ImageObject\",\"inLanguage\":\"de\",\"@id\":\"https:\/\/www.prokennex.eu\/de\/taschen-und-rucksacke-tennis\/rucksack-tour\/#primaryimage\",\"url\":\"https:\/\/www.prokennex.eu\/wp-content\/uploads\/2016\/10\/tour-back-pack.jpg\",\"contentUrl\":\"https:\/\/www.prokennex.eu\/wp-content\/uploads\/2016\/10\/tour-back-pack.jpg\",\"width\":2000,\"height\":2000},{\"@type\":\"BreadcrumbList\",\"@id\":\"https:\/\/www.prokennex.eu\/de\/taschen-und-rucksacke-tennis\/rucksack-tour\/#breadcrumb\",\"itemListElement\":[{\"@type\":\"ListItem\",\"position\":1,\"name\":\"Shop\",\"item\":\"https:\/\/www.prokennex.eu\/de\/negozio\/\"},{\"@type\":\"ListItem\",\"position\":2,\"name\":\"Badminton\",\"item\":\"https:\/\/www.prokennex.eu\/de\/badminton-de\/\"},{\"@type\":\"ListItem\",\"position\":3,\"name\":\"XTRAS\",\"item\":\"https:\/\/www.prokennex.eu\/de\/badminton-de\/xtras-badminton-de\/\"},{\"@type\":\"ListItem\",\"position\":4,\"name\":\"Taschen und Rucks\u00e4cke\",\"item\":\"https:\/\/www.prokennex.eu\/de\/badminton-de\/xtras-badminton-de\/taschen-und-rucksackei-badminton\/\"},{\"@type\":\"ListItem\",\"position\":5,\"name\":\"Rucksack Tour\"}]},{\"@type\":\"WebSite\",\"@id\":\"https:\/\/www.prokennex.eu\/de\/#website\",\"url\":\"https:\/\/www.prokennex.eu\/de\/\",\"name\":\"ProKennex Racchette e Accessori\",\"description\":\"Tomorrow&#039;s Tachnologies\",\"publisher\":{\"@id\":\"https:\/\/www.prokennex.eu\/de\/#organization\"},\"potentialAction\":[{\"@type\":\"SearchAction\",\"target\":{\"@type\":\"EntryPoint\",\"urlTemplate\":\"https:\/\/www.prokennex.eu\/de\/?s={search_term_string}\"},\"query-input\":{\"@type\":\"PropertyValueSpecification\",\"valueRequired\":true,\"valueName\":\"search_term_string\"}}],\"inLanguage\":\"de\"},{\"@type\":\"Organization\",\"@id\":\"https:\/\/www.prokennex.eu\/de\/#organization\",\"name\":\"Pro Kennex s.r.l.\",\"url\":\"https:\/\/www.prokennex.eu\/de\/\",\"logo\":{\"@type\":\"ImageObject\",\"inLanguage\":\"de\",\"@id\":\"https:\/\/www.prokennex.eu\/de\/#\/schema\/logo\/image\/\",\"url\":\"https:\/\/www.prokennex.eu\/wp-content\/uploads\/2021\/09\/prokennex-logo.svg\",\"contentUrl\":\"https:\/\/www.prokennex.eu\/wp-content\/uploads\/2021\/09\/prokennex-logo.svg\",\"width\":\"1440\",\"height\":\"1080\",\"caption\":\"Pro Kennex s.r.l.\"},\"image\":{\"@id\":\"https:\/\/www.prokennex.eu\/de\/#\/schema\/logo\/image\/\"}}]}<\/script>\n<!-- \/ Yoast SEO plugin. -->","yoast_head_json":{"title":"Rucksack Tour - ProKennex Racchette e Accessori","robots":{"index":"index","follow":"follow","max-snippet":"max-snippet:-1","max-image-preview":"max-image-preview:large","max-video-preview":"max-video-preview:-1"},"canonical":"https:\/\/www.prokennex.eu\/de\/taschen-und-rucksacke-tennis\/rucksack-tour\/","og_locale":"de_DE","og_type":"article","og_title":"Rucksack Tour - ProKennex Racchette e Accessori","og_description":"Ergonomische Pl\u00fcsch-R\u00fcckseite, drei F\u00e4cher, von denen eines den Schl\u00e4ger mit einer Griffabdeckung aufnimmt, um die Sicherheit beim Transport zu gew\u00e4hrleisten. Gepolstertes Fach f\u00fcr einen Laptop oder ein Tablet, eine Rei\u00dfverschlusstasche f\u00fcr Zubeh\u00f6r und Aufbewahrung sowie 2 Netztaschen f\u00fcr Wasser, Getr\u00e4nke oder ein Ballrohr. An der Unterseite des Rucksacks befindet sich eine Tasche mit einer Bel\u00fcftungs\u00f6ffnung, ideal f\u00fcr Schuhe oder verschwitzte Kleidung.   Ausma\u00dfe: 36 x 44 x 26 cm  Kapazit\u00e4t: 2 Schl\u00e4ger","og_url":"https:\/\/www.prokennex.eu\/de\/taschen-und-rucksacke-tennis\/rucksack-tour\/","og_site_name":"ProKennex Racchette e Accessori","article_modified_time":"2023-10-09T15:19:29+00:00","og_image":[{"width":2000,"height":2000,"url":"https:\/\/www.prokennex.eu\/wp-content\/uploads\/2016\/10\/tour-back-pack.jpg","type":"image\/jpeg"}],"twitter_card":"summary_large_image","schema":{"@context":"https:\/\/schema.org","@graph":[{"@type":"WebPage","@id":"https:\/\/www.prokennex.eu\/de\/taschen-und-rucksacke-tennis\/rucksack-tour\/","url":"https:\/\/www.prokennex.eu\/de\/taschen-und-rucksacke-tennis\/rucksack-tour\/","name":"Rucksack Tour - ProKennex Racchette e Accessori","isPartOf":{"@id":"https:\/\/www.prokennex.eu\/de\/#website"},"primaryImageOfPage":{"@id":"https:\/\/www.prokennex.eu\/de\/taschen-und-rucksacke-tennis\/rucksack-tour\/#primaryimage"},"image":{"@id":"https:\/\/www.prokennex.eu\/de\/taschen-und-rucksacke-tennis\/rucksack-tour\/#primaryimage"},"thumbnailUrl":"https:\/\/www.prokennex.eu\/wp-content\/uploads\/2016\/10\/tour-back-pack.jpg","datePublished":"2023-09-23T11:00:23+00:00","dateModified":"2023-10-09T15:19:29+00:00","breadcrumb":{"@id":"https:\/\/www.prokennex.eu\/de\/taschen-und-rucksacke-tennis\/rucksack-tour\/#breadcrumb"},"inLanguage":"de","potentialAction":[{"@type":"ReadAction","target":["https:\/\/www.prokennex.eu\/de\/taschen-und-rucksacke-tennis\/rucksack-tour\/"]}]},{"@type":"ImageObject","inLanguage":"de","@id":"https:\/\/www.prokennex.eu\/de\/taschen-und-rucksacke-tennis\/rucksack-tour\/#primaryimage","url":"https:\/\/www.prokennex.eu\/wp-content\/uploads\/2016\/10\/tour-back-pack.jpg","contentUrl":"https:\/\/www.prokennex.eu\/wp-content\/uploads\/2016\/10\/tour-back-pack.jpg","width":2000,"height":2000},{"@type":"BreadcrumbList","@id":"https:\/\/www.prokennex.eu\/de\/taschen-und-rucksacke-tennis\/rucksack-tour\/#breadcrumb","itemListElement":[{"@type":"ListItem","position":1,"name":"Shop","item":"https:\/\/www.prokennex.eu\/de\/negozio\/"},{"@type":"ListItem","position":2,"name":"Badminton","item":"https:\/\/www.prokennex.eu\/de\/badminton-de\/"},{"@type":"ListItem","position":3,"name":"XTRAS","item":"https:\/\/www.prokennex.eu\/de\/badminton-de\/xtras-badminton-de\/"},{"@type":"ListItem","position":4,"name":"Taschen und Rucks\u00e4cke","item":"https:\/\/www.prokennex.eu\/de\/badminton-de\/xtras-badminton-de\/taschen-und-rucksackei-badminton\/"},{"@type":"ListItem","position":5,"name":"Rucksack Tour"}]},{"@type":"WebSite","@id":"https:\/\/www.prokennex.eu\/de\/#website","url":"https:\/\/www.prokennex.eu\/de\/","name":"ProKennex Racchette e Accessori","description":"Tomorrow&#039;s Tachnologies","publisher":{"@id":"https:\/\/www.prokennex.eu\/de\/#organization"},"potentialAction":[{"@type":"SearchAction","target":{"@type":"EntryPoint","urlTemplate":"https:\/\/www.prokennex.eu\/de\/?s={search_term_string}"},"query-input":{"@type":"PropertyValueSpecification","valueRequired":true,"valueName":"search_term_string"}}],"inLanguage":"de"},{"@type":"Organization","@id":"https:\/\/www.prokennex.eu\/de\/#organization","name":"Pro Kennex s.r.l.","url":"https:\/\/www.prokennex.eu\/de\/","logo":{"@type":"ImageObject","inLanguage":"de","@id":"https:\/\/www.prokennex.eu\/de\/#\/schema\/logo\/image\/","url":"https:\/\/www.prokennex.eu\/wp-content\/uploads\/2021\/09\/prokennex-logo.svg","contentUrl":"https:\/\/www.prokennex.eu\/wp-content\/uploads\/2021\/09\/prokennex-logo.svg","width":"1440","height":"1080","caption":"Pro Kennex s.r.l."},"image":{"@id":"https:\/\/www.prokennex.eu\/de\/#\/schema\/logo\/image\/"}}]}},"_links":{"self":[{"href":"https:\/\/www.prokennex.eu\/de\/wp-json\/wp\/v2\/product\/1803","targetHints":{"allow":["GET"]}}],"collection":[{"href":"https:\/\/www.prokennex.eu\/de\/wp-json\/wp\/v2\/product"}],"about":[{"href":"https:\/\/www.prokennex.eu\/de\/wp-json\/wp\/v2\/types\/product"}],"replies":[{"embeddable":true,"href":"https:\/\/www.prokennex.eu\/de\/wp-json\/wp\/v2\/comments?post=1803"}],"wp:featuredmedia":[{"embeddable":true,"href":"https:\/\/www.prokennex.eu\/de\/wp-json\/wp\/v2\/media\/12561"}],"wp:attachment":[{"href":"https:\/\/www.prokennex.eu\/de\/wp-json\/wp\/v2\/media?parent=1803"}],"wp:term":[{"taxonomy":"tecnologia","embeddable":true,"href":"https:\/\/www.prokennex.eu\/de\/wp-json\/wp\/v2\/tecnologia?post=1803"},{"taxonomy":"product_brand","embeddable":true,"href":"https:\/\/www.prokennex.eu\/de\/wp-json\/wp\/v2\/product_brand?post=1803"},{"taxonomy":"product_cat","embeddable":true,"href":"https:\/\/www.prokennex.eu\/de\/wp-json\/wp\/v2\/product_cat?post=1803"},{"taxonomy":"product_tag","embeddable":true,"href":"https:\/\/www.prokennex.eu\/de\/wp-json\/wp\/v2\/product_tag?post=1803"}],"curies":[{"name":"wp","href":"https:\/\/api.w.org\/{rel}","templated":true}]}}