{"id":1727,"date":"2016-10-26T18:07:52","date_gmt":"2016-10-26T18:07:52","guid":{"rendered":"https:\/\/www.prokennex.eu\/?post_type=product&#038;p=1727"},"modified":"2025-02-19T12:31:26","modified_gmt":"2025-02-19T11:31:26","slug":"strumpfe-xtreme-triple-effect-packung-mit-2-paaren","status":"publish","type":"product","link":"https:\/\/www.prokennex.eu\/de\/zubehor\/strumpfe-xtreme-triple-effect-packung-mit-2-paaren\/","title":{"rendered":"Str\u00fcmpfe Xtreme Triple Effect (Packung mit 2 Paaren)"},"content":{"rendered":"","protected":false},"excerpt":{"rendered":"<p><span class=\"s2\">Packung mit 2 Paar.<\/span><\/p>\n<p>Die Abwechslung von <strong><span class=\"s9\">technischen und nat\u00fcrlichen<\/span><\/strong><span class=\"s2\"> Fasern in der Zusammensetzung der Socke garantiert <\/span><strong><span class=\"s9\">hohe Leistung<\/span><\/strong><span class=\"s2\"> und <\/span><strong><span class=\"s9\">maximalen Komfort<\/span><\/strong><span class=\"s2\">:<\/span><\/p>\n<ul>\n<li style=\"list-style-type: none;\">\n<ul>\n<li><strong><span class=\"s9\">Containment-Wirkung<\/span><\/strong><span class=\"s2\"> mit eingearbeiteten elastischen Fasern f\u00fcr eine kontinuierliche <\/span><strong><span class=\"s9\">umh\u00fcllende und entspannende Wirkung<\/span><\/strong><span class=\"s2\">;<\/span><\/li>\n<li><strong style=\"color: #555555;\"><span class=\"s9\">Doppelte<\/span><\/strong><span class=\"s2\" style=\"color: #555555;\"> Zehen- und Fersenverst\u00e4rkung, <\/span><strong style=\"color: #555555;\"><span class=\"s9\">um Belastungen abzufedern <\/span><\/strong><span class=\"s2\" style=\"color: #555555;\">und eine l\u00e4ngere Produktlebensdauer zu gew\u00e4hrleisten;<\/span><\/li>\n<li><strong style=\"color: #555555;\"><span class=\"s9\">Maximale Atmungsaktivit\u00e4t<\/span><\/strong><span class=\"s2\" style=\"color: #555555;\"> dank innovativer technischer Materialien, die eine <\/span><strong style=\"color: #555555;\"><span class=\"s9\">thermoregulierende<\/span><\/strong><span class=\"s2\" style=\"color: #555555;\">, <\/span><strong style=\"color: #555555;\"><span class=\"s9\">atmungsaktive<\/span> <span class=\"s9\">und bakteriostatische Wirkung<\/span><\/strong><span class=\"s2\" style=\"color: #555555;\"> garantieren.<\/span><\/li>\n<\/ul>\n<\/li>\n<\/ul>\n","protected":false},"featured_media":7959,"comment_status":"open","ping_status":"closed","template":"","meta":{"_acf_changed":false},"tecnologia":[],"product_brand":[],"product_cat":[1477,2073,1478,1484,1488,1496,1480,1490,1476,1486,1487,1475,1502,1481,1491,1501],"product_tag":[],"class_list":{"0":"post-1727","1":"product","2":"type-product","3":"status-publish","4":"has-post-thumbnail","6":"product_cat-badminton-de","7":"product_cat-kleidungs","8":"product_cat-padel-de","9":"product_cat-pickleball-de","10":"product_cat-squash-de","11":"product_cat-tennis-de","12":"product_cat-xtras-padel-de","13":"product_cat-xtras-squash-de","14":"product_cat-xtras-badminton-de","15":"product_cat-xtras-pickleball-de","16":"product_cat-zubehor-pickleball","17":"product_cat-zubehor-badminton","18":"product_cat-zubehor","19":"product_cat-zbehoer-padel","20":"product_cat-zubehoer-squash","21":"product_cat-xtras-tennis-de","23":"first","24":"instock","25":"taxable","26":"shipping-taxable","27":"purchasable","28":"product-type-variable"},"bundled_by":[],"bundle_stock_status":"instock","bundle_stock_quantity":null,"bundle_virtual":false,"bundle_layout":"","bundle_add_to_cart_form_location":"","bundle_editable_in_cart":false,"bundle_sold_individually_context":"","bundle_item_grouping":"","bundle_min_size":"","bundle_max_size":"","bundle_price":[],"bundled_items":[],"bundle_sell_ids":[],"acf":[],"yoast_head":"<!-- This site is optimized with the Yoast SEO plugin v27.1.1 - https:\/\/yoast.com\/product\/yoast-seo-wordpress\/ -->\n<title>Str\u00fcmpfe Xtreme Triple Effect (Packung mit 2 Paaren) - ProKennex Racchette e Accessori<\/title>\n<meta name=\"robots\" content=\"index, follow, max-snippet:-1, max-image-preview:large, max-video-preview:-1\" \/>\n<link rel=\"canonical\" href=\"https:\/\/www.prokennex.eu\/de\/zubehor\/strumpfe-xtreme-triple-effect-packung-mit-2-paaren\/\" \/>\n<meta property=\"og:locale\" content=\"de_DE\" \/>\n<meta property=\"og:type\" content=\"article\" \/>\n<meta property=\"og:title\" content=\"Str\u00fcmpfe Xtreme Triple Effect (Packung mit 2 Paaren) - ProKennex Racchette e Accessori\" \/>\n<meta property=\"og:description\" content=\"Packung mit 2 Paar.  Die Abwechslung von technischen und nat\u00fcrlichen Fasern in der Zusammensetzung der Socke garantiert hohe Leistung und maximalen Komfort:      Containment-Wirkung mit eingearbeiteten elastischen Fasern f\u00fcr eine kontinuierliche umh\u00fcllende und entspannende Wirkung;  Doppelte Zehen- und Fersenverst\u00e4rkung, um Belastungen abzufedern und eine l\u00e4ngere Produktlebensdauer zu gew\u00e4hrleisten;  Maximale Atmungsaktivit\u00e4t dank innovativer technischer Materialien, die eine thermoregulierende, atmungsaktive und bakteriostatische Wirkung garantieren.\" \/>\n<meta property=\"og:url\" content=\"https:\/\/www.prokennex.eu\/de\/zubehor\/strumpfe-xtreme-triple-effect-packung-mit-2-paaren\/\" \/>\n<meta property=\"og:site_name\" content=\"ProKennex Racchette e Accessori\" \/>\n<meta property=\"article:modified_time\" content=\"2025-02-19T11:31:26+00:00\" \/>\n<meta property=\"og:image\" content=\"https:\/\/www.prokennex.eu\/wp-content\/uploads\/2016\/10\/calze-xtreme-triple-effect-1.jpg\" \/>\n\t<meta property=\"og:image:width\" content=\"2000\" \/>\n\t<meta property=\"og:image:height\" content=\"2000\" \/>\n\t<meta property=\"og:image:type\" content=\"image\/jpeg\" \/>\n<meta name=\"twitter:card\" content=\"summary_large_image\" \/>\n<script type=\"application\/ld+json\" class=\"yoast-schema-graph\">{\"@context\":\"https:\/\/schema.org\",\"@graph\":[{\"@type\":\"WebPage\",\"@id\":\"https:\/\/www.prokennex.eu\/de\/zubehor\/strumpfe-xtreme-triple-effect-packung-mit-2-paaren\/\",\"url\":\"https:\/\/www.prokennex.eu\/de\/zubehor\/strumpfe-xtreme-triple-effect-packung-mit-2-paaren\/\",\"name\":\"Str\u00fcmpfe Xtreme Triple Effect (Packung mit 2 Paaren) - ProKennex Racchette e Accessori\",\"isPartOf\":{\"@id\":\"https:\/\/www.prokennex.eu\/de\/#website\"},\"primaryImageOfPage\":{\"@id\":\"https:\/\/www.prokennex.eu\/de\/zubehor\/strumpfe-xtreme-triple-effect-packung-mit-2-paaren\/#primaryimage\"},\"image\":{\"@id\":\"https:\/\/www.prokennex.eu\/de\/zubehor\/strumpfe-xtreme-triple-effect-packung-mit-2-paaren\/#primaryimage\"},\"thumbnailUrl\":\"https:\/\/www.prokennex.eu\/wp-content\/uploads\/2016\/10\/calze-xtreme-triple-effect-1.jpg\",\"datePublished\":\"2016-10-26T18:07:52+00:00\",\"dateModified\":\"2025-02-19T11:31:26+00:00\",\"breadcrumb\":{\"@id\":\"https:\/\/www.prokennex.eu\/de\/zubehor\/strumpfe-xtreme-triple-effect-packung-mit-2-paaren\/#breadcrumb\"},\"inLanguage\":\"de\",\"potentialAction\":[{\"@type\":\"ReadAction\",\"target\":[\"https:\/\/www.prokennex.eu\/de\/zubehor\/strumpfe-xtreme-triple-effect-packung-mit-2-paaren\/\"]}]},{\"@type\":\"ImageObject\",\"inLanguage\":\"de\",\"@id\":\"https:\/\/www.prokennex.eu\/de\/zubehor\/strumpfe-xtreme-triple-effect-packung-mit-2-paaren\/#primaryimage\",\"url\":\"https:\/\/www.prokennex.eu\/wp-content\/uploads\/2016\/10\/calze-xtreme-triple-effect-1.jpg\",\"contentUrl\":\"https:\/\/www.prokennex.eu\/wp-content\/uploads\/2016\/10\/calze-xtreme-triple-effect-1.jpg\",\"width\":2000,\"height\":2000},{\"@type\":\"BreadcrumbList\",\"@id\":\"https:\/\/www.prokennex.eu\/de\/zubehor\/strumpfe-xtreme-triple-effect-packung-mit-2-paaren\/#breadcrumb\",\"itemListElement\":[{\"@type\":\"ListItem\",\"position\":1,\"name\":\"Shop\",\"item\":\"https:\/\/www.prokennex.eu\/de\/negozio\/\"},{\"@type\":\"ListItem\",\"position\":2,\"name\":\"Badminton\",\"item\":\"https:\/\/www.prokennex.eu\/de\/badminton-de\/\"},{\"@type\":\"ListItem\",\"position\":3,\"name\":\"XTRAS\",\"item\":\"https:\/\/www.prokennex.eu\/de\/badminton-de\/xtras-badminton-de\/\"},{\"@type\":\"ListItem\",\"position\":4,\"name\":\"Zubeh\u00f6r\",\"item\":\"https:\/\/www.prokennex.eu\/de\/badminton-de\/xtras-badminton-de\/zubehor-badminton\/\"},{\"@type\":\"ListItem\",\"position\":5,\"name\":\"Str\u00fcmpfe Xtreme Triple Effect (Packung mit 2 Paaren)\"}]},{\"@type\":\"WebSite\",\"@id\":\"https:\/\/www.prokennex.eu\/de\/#website\",\"url\":\"https:\/\/www.prokennex.eu\/de\/\",\"name\":\"ProKennex Racchette e Accessori\",\"description\":\"Tomorrow&#039;s Tachnologies\",\"publisher\":{\"@id\":\"https:\/\/www.prokennex.eu\/de\/#organization\"},\"potentialAction\":[{\"@type\":\"SearchAction\",\"target\":{\"@type\":\"EntryPoint\",\"urlTemplate\":\"https:\/\/www.prokennex.eu\/de\/?s={search_term_string}\"},\"query-input\":{\"@type\":\"PropertyValueSpecification\",\"valueRequired\":true,\"valueName\":\"search_term_string\"}}],\"inLanguage\":\"de\"},{\"@type\":\"Organization\",\"@id\":\"https:\/\/www.prokennex.eu\/de\/#organization\",\"name\":\"Pro Kennex s.r.l.\",\"url\":\"https:\/\/www.prokennex.eu\/de\/\",\"logo\":{\"@type\":\"ImageObject\",\"inLanguage\":\"de\",\"@id\":\"https:\/\/www.prokennex.eu\/de\/#\/schema\/logo\/image\/\",\"url\":\"https:\/\/www.prokennex.eu\/wp-content\/uploads\/2021\/09\/prokennex-logo.svg\",\"contentUrl\":\"https:\/\/www.prokennex.eu\/wp-content\/uploads\/2021\/09\/prokennex-logo.svg\",\"width\":\"1440\",\"height\":\"1080\",\"caption\":\"Pro Kennex s.r.l.\"},\"image\":{\"@id\":\"https:\/\/www.prokennex.eu\/de\/#\/schema\/logo\/image\/\"}}]}<\/script>\n<!-- \/ Yoast SEO plugin. -->","yoast_head_json":{"title":"Str\u00fcmpfe Xtreme Triple Effect (Packung mit 2 Paaren) - ProKennex Racchette e Accessori","robots":{"index":"index","follow":"follow","max-snippet":"max-snippet:-1","max-image-preview":"max-image-preview:large","max-video-preview":"max-video-preview:-1"},"canonical":"https:\/\/www.prokennex.eu\/de\/zubehor\/strumpfe-xtreme-triple-effect-packung-mit-2-paaren\/","og_locale":"de_DE","og_type":"article","og_title":"Str\u00fcmpfe Xtreme Triple Effect (Packung mit 2 Paaren) - ProKennex Racchette e Accessori","og_description":"Packung mit 2 Paar.  Die Abwechslung von technischen und nat\u00fcrlichen Fasern in der Zusammensetzung der Socke garantiert hohe Leistung und maximalen Komfort:      Containment-Wirkung mit eingearbeiteten elastischen Fasern f\u00fcr eine kontinuierliche umh\u00fcllende und entspannende Wirkung;  Doppelte Zehen- und Fersenverst\u00e4rkung, um Belastungen abzufedern und eine l\u00e4ngere Produktlebensdauer zu gew\u00e4hrleisten;  Maximale Atmungsaktivit\u00e4t dank innovativer technischer Materialien, die eine thermoregulierende, atmungsaktive und bakteriostatische Wirkung garantieren.","og_url":"https:\/\/www.prokennex.eu\/de\/zubehor\/strumpfe-xtreme-triple-effect-packung-mit-2-paaren\/","og_site_name":"ProKennex Racchette e Accessori","article_modified_time":"2025-02-19T11:31:26+00:00","og_image":[{"width":2000,"height":2000,"url":"https:\/\/www.prokennex.eu\/wp-content\/uploads\/2016\/10\/calze-xtreme-triple-effect-1.jpg","type":"image\/jpeg"}],"twitter_card":"summary_large_image","schema":{"@context":"https:\/\/schema.org","@graph":[{"@type":"WebPage","@id":"https:\/\/www.prokennex.eu\/de\/zubehor\/strumpfe-xtreme-triple-effect-packung-mit-2-paaren\/","url":"https:\/\/www.prokennex.eu\/de\/zubehor\/strumpfe-xtreme-triple-effect-packung-mit-2-paaren\/","name":"Str\u00fcmpfe Xtreme Triple Effect (Packung mit 2 Paaren) - ProKennex Racchette e Accessori","isPartOf":{"@id":"https:\/\/www.prokennex.eu\/de\/#website"},"primaryImageOfPage":{"@id":"https:\/\/www.prokennex.eu\/de\/zubehor\/strumpfe-xtreme-triple-effect-packung-mit-2-paaren\/#primaryimage"},"image":{"@id":"https:\/\/www.prokennex.eu\/de\/zubehor\/strumpfe-xtreme-triple-effect-packung-mit-2-paaren\/#primaryimage"},"thumbnailUrl":"https:\/\/www.prokennex.eu\/wp-content\/uploads\/2016\/10\/calze-xtreme-triple-effect-1.jpg","datePublished":"2016-10-26T18:07:52+00:00","dateModified":"2025-02-19T11:31:26+00:00","breadcrumb":{"@id":"https:\/\/www.prokennex.eu\/de\/zubehor\/strumpfe-xtreme-triple-effect-packung-mit-2-paaren\/#breadcrumb"},"inLanguage":"de","potentialAction":[{"@type":"ReadAction","target":["https:\/\/www.prokennex.eu\/de\/zubehor\/strumpfe-xtreme-triple-effect-packung-mit-2-paaren\/"]}]},{"@type":"ImageObject","inLanguage":"de","@id":"https:\/\/www.prokennex.eu\/de\/zubehor\/strumpfe-xtreme-triple-effect-packung-mit-2-paaren\/#primaryimage","url":"https:\/\/www.prokennex.eu\/wp-content\/uploads\/2016\/10\/calze-xtreme-triple-effect-1.jpg","contentUrl":"https:\/\/www.prokennex.eu\/wp-content\/uploads\/2016\/10\/calze-xtreme-triple-effect-1.jpg","width":2000,"height":2000},{"@type":"BreadcrumbList","@id":"https:\/\/www.prokennex.eu\/de\/zubehor\/strumpfe-xtreme-triple-effect-packung-mit-2-paaren\/#breadcrumb","itemListElement":[{"@type":"ListItem","position":1,"name":"Shop","item":"https:\/\/www.prokennex.eu\/de\/negozio\/"},{"@type":"ListItem","position":2,"name":"Badminton","item":"https:\/\/www.prokennex.eu\/de\/badminton-de\/"},{"@type":"ListItem","position":3,"name":"XTRAS","item":"https:\/\/www.prokennex.eu\/de\/badminton-de\/xtras-badminton-de\/"},{"@type":"ListItem","position":4,"name":"Zubeh\u00f6r","item":"https:\/\/www.prokennex.eu\/de\/badminton-de\/xtras-badminton-de\/zubehor-badminton\/"},{"@type":"ListItem","position":5,"name":"Str\u00fcmpfe Xtreme Triple Effect (Packung mit 2 Paaren)"}]},{"@type":"WebSite","@id":"https:\/\/www.prokennex.eu\/de\/#website","url":"https:\/\/www.prokennex.eu\/de\/","name":"ProKennex Racchette e Accessori","description":"Tomorrow&#039;s Tachnologies","publisher":{"@id":"https:\/\/www.prokennex.eu\/de\/#organization"},"potentialAction":[{"@type":"SearchAction","target":{"@type":"EntryPoint","urlTemplate":"https:\/\/www.prokennex.eu\/de\/?s={search_term_string}"},"query-input":{"@type":"PropertyValueSpecification","valueRequired":true,"valueName":"search_term_string"}}],"inLanguage":"de"},{"@type":"Organization","@id":"https:\/\/www.prokennex.eu\/de\/#organization","name":"Pro Kennex s.r.l.","url":"https:\/\/www.prokennex.eu\/de\/","logo":{"@type":"ImageObject","inLanguage":"de","@id":"https:\/\/www.prokennex.eu\/de\/#\/schema\/logo\/image\/","url":"https:\/\/www.prokennex.eu\/wp-content\/uploads\/2021\/09\/prokennex-logo.svg","contentUrl":"https:\/\/www.prokennex.eu\/wp-content\/uploads\/2021\/09\/prokennex-logo.svg","width":"1440","height":"1080","caption":"Pro Kennex s.r.l."},"image":{"@id":"https:\/\/www.prokennex.eu\/de\/#\/schema\/logo\/image\/"}}]}},"_links":{"self":[{"href":"https:\/\/www.prokennex.eu\/de\/wp-json\/wp\/v2\/product\/1727","targetHints":{"allow":["GET"]}}],"collection":[{"href":"https:\/\/www.prokennex.eu\/de\/wp-json\/wp\/v2\/product"}],"about":[{"href":"https:\/\/www.prokennex.eu\/de\/wp-json\/wp\/v2\/types\/product"}],"replies":[{"embeddable":true,"href":"https:\/\/www.prokennex.eu\/de\/wp-json\/wp\/v2\/comments?post=1727"}],"wp:featuredmedia":[{"embeddable":true,"href":"https:\/\/www.prokennex.eu\/de\/wp-json\/wp\/v2\/media\/7959"}],"wp:attachment":[{"href":"https:\/\/www.prokennex.eu\/de\/wp-json\/wp\/v2\/media?parent=1727"}],"wp:term":[{"taxonomy":"tecnologia","embeddable":true,"href":"https:\/\/www.prokennex.eu\/de\/wp-json\/wp\/v2\/tecnologia?post=1727"},{"taxonomy":"product_brand","embeddable":true,"href":"https:\/\/www.prokennex.eu\/de\/wp-json\/wp\/v2\/product_brand?post=1727"},{"taxonomy":"product_cat","embeddable":true,"href":"https:\/\/www.prokennex.eu\/de\/wp-json\/wp\/v2\/product_cat?post=1727"},{"taxonomy":"product_tag","embeddable":true,"href":"https:\/\/www.prokennex.eu\/de\/wp-json\/wp\/v2\/product_tag?post=1727"}],"curies":[{"name":"wp","href":"https:\/\/api.w.org\/{rel}","templated":true}]}}