{"id":15097,"date":"2025-02-24T09:16:40","date_gmt":"2025-02-24T08:16:40","guid":{"rendered":"https:\/\/www.prokennex.eu\/unkategorisiert\/black-ace-16\/"},"modified":"2025-02-24T09:16:40","modified_gmt":"2025-02-24T08:16:40","slug":"black-ace-16","status":"publish","type":"product","link":"https:\/\/www.prokennex.eu\/de\/schlaeger-pickleball\/black-ace-16\/","title":{"rendered":"Black Ace 16"},"content":{"rendered":"","protected":false},"excerpt":{"rendered":"<p>Die Black Ace 16 repr\u00e4sentiert die perfekte Harmonie zwischen Power und Kontrolle, um in jeder Situation herausragend zu sein.<br \/>\nVom aggressiven Spiel aus der Hinterhand bis hin zu pr\u00e4zisen Schl\u00e4gen in der N\u00e4he der &#8222;Kitchen&#8220;, passt sich die neue Black Ace 16 perfekt jedem Spielstil an und garantiert exzellente Leistung und gro\u00dfen Kontrolle dank des 16-mm-Profils.<br \/>\nDas <strong>Kinetic System<\/strong>, das in der gesamten neuen Black Ace-Serie vorhanden ist, sorgt nicht nur daf\u00fcr, dass das Schl\u00e4gerblatt nach jedem Schlag sofort stabil wird, sondern verhindert auch, dass Vibrationen den Arm erreichen, was eine un\u00fcbertroffene Spielkontinuit\u00e4t garantiert.<br \/>\nDas Schl\u00e4gerblatt, entwickelt und hergestellt mit <strong>Carbon Fire-Technologie<\/strong>, garantiert noch effektivere Rotationen und erm\u00f6glicht es, dein Potenzial optimal auszusch\u00f6pfen, um deine Gegner zu dominieren.<\/p>\n<p>Kostenlose Schl\u00e4gerscheide.<\/p>\n","protected":false},"featured_media":14789,"comment_status":"open","ping_status":"closed","template":"","meta":{"_acf_changed":false},"tecnologia":[2123,1328,2156],"product_brand":[],"product_cat":[1484,1485],"product_tag":[2056,2161],"class_list":{"0":"post-15097","1":"product","2":"type-product","3":"status-publish","4":"has-post-thumbnail","6":"tecnologia-carbon-fire-de","7":"tecnologia-kinetic-system-de","8":"tecnologia-racquet-sense-de","9":"product_cat-pickleball-de","10":"product_cat-schlaeger-pickleball","11":"product_tag-ace-station-de","12":"product_tag-black-ace-pickleball-de","14":"first","15":"instock","16":"taxable","17":"shipping-taxable","18":"purchasable","19":"product-type-simple"},"bundled_by":[],"bundle_stock_status":"instock","bundle_stock_quantity":10,"bundle_virtual":false,"bundle_layout":"","bundle_add_to_cart_form_location":"","bundle_editable_in_cart":false,"bundle_sold_individually_context":"","bundle_item_grouping":"","bundle_min_size":"","bundle_max_size":"","bundle_price":[],"bundled_items":[],"bundle_sell_ids":[],"acf":[],"yoast_head":"<!-- This site is optimized with the Yoast SEO plugin v27.4 - https:\/\/yoast.com\/product\/yoast-seo-wordpress\/ -->\n<title>Black Ace 16 - ProKennex Racchette e Accessori<\/title>\n<meta name=\"robots\" content=\"index, follow, max-snippet:-1, max-image-preview:large, max-video-preview:-1\" \/>\n<link rel=\"canonical\" href=\"https:\/\/www.prokennex.eu\/de\/schlaeger-pickleball\/black-ace-16\/\" \/>\n<meta property=\"og:locale\" content=\"de_DE\" \/>\n<meta property=\"og:type\" content=\"article\" \/>\n<meta property=\"og:title\" content=\"Black Ace 16 - ProKennex Racchette e Accessori\" \/>\n<meta property=\"og:description\" content=\"Die Black Ace 16 repr\u00e4sentiert die perfekte Harmonie zwischen Power und Kontrolle, um in jeder Situation herausragend zu sein. Vom aggressiven Spiel aus der Hinterhand bis hin zu pr\u00e4zisen Schl\u00e4gen in der N\u00e4he der &quot;Kitchen&quot;, passt sich die neue Black Ace 16 perfekt jedem Spielstil an und garantiert exzellente Leistung und gro\u00dfen Kontrolle dank des 16-mm-Profils. Das Kinetic System, das in der gesamten neuen Black Ace-Serie vorhanden ist, sorgt nicht nur daf\u00fcr, dass das Schl\u00e4gerblatt nach jedem Schlag sofort stabil wird, sondern verhindert auch, dass Vibrationen den Arm erreichen, was eine un\u00fcbertroffene Spielkontinuit\u00e4t garantiert. Das Schl\u00e4gerblatt, entwickelt und hergestellt mit Carbon Fire-Technologie, garantiert noch effektivere Rotationen und erm\u00f6glicht es, dein Potenzial optimal auszusch\u00f6pfen, um deine Gegner zu dominieren.  Kostenlose Schl\u00e4gerscheide.\" \/>\n<meta property=\"og:url\" content=\"https:\/\/www.prokennex.eu\/de\/schlaeger-pickleball\/black-ace-16\/\" \/>\n<meta property=\"og:site_name\" content=\"ProKennex Racchette e Accessori\" \/>\n<meta property=\"og:image\" content=\"https:\/\/www.prokennex.eu\/wp-content\/uploads\/2025\/02\/black-ace-16-1.jpg\" \/>\n\t<meta property=\"og:image:width\" content=\"2000\" \/>\n\t<meta property=\"og:image:height\" content=\"2000\" \/>\n\t<meta property=\"og:image:type\" content=\"image\/jpeg\" \/>\n<meta name=\"twitter:card\" content=\"summary_large_image\" \/>\n<script type=\"application\/ld+json\" class=\"yoast-schema-graph\">{\"@context\":\"https:\\\/\\\/schema.org\",\"@graph\":[{\"@type\":\"WebPage\",\"@id\":\"https:\\\/\\\/www.prokennex.eu\\\/de\\\/schlaeger-pickleball\\\/black-ace-16\\\/\",\"url\":\"https:\\\/\\\/www.prokennex.eu\\\/de\\\/schlaeger-pickleball\\\/black-ace-16\\\/\",\"name\":\"Black Ace 16 - ProKennex Racchette e Accessori\",\"isPartOf\":{\"@id\":\"https:\\\/\\\/www.prokennex.eu\\\/de\\\/#website\"},\"primaryImageOfPage\":{\"@id\":\"https:\\\/\\\/www.prokennex.eu\\\/de\\\/schlaeger-pickleball\\\/black-ace-16\\\/#primaryimage\"},\"image\":{\"@id\":\"https:\\\/\\\/www.prokennex.eu\\\/de\\\/schlaeger-pickleball\\\/black-ace-16\\\/#primaryimage\"},\"thumbnailUrl\":\"https:\\\/\\\/www.prokennex.eu\\\/wp-content\\\/uploads\\\/2025\\\/02\\\/black-ace-16-1.jpg\",\"datePublished\":\"2025-02-24T08:16:40+00:00\",\"breadcrumb\":{\"@id\":\"https:\\\/\\\/www.prokennex.eu\\\/de\\\/schlaeger-pickleball\\\/black-ace-16\\\/#breadcrumb\"},\"inLanguage\":\"de\",\"potentialAction\":[{\"@type\":\"ReadAction\",\"target\":[\"https:\\\/\\\/www.prokennex.eu\\\/de\\\/schlaeger-pickleball\\\/black-ace-16\\\/\"]}]},{\"@type\":\"ImageObject\",\"inLanguage\":\"de\",\"@id\":\"https:\\\/\\\/www.prokennex.eu\\\/de\\\/schlaeger-pickleball\\\/black-ace-16\\\/#primaryimage\",\"url\":\"https:\\\/\\\/www.prokennex.eu\\\/wp-content\\\/uploads\\\/2025\\\/02\\\/black-ace-16-1.jpg\",\"contentUrl\":\"https:\\\/\\\/www.prokennex.eu\\\/wp-content\\\/uploads\\\/2025\\\/02\\\/black-ace-16-1.jpg\",\"width\":2000,\"height\":2000},{\"@type\":\"BreadcrumbList\",\"@id\":\"https:\\\/\\\/www.prokennex.eu\\\/de\\\/schlaeger-pickleball\\\/black-ace-16\\\/#breadcrumb\",\"itemListElement\":[{\"@type\":\"ListItem\",\"position\":1,\"name\":\"Shop\",\"item\":\"https:\\\/\\\/www.prokennex.eu\\\/de\\\/negozio\\\/\"},{\"@type\":\"ListItem\",\"position\":2,\"name\":\"Pickleball\",\"item\":\"https:\\\/\\\/www.prokennex.eu\\\/de\\\/pickleball-de\\\/\"},{\"@type\":\"ListItem\",\"position\":3,\"name\":\"Schl\u00e4ger\",\"item\":\"https:\\\/\\\/www.prokennex.eu\\\/de\\\/pickleball-de\\\/schlaeger-pickleball\\\/\"},{\"@type\":\"ListItem\",\"position\":4,\"name\":\"Black Ace 16\"}]},{\"@type\":\"WebSite\",\"@id\":\"https:\\\/\\\/www.prokennex.eu\\\/de\\\/#website\",\"url\":\"https:\\\/\\\/www.prokennex.eu\\\/de\\\/\",\"name\":\"ProKennex Racchette e Accessori\",\"description\":\"Tomorrow&#039;s Tachnologies\",\"publisher\":{\"@id\":\"https:\\\/\\\/www.prokennex.eu\\\/de\\\/#organization\"},\"potentialAction\":[{\"@type\":\"SearchAction\",\"target\":{\"@type\":\"EntryPoint\",\"urlTemplate\":\"https:\\\/\\\/www.prokennex.eu\\\/de\\\/?s={search_term_string}\"},\"query-input\":{\"@type\":\"PropertyValueSpecification\",\"valueRequired\":true,\"valueName\":\"search_term_string\"}}],\"inLanguage\":\"de\"},{\"@type\":\"Organization\",\"@id\":\"https:\\\/\\\/www.prokennex.eu\\\/de\\\/#organization\",\"name\":\"Pro Kennex s.r.l.\",\"url\":\"https:\\\/\\\/www.prokennex.eu\\\/de\\\/\",\"logo\":{\"@type\":\"ImageObject\",\"inLanguage\":\"de\",\"@id\":\"https:\\\/\\\/www.prokennex.eu\\\/de\\\/#\\\/schema\\\/logo\\\/image\\\/\",\"url\":\"https:\\\/\\\/www.prokennex.eu\\\/wp-content\\\/uploads\\\/2021\\\/09\\\/prokennex-logo.svg\",\"contentUrl\":\"https:\\\/\\\/www.prokennex.eu\\\/wp-content\\\/uploads\\\/2021\\\/09\\\/prokennex-logo.svg\",\"width\":\"1440\",\"height\":\"1080\",\"caption\":\"Pro Kennex s.r.l.\"},\"image\":{\"@id\":\"https:\\\/\\\/www.prokennex.eu\\\/de\\\/#\\\/schema\\\/logo\\\/image\\\/\"}}]}<\/script>\n<!-- \/ Yoast SEO plugin. -->","yoast_head_json":{"title":"Black Ace 16 - ProKennex Racchette e Accessori","robots":{"index":"index","follow":"follow","max-snippet":"max-snippet:-1","max-image-preview":"max-image-preview:large","max-video-preview":"max-video-preview:-1"},"canonical":"https:\/\/www.prokennex.eu\/de\/schlaeger-pickleball\/black-ace-16\/","og_locale":"de_DE","og_type":"article","og_title":"Black Ace 16 - ProKennex Racchette e Accessori","og_description":"Die Black Ace 16 repr\u00e4sentiert die perfekte Harmonie zwischen Power und Kontrolle, um in jeder Situation herausragend zu sein. Vom aggressiven Spiel aus der Hinterhand bis hin zu pr\u00e4zisen Schl\u00e4gen in der N\u00e4he der \"Kitchen\", passt sich die neue Black Ace 16 perfekt jedem Spielstil an und garantiert exzellente Leistung und gro\u00dfen Kontrolle dank des 16-mm-Profils. Das Kinetic System, das in der gesamten neuen Black Ace-Serie vorhanden ist, sorgt nicht nur daf\u00fcr, dass das Schl\u00e4gerblatt nach jedem Schlag sofort stabil wird, sondern verhindert auch, dass Vibrationen den Arm erreichen, was eine un\u00fcbertroffene Spielkontinuit\u00e4t garantiert. Das Schl\u00e4gerblatt, entwickelt und hergestellt mit Carbon Fire-Technologie, garantiert noch effektivere Rotationen und erm\u00f6glicht es, dein Potenzial optimal auszusch\u00f6pfen, um deine Gegner zu dominieren.  Kostenlose Schl\u00e4gerscheide.","og_url":"https:\/\/www.prokennex.eu\/de\/schlaeger-pickleball\/black-ace-16\/","og_site_name":"ProKennex Racchette e Accessori","og_image":[{"width":2000,"height":2000,"url":"https:\/\/www.prokennex.eu\/wp-content\/uploads\/2025\/02\/black-ace-16-1.jpg","type":"image\/jpeg"}],"twitter_card":"summary_large_image","schema":{"@context":"https:\/\/schema.org","@graph":[{"@type":"WebPage","@id":"https:\/\/www.prokennex.eu\/de\/schlaeger-pickleball\/black-ace-16\/","url":"https:\/\/www.prokennex.eu\/de\/schlaeger-pickleball\/black-ace-16\/","name":"Black Ace 16 - ProKennex Racchette e Accessori","isPartOf":{"@id":"https:\/\/www.prokennex.eu\/de\/#website"},"primaryImageOfPage":{"@id":"https:\/\/www.prokennex.eu\/de\/schlaeger-pickleball\/black-ace-16\/#primaryimage"},"image":{"@id":"https:\/\/www.prokennex.eu\/de\/schlaeger-pickleball\/black-ace-16\/#primaryimage"},"thumbnailUrl":"https:\/\/www.prokennex.eu\/wp-content\/uploads\/2025\/02\/black-ace-16-1.jpg","datePublished":"2025-02-24T08:16:40+00:00","breadcrumb":{"@id":"https:\/\/www.prokennex.eu\/de\/schlaeger-pickleball\/black-ace-16\/#breadcrumb"},"inLanguage":"de","potentialAction":[{"@type":"ReadAction","target":["https:\/\/www.prokennex.eu\/de\/schlaeger-pickleball\/black-ace-16\/"]}]},{"@type":"ImageObject","inLanguage":"de","@id":"https:\/\/www.prokennex.eu\/de\/schlaeger-pickleball\/black-ace-16\/#primaryimage","url":"https:\/\/www.prokennex.eu\/wp-content\/uploads\/2025\/02\/black-ace-16-1.jpg","contentUrl":"https:\/\/www.prokennex.eu\/wp-content\/uploads\/2025\/02\/black-ace-16-1.jpg","width":2000,"height":2000},{"@type":"BreadcrumbList","@id":"https:\/\/www.prokennex.eu\/de\/schlaeger-pickleball\/black-ace-16\/#breadcrumb","itemListElement":[{"@type":"ListItem","position":1,"name":"Shop","item":"https:\/\/www.prokennex.eu\/de\/negozio\/"},{"@type":"ListItem","position":2,"name":"Pickleball","item":"https:\/\/www.prokennex.eu\/de\/pickleball-de\/"},{"@type":"ListItem","position":3,"name":"Schl\u00e4ger","item":"https:\/\/www.prokennex.eu\/de\/pickleball-de\/schlaeger-pickleball\/"},{"@type":"ListItem","position":4,"name":"Black Ace 16"}]},{"@type":"WebSite","@id":"https:\/\/www.prokennex.eu\/de\/#website","url":"https:\/\/www.prokennex.eu\/de\/","name":"ProKennex Racchette e Accessori","description":"Tomorrow&#039;s Tachnologies","publisher":{"@id":"https:\/\/www.prokennex.eu\/de\/#organization"},"potentialAction":[{"@type":"SearchAction","target":{"@type":"EntryPoint","urlTemplate":"https:\/\/www.prokennex.eu\/de\/?s={search_term_string}"},"query-input":{"@type":"PropertyValueSpecification","valueRequired":true,"valueName":"search_term_string"}}],"inLanguage":"de"},{"@type":"Organization","@id":"https:\/\/www.prokennex.eu\/de\/#organization","name":"Pro Kennex s.r.l.","url":"https:\/\/www.prokennex.eu\/de\/","logo":{"@type":"ImageObject","inLanguage":"de","@id":"https:\/\/www.prokennex.eu\/de\/#\/schema\/logo\/image\/","url":"https:\/\/www.prokennex.eu\/wp-content\/uploads\/2021\/09\/prokennex-logo.svg","contentUrl":"https:\/\/www.prokennex.eu\/wp-content\/uploads\/2021\/09\/prokennex-logo.svg","width":"1440","height":"1080","caption":"Pro Kennex s.r.l."},"image":{"@id":"https:\/\/www.prokennex.eu\/de\/#\/schema\/logo\/image\/"}}]}},"_links":{"self":[{"href":"https:\/\/www.prokennex.eu\/de\/wp-json\/wp\/v2\/product\/15097","targetHints":{"allow":["GET"]}}],"collection":[{"href":"https:\/\/www.prokennex.eu\/de\/wp-json\/wp\/v2\/product"}],"about":[{"href":"https:\/\/www.prokennex.eu\/de\/wp-json\/wp\/v2\/types\/product"}],"replies":[{"embeddable":true,"href":"https:\/\/www.prokennex.eu\/de\/wp-json\/wp\/v2\/comments?post=15097"}],"wp:featuredmedia":[{"embeddable":true,"href":"https:\/\/www.prokennex.eu\/de\/wp-json\/wp\/v2\/media\/14789"}],"wp:attachment":[{"href":"https:\/\/www.prokennex.eu\/de\/wp-json\/wp\/v2\/media?parent=15097"}],"wp:term":[{"taxonomy":"tecnologia","embeddable":true,"href":"https:\/\/www.prokennex.eu\/de\/wp-json\/wp\/v2\/tecnologia?post=15097"},{"taxonomy":"product_brand","embeddable":true,"href":"https:\/\/www.prokennex.eu\/de\/wp-json\/wp\/v2\/product_brand?post=15097"},{"taxonomy":"product_cat","embeddable":true,"href":"https:\/\/www.prokennex.eu\/de\/wp-json\/wp\/v2\/product_cat?post=15097"},{"taxonomy":"product_tag","embeddable":true,"href":"https:\/\/www.prokennex.eu\/de\/wp-json\/wp\/v2\/product_tag?post=15097"}],"curies":[{"name":"wp","href":"https:\/\/api.w.org\/{rel}","templated":true}]}}