{"id":14535,"date":"2025-01-28T13:39:30","date_gmt":"2025-01-28T12:39:30","guid":{"rendered":"https:\/\/www.prokennex.eu\/unkategorisiert\/dark-wire-6-set\/"},"modified":"2025-01-31T08:32:21","modified_gmt":"2025-01-31T07:32:21","slug":"dark-wire-6-set","status":"publish","type":"product","link":"https:\/\/www.prokennex.eu\/de\/monofaser-saite\/dark-wire-6-set\/","title":{"rendered":"Dark wire 6 Set"},"content":{"rendered":"","protected":false},"excerpt":{"rendered":"<p lang=\"de-DE\">Sechskantprofilseil mit au\u00dfergew\u00f6hnlichen Eigenschaften f\u00fcr Haltbarkeit und konstante Spannungserhaltung. Entworfen und hergestellt f\u00fcr Racquet Sense, verleiht es dem Platz mehr Kraft, Kontrolle und Spin, kombiniert mit einem weichen Ballgef\u00fchl.<\/p>\n<p lang=\"de-DE\">Auch in 200m-Strang erh\u00e4ltlich.<\/p>\n","protected":false},"featured_media":14526,"comment_status":"open","ping_status":"closed","template":"","meta":{"_acf_changed":false},"tecnologia":[],"product_brand":[],"product_cat":[1504,1496,1501],"product_tag":[2056],"class_list":{"0":"post-14535","1":"product","2":"type-product","3":"status-publish","4":"has-post-thumbnail","6":"product_cat-monofaser-saite","7":"product_cat-tennis-de","8":"product_cat-xtras-tennis-de","9":"product_tag-ace-station-de","11":"first","12":"instock","13":"taxable","14":"shipping-taxable","15":"purchasable","16":"product-type-simple"},"bundled_by":[],"bundle_stock_status":"instock","bundle_stock_quantity":8,"bundle_virtual":false,"bundle_layout":"","bundle_add_to_cart_form_location":"","bundle_editable_in_cart":false,"bundle_sold_individually_context":"","bundle_item_grouping":"","bundle_min_size":"","bundle_max_size":"","bundle_price":[],"bundled_items":[],"bundle_sell_ids":[],"acf":[],"yoast_head":"<!-- This site is optimized with the Yoast SEO plugin v27.1.1 - https:\/\/yoast.com\/product\/yoast-seo-wordpress\/ -->\n<title>Dark wire 6 Set - ProKennex Racchette e Accessori<\/title>\n<meta name=\"robots\" content=\"index, follow, max-snippet:-1, max-image-preview:large, max-video-preview:-1\" \/>\n<link rel=\"canonical\" href=\"https:\/\/www.prokennex.eu\/de\/monofaser-saite\/dark-wire-6-set\/\" \/>\n<meta property=\"og:locale\" content=\"de_DE\" \/>\n<meta property=\"og:type\" content=\"article\" \/>\n<meta property=\"og:title\" content=\"Dark wire 6 Set - ProKennex Racchette e Accessori\" \/>\n<meta property=\"og:description\" content=\"Sechskantprofilseil mit au\u00dfergew\u00f6hnlichen Eigenschaften f\u00fcr Haltbarkeit und konstante Spannungserhaltung. Entworfen und hergestellt f\u00fcr Racquet Sense, verleiht es dem Platz mehr Kraft, Kontrolle und Spin, kombiniert mit einem weichen Ballgef\u00fchl. Auch in 200m-Strang erh\u00e4ltlich.\" \/>\n<meta property=\"og:url\" content=\"https:\/\/www.prokennex.eu\/de\/monofaser-saite\/dark-wire-6-set\/\" \/>\n<meta property=\"og:site_name\" content=\"ProKennex Racchette e Accessori\" \/>\n<meta property=\"article:modified_time\" content=\"2025-01-31T07:32:21+00:00\" \/>\n<meta property=\"og:image\" content=\"https:\/\/www.prokennex.eu\/wp-content\/uploads\/2025\/01\/dark-wire-6-12mt.jpg\" \/>\n\t<meta property=\"og:image:width\" content=\"2000\" \/>\n\t<meta property=\"og:image:height\" content=\"2000\" \/>\n\t<meta property=\"og:image:type\" content=\"image\/jpeg\" \/>\n<meta name=\"twitter:card\" content=\"summary_large_image\" \/>\n<script type=\"application\/ld+json\" class=\"yoast-schema-graph\">{\"@context\":\"https:\/\/schema.org\",\"@graph\":[{\"@type\":\"WebPage\",\"@id\":\"https:\/\/www.prokennex.eu\/de\/monofaser-saite\/dark-wire-6-set\/\",\"url\":\"https:\/\/www.prokennex.eu\/de\/monofaser-saite\/dark-wire-6-set\/\",\"name\":\"Dark wire 6 Set - ProKennex Racchette e Accessori\",\"isPartOf\":{\"@id\":\"https:\/\/www.prokennex.eu\/de\/#website\"},\"primaryImageOfPage\":{\"@id\":\"https:\/\/www.prokennex.eu\/de\/monofaser-saite\/dark-wire-6-set\/#primaryimage\"},\"image\":{\"@id\":\"https:\/\/www.prokennex.eu\/de\/monofaser-saite\/dark-wire-6-set\/#primaryimage\"},\"thumbnailUrl\":\"https:\/\/www.prokennex.eu\/wp-content\/uploads\/2025\/01\/dark-wire-6-12mt.jpg\",\"datePublished\":\"2025-01-28T12:39:30+00:00\",\"dateModified\":\"2025-01-31T07:32:21+00:00\",\"breadcrumb\":{\"@id\":\"https:\/\/www.prokennex.eu\/de\/monofaser-saite\/dark-wire-6-set\/#breadcrumb\"},\"inLanguage\":\"de\",\"potentialAction\":[{\"@type\":\"ReadAction\",\"target\":[\"https:\/\/www.prokennex.eu\/de\/monofaser-saite\/dark-wire-6-set\/\"]}]},{\"@type\":\"ImageObject\",\"inLanguage\":\"de\",\"@id\":\"https:\/\/www.prokennex.eu\/de\/monofaser-saite\/dark-wire-6-set\/#primaryimage\",\"url\":\"https:\/\/www.prokennex.eu\/wp-content\/uploads\/2025\/01\/dark-wire-6-12mt.jpg\",\"contentUrl\":\"https:\/\/www.prokennex.eu\/wp-content\/uploads\/2025\/01\/dark-wire-6-12mt.jpg\",\"width\":2000,\"height\":2000},{\"@type\":\"BreadcrumbList\",\"@id\":\"https:\/\/www.prokennex.eu\/de\/monofaser-saite\/dark-wire-6-set\/#breadcrumb\",\"itemListElement\":[{\"@type\":\"ListItem\",\"position\":1,\"name\":\"Shop\",\"item\":\"https:\/\/www.prokennex.eu\/de\/negozio\/\"},{\"@type\":\"ListItem\",\"position\":2,\"name\":\"Tennis\",\"item\":\"https:\/\/www.prokennex.eu\/de\/tennis-de\/\"},{\"@type\":\"ListItem\",\"position\":3,\"name\":\"XTRAS\",\"item\":\"https:\/\/www.prokennex.eu\/de\/tennis-de\/xtras-tennis-de\/\"},{\"@type\":\"ListItem\",\"position\":4,\"name\":\"Monofaser-Saite\",\"item\":\"https:\/\/www.prokennex.eu\/de\/tennis-de\/xtras-tennis-de\/monofaser-saite\/\"},{\"@type\":\"ListItem\",\"position\":5,\"name\":\"Dark wire 6 Set\"}]},{\"@type\":\"WebSite\",\"@id\":\"https:\/\/www.prokennex.eu\/de\/#website\",\"url\":\"https:\/\/www.prokennex.eu\/de\/\",\"name\":\"ProKennex Racchette e Accessori\",\"description\":\"Tomorrow&#039;s Tachnologies\",\"publisher\":{\"@id\":\"https:\/\/www.prokennex.eu\/de\/#organization\"},\"potentialAction\":[{\"@type\":\"SearchAction\",\"target\":{\"@type\":\"EntryPoint\",\"urlTemplate\":\"https:\/\/www.prokennex.eu\/de\/?s={search_term_string}\"},\"query-input\":{\"@type\":\"PropertyValueSpecification\",\"valueRequired\":true,\"valueName\":\"search_term_string\"}}],\"inLanguage\":\"de\"},{\"@type\":\"Organization\",\"@id\":\"https:\/\/www.prokennex.eu\/de\/#organization\",\"name\":\"Pro Kennex s.r.l.\",\"url\":\"https:\/\/www.prokennex.eu\/de\/\",\"logo\":{\"@type\":\"ImageObject\",\"inLanguage\":\"de\",\"@id\":\"https:\/\/www.prokennex.eu\/de\/#\/schema\/logo\/image\/\",\"url\":\"https:\/\/www.prokennex.eu\/wp-content\/uploads\/2021\/09\/prokennex-logo.svg\",\"contentUrl\":\"https:\/\/www.prokennex.eu\/wp-content\/uploads\/2021\/09\/prokennex-logo.svg\",\"width\":\"1440\",\"height\":\"1080\",\"caption\":\"Pro Kennex s.r.l.\"},\"image\":{\"@id\":\"https:\/\/www.prokennex.eu\/de\/#\/schema\/logo\/image\/\"}}]}<\/script>\n<!-- \/ Yoast SEO plugin. -->","yoast_head_json":{"title":"Dark wire 6 Set - ProKennex Racchette e Accessori","robots":{"index":"index","follow":"follow","max-snippet":"max-snippet:-1","max-image-preview":"max-image-preview:large","max-video-preview":"max-video-preview:-1"},"canonical":"https:\/\/www.prokennex.eu\/de\/monofaser-saite\/dark-wire-6-set\/","og_locale":"de_DE","og_type":"article","og_title":"Dark wire 6 Set - ProKennex Racchette e Accessori","og_description":"Sechskantprofilseil mit au\u00dfergew\u00f6hnlichen Eigenschaften f\u00fcr Haltbarkeit und konstante Spannungserhaltung. Entworfen und hergestellt f\u00fcr Racquet Sense, verleiht es dem Platz mehr Kraft, Kontrolle und Spin, kombiniert mit einem weichen Ballgef\u00fchl. Auch in 200m-Strang erh\u00e4ltlich.","og_url":"https:\/\/www.prokennex.eu\/de\/monofaser-saite\/dark-wire-6-set\/","og_site_name":"ProKennex Racchette e Accessori","article_modified_time":"2025-01-31T07:32:21+00:00","og_image":[{"width":2000,"height":2000,"url":"https:\/\/www.prokennex.eu\/wp-content\/uploads\/2025\/01\/dark-wire-6-12mt.jpg","type":"image\/jpeg"}],"twitter_card":"summary_large_image","schema":{"@context":"https:\/\/schema.org","@graph":[{"@type":"WebPage","@id":"https:\/\/www.prokennex.eu\/de\/monofaser-saite\/dark-wire-6-set\/","url":"https:\/\/www.prokennex.eu\/de\/monofaser-saite\/dark-wire-6-set\/","name":"Dark wire 6 Set - ProKennex Racchette e Accessori","isPartOf":{"@id":"https:\/\/www.prokennex.eu\/de\/#website"},"primaryImageOfPage":{"@id":"https:\/\/www.prokennex.eu\/de\/monofaser-saite\/dark-wire-6-set\/#primaryimage"},"image":{"@id":"https:\/\/www.prokennex.eu\/de\/monofaser-saite\/dark-wire-6-set\/#primaryimage"},"thumbnailUrl":"https:\/\/www.prokennex.eu\/wp-content\/uploads\/2025\/01\/dark-wire-6-12mt.jpg","datePublished":"2025-01-28T12:39:30+00:00","dateModified":"2025-01-31T07:32:21+00:00","breadcrumb":{"@id":"https:\/\/www.prokennex.eu\/de\/monofaser-saite\/dark-wire-6-set\/#breadcrumb"},"inLanguage":"de","potentialAction":[{"@type":"ReadAction","target":["https:\/\/www.prokennex.eu\/de\/monofaser-saite\/dark-wire-6-set\/"]}]},{"@type":"ImageObject","inLanguage":"de","@id":"https:\/\/www.prokennex.eu\/de\/monofaser-saite\/dark-wire-6-set\/#primaryimage","url":"https:\/\/www.prokennex.eu\/wp-content\/uploads\/2025\/01\/dark-wire-6-12mt.jpg","contentUrl":"https:\/\/www.prokennex.eu\/wp-content\/uploads\/2025\/01\/dark-wire-6-12mt.jpg","width":2000,"height":2000},{"@type":"BreadcrumbList","@id":"https:\/\/www.prokennex.eu\/de\/monofaser-saite\/dark-wire-6-set\/#breadcrumb","itemListElement":[{"@type":"ListItem","position":1,"name":"Shop","item":"https:\/\/www.prokennex.eu\/de\/negozio\/"},{"@type":"ListItem","position":2,"name":"Tennis","item":"https:\/\/www.prokennex.eu\/de\/tennis-de\/"},{"@type":"ListItem","position":3,"name":"XTRAS","item":"https:\/\/www.prokennex.eu\/de\/tennis-de\/xtras-tennis-de\/"},{"@type":"ListItem","position":4,"name":"Monofaser-Saite","item":"https:\/\/www.prokennex.eu\/de\/tennis-de\/xtras-tennis-de\/monofaser-saite\/"},{"@type":"ListItem","position":5,"name":"Dark wire 6 Set"}]},{"@type":"WebSite","@id":"https:\/\/www.prokennex.eu\/de\/#website","url":"https:\/\/www.prokennex.eu\/de\/","name":"ProKennex Racchette e Accessori","description":"Tomorrow&#039;s Tachnologies","publisher":{"@id":"https:\/\/www.prokennex.eu\/de\/#organization"},"potentialAction":[{"@type":"SearchAction","target":{"@type":"EntryPoint","urlTemplate":"https:\/\/www.prokennex.eu\/de\/?s={search_term_string}"},"query-input":{"@type":"PropertyValueSpecification","valueRequired":true,"valueName":"search_term_string"}}],"inLanguage":"de"},{"@type":"Organization","@id":"https:\/\/www.prokennex.eu\/de\/#organization","name":"Pro Kennex s.r.l.","url":"https:\/\/www.prokennex.eu\/de\/","logo":{"@type":"ImageObject","inLanguage":"de","@id":"https:\/\/www.prokennex.eu\/de\/#\/schema\/logo\/image\/","url":"https:\/\/www.prokennex.eu\/wp-content\/uploads\/2021\/09\/prokennex-logo.svg","contentUrl":"https:\/\/www.prokennex.eu\/wp-content\/uploads\/2021\/09\/prokennex-logo.svg","width":"1440","height":"1080","caption":"Pro Kennex s.r.l."},"image":{"@id":"https:\/\/www.prokennex.eu\/de\/#\/schema\/logo\/image\/"}}]}},"_links":{"self":[{"href":"https:\/\/www.prokennex.eu\/de\/wp-json\/wp\/v2\/product\/14535","targetHints":{"allow":["GET"]}}],"collection":[{"href":"https:\/\/www.prokennex.eu\/de\/wp-json\/wp\/v2\/product"}],"about":[{"href":"https:\/\/www.prokennex.eu\/de\/wp-json\/wp\/v2\/types\/product"}],"replies":[{"embeddable":true,"href":"https:\/\/www.prokennex.eu\/de\/wp-json\/wp\/v2\/comments?post=14535"}],"wp:featuredmedia":[{"embeddable":true,"href":"https:\/\/www.prokennex.eu\/de\/wp-json\/wp\/v2\/media\/14526"}],"wp:attachment":[{"href":"https:\/\/www.prokennex.eu\/de\/wp-json\/wp\/v2\/media?parent=14535"}],"wp:term":[{"taxonomy":"tecnologia","embeddable":true,"href":"https:\/\/www.prokennex.eu\/de\/wp-json\/wp\/v2\/tecnologia?post=14535"},{"taxonomy":"product_brand","embeddable":true,"href":"https:\/\/www.prokennex.eu\/de\/wp-json\/wp\/v2\/product_brand?post=14535"},{"taxonomy":"product_cat","embeddable":true,"href":"https:\/\/www.prokennex.eu\/de\/wp-json\/wp\/v2\/product_cat?post=14535"},{"taxonomy":"product_tag","embeddable":true,"href":"https:\/\/www.prokennex.eu\/de\/wp-json\/wp\/v2\/product_tag?post=14535"}],"curies":[{"name":"wp","href":"https:\/\/api.w.org\/{rel}","templated":true}]}}