{"id":14519,"date":"2025-01-25T07:10:18","date_gmt":"2025-01-25T06:10:18","guid":{"rendered":"https:\/\/www.prokennex.eu\/?post_type=product&#038;p=14519"},"modified":"2025-02-27T12:49:02","modified_gmt":"2025-02-27T11:49:02","slug":"ace-triple-thermo-bag","status":"publish","type":"product","link":"https:\/\/www.prokennex.eu\/de\/taschen-und-rucksacke-tennis\/ace-triple-thermo-bag\/","title":{"rendered":"ACE Triple Thermo Bag"},"content":{"rendered":"","protected":false},"excerpt":{"rendered":"<p>Exklusives Dreifach-Futteral mit drei F\u00e4chern, eines davon mit Thermoisolierung, entworfen, um bis zu 12 Schl\u00e4ger aufzunehmen. Hochleistungsfunktionalit\u00e4t in einem einzigartigen und exklusiven Ace Station-Design.<br \/>\nAusgestattet mit mehreren Taschen f\u00fcr verschiedenes Zubeh\u00f6r und einem bel\u00fcfteten Fach f\u00fcr Schuhe und Kleidung nach dem Training ist das Ace Station-Dreifach-Futteral die ideale Wahl f\u00fcr anspruchsvolle Spieler, die Wert auf optimale Raumorganisation und Stil legen.<br \/>\nDie ergonomischen, gepolsterten Schultergurte sind vollst\u00e4ndig abnehmbar und verstellbar, um verschiedene Trageoptionen und vielseitigen Einsatz zu erm\u00f6glichen.<\/p>\n<ul>\n<li>Ma\u00dfe: 79 x 33 x 35 cm<\/li>\n<li>Kapazit\u00e4t: 12 Schl\u00e4ger<\/li>\n<\/ul>\n","protected":false},"featured_media":14354,"comment_status":"open","ping_status":"closed","template":"","meta":{"_acf_changed":false},"tecnologia":[2060],"product_brand":[],"product_cat":[1474,1492,1503],"product_tag":[2056],"class_list":{"0":"post-14519","1":"product","2":"type-product","3":"status-publish","4":"has-post-thumbnail","6":"tecnologia-thermotech-de","7":"product_cat-taschen-und-rucksackei-badminton","8":"product_cat-taschen-und-rucksacke-squash","9":"product_cat-taschen-und-rucksacke-tennis","10":"product_tag-ace-station-de","12":"first","13":"instock","14":"taxable","15":"shipping-taxable","16":"purchasable","17":"product-type-simple"},"bundled_by":[],"bundle_stock_status":"instock","bundle_stock_quantity":10,"bundle_virtual":false,"bundle_layout":"","bundle_add_to_cart_form_location":"","bundle_editable_in_cart":false,"bundle_sold_individually_context":"","bundle_item_grouping":"","bundle_min_size":"","bundle_max_size":"","bundle_price":[],"bundled_items":[],"bundle_sell_ids":[],"acf":[],"yoast_head":"<!-- This site is optimized with the Yoast SEO plugin v27.1.1 - https:\/\/yoast.com\/product\/yoast-seo-wordpress\/ -->\n<title>ACE Triple Thermo Bag - ProKennex Racchette e Accessori<\/title>\n<meta name=\"description\" content=\"Dreifach-Futteral mit mehreren Taschen f\u00fcr verschiedenes Zubeh\u00f6r und einem bel\u00fcfteten Fach f\u00fcr Schuhe und Kleidung nach dem Training\" \/>\n<meta name=\"robots\" content=\"index, follow, max-snippet:-1, max-image-preview:large, max-video-preview:-1\" \/>\n<link rel=\"canonical\" href=\"https:\/\/www.prokennex.eu\/de\/taschen-und-rucksacke-tennis\/ace-triple-thermo-bag\/\" \/>\n<meta property=\"og:locale\" content=\"de_DE\" \/>\n<meta property=\"og:type\" content=\"article\" \/>\n<meta property=\"og:title\" content=\"ACE Triple Thermo Bag - ProKennex Racchette e Accessori\" \/>\n<meta property=\"og:description\" content=\"Dreifach-Futteral mit mehreren Taschen f\u00fcr verschiedenes Zubeh\u00f6r und einem bel\u00fcfteten Fach f\u00fcr Schuhe und Kleidung nach dem Training\" \/>\n<meta property=\"og:url\" content=\"https:\/\/www.prokennex.eu\/de\/taschen-und-rucksacke-tennis\/ace-triple-thermo-bag\/\" \/>\n<meta property=\"og:site_name\" content=\"ProKennex Racchette e Accessori\" \/>\n<meta property=\"article:modified_time\" content=\"2025-02-27T11:49:02+00:00\" \/>\n<meta property=\"og:image\" content=\"https:\/\/www.prokennex.eu\/wp-content\/uploads\/2025\/01\/ace-triple-thermo-bag-1.jpg\" \/>\n\t<meta property=\"og:image:width\" content=\"2000\" \/>\n\t<meta property=\"og:image:height\" content=\"2000\" \/>\n\t<meta property=\"og:image:type\" content=\"image\/jpeg\" \/>\n<meta name=\"twitter:card\" content=\"summary_large_image\" \/>\n<script type=\"application\/ld+json\" class=\"yoast-schema-graph\">{\"@context\":\"https:\/\/schema.org\",\"@graph\":[{\"@type\":\"WebPage\",\"@id\":\"https:\/\/www.prokennex.eu\/de\/taschen-und-rucksacke-tennis\/ace-triple-thermo-bag\/\",\"url\":\"https:\/\/www.prokennex.eu\/de\/taschen-und-rucksacke-tennis\/ace-triple-thermo-bag\/\",\"name\":\"ACE Triple Thermo Bag - ProKennex Racchette e Accessori\",\"isPartOf\":{\"@id\":\"https:\/\/www.prokennex.eu\/de\/#website\"},\"primaryImageOfPage\":{\"@id\":\"https:\/\/www.prokennex.eu\/de\/taschen-und-rucksacke-tennis\/ace-triple-thermo-bag\/#primaryimage\"},\"image\":{\"@id\":\"https:\/\/www.prokennex.eu\/de\/taschen-und-rucksacke-tennis\/ace-triple-thermo-bag\/#primaryimage\"},\"thumbnailUrl\":\"https:\/\/www.prokennex.eu\/wp-content\/uploads\/2025\/01\/ace-triple-thermo-bag-1.jpg\",\"datePublished\":\"2025-01-25T06:10:18+00:00\",\"dateModified\":\"2025-02-27T11:49:02+00:00\",\"description\":\"Dreifach-Futteral mit mehreren Taschen f\u00fcr verschiedenes Zubeh\u00f6r und einem bel\u00fcfteten Fach f\u00fcr Schuhe und Kleidung nach dem Training\",\"breadcrumb\":{\"@id\":\"https:\/\/www.prokennex.eu\/de\/taschen-und-rucksacke-tennis\/ace-triple-thermo-bag\/#breadcrumb\"},\"inLanguage\":\"de\",\"potentialAction\":[{\"@type\":\"ReadAction\",\"target\":[\"https:\/\/www.prokennex.eu\/de\/taschen-und-rucksacke-tennis\/ace-triple-thermo-bag\/\"]}]},{\"@type\":\"ImageObject\",\"inLanguage\":\"de\",\"@id\":\"https:\/\/www.prokennex.eu\/de\/taschen-und-rucksacke-tennis\/ace-triple-thermo-bag\/#primaryimage\",\"url\":\"https:\/\/www.prokennex.eu\/wp-content\/uploads\/2025\/01\/ace-triple-thermo-bag-1.jpg\",\"contentUrl\":\"https:\/\/www.prokennex.eu\/wp-content\/uploads\/2025\/01\/ace-triple-thermo-bag-1.jpg\",\"width\":2000,\"height\":2000},{\"@type\":\"BreadcrumbList\",\"@id\":\"https:\/\/www.prokennex.eu\/de\/taschen-und-rucksacke-tennis\/ace-triple-thermo-bag\/#breadcrumb\",\"itemListElement\":[{\"@type\":\"ListItem\",\"position\":1,\"name\":\"Shop\",\"item\":\"https:\/\/www.prokennex.eu\/de\/negozio\/\"},{\"@type\":\"ListItem\",\"position\":2,\"name\":\"Badminton\",\"item\":\"https:\/\/www.prokennex.eu\/de\/badminton-de\/\"},{\"@type\":\"ListItem\",\"position\":3,\"name\":\"XTRAS\",\"item\":\"https:\/\/www.prokennex.eu\/de\/badminton-de\/xtras-badminton-de\/\"},{\"@type\":\"ListItem\",\"position\":4,\"name\":\"Taschen und Rucks\u00e4cke\",\"item\":\"https:\/\/www.prokennex.eu\/de\/badminton-de\/xtras-badminton-de\/taschen-und-rucksackei-badminton\/\"},{\"@type\":\"ListItem\",\"position\":5,\"name\":\"ACE Triple Thermo Bag\"}]},{\"@type\":\"WebSite\",\"@id\":\"https:\/\/www.prokennex.eu\/de\/#website\",\"url\":\"https:\/\/www.prokennex.eu\/de\/\",\"name\":\"ProKennex Racchette e Accessori\",\"description\":\"Tomorrow&#039;s Tachnologies\",\"publisher\":{\"@id\":\"https:\/\/www.prokennex.eu\/de\/#organization\"},\"potentialAction\":[{\"@type\":\"SearchAction\",\"target\":{\"@type\":\"EntryPoint\",\"urlTemplate\":\"https:\/\/www.prokennex.eu\/de\/?s={search_term_string}\"},\"query-input\":{\"@type\":\"PropertyValueSpecification\",\"valueRequired\":true,\"valueName\":\"search_term_string\"}}],\"inLanguage\":\"de\"},{\"@type\":\"Organization\",\"@id\":\"https:\/\/www.prokennex.eu\/de\/#organization\",\"name\":\"Pro Kennex s.r.l.\",\"url\":\"https:\/\/www.prokennex.eu\/de\/\",\"logo\":{\"@type\":\"ImageObject\",\"inLanguage\":\"de\",\"@id\":\"https:\/\/www.prokennex.eu\/de\/#\/schema\/logo\/image\/\",\"url\":\"https:\/\/www.prokennex.eu\/wp-content\/uploads\/2021\/09\/prokennex-logo.svg\",\"contentUrl\":\"https:\/\/www.prokennex.eu\/wp-content\/uploads\/2021\/09\/prokennex-logo.svg\",\"width\":\"1440\",\"height\":\"1080\",\"caption\":\"Pro Kennex s.r.l.\"},\"image\":{\"@id\":\"https:\/\/www.prokennex.eu\/de\/#\/schema\/logo\/image\/\"}}]}<\/script>\n<!-- \/ Yoast SEO plugin. -->","yoast_head_json":{"title":"ACE Triple Thermo Bag - ProKennex Racchette e Accessori","description":"Dreifach-Futteral mit mehreren Taschen f\u00fcr verschiedenes Zubeh\u00f6r und einem bel\u00fcfteten Fach f\u00fcr Schuhe und Kleidung nach dem Training","robots":{"index":"index","follow":"follow","max-snippet":"max-snippet:-1","max-image-preview":"max-image-preview:large","max-video-preview":"max-video-preview:-1"},"canonical":"https:\/\/www.prokennex.eu\/de\/taschen-und-rucksacke-tennis\/ace-triple-thermo-bag\/","og_locale":"de_DE","og_type":"article","og_title":"ACE Triple Thermo Bag - ProKennex Racchette e Accessori","og_description":"Dreifach-Futteral mit mehreren Taschen f\u00fcr verschiedenes Zubeh\u00f6r und einem bel\u00fcfteten Fach f\u00fcr Schuhe und Kleidung nach dem Training","og_url":"https:\/\/www.prokennex.eu\/de\/taschen-und-rucksacke-tennis\/ace-triple-thermo-bag\/","og_site_name":"ProKennex Racchette e Accessori","article_modified_time":"2025-02-27T11:49:02+00:00","og_image":[{"width":2000,"height":2000,"url":"https:\/\/www.prokennex.eu\/wp-content\/uploads\/2025\/01\/ace-triple-thermo-bag-1.jpg","type":"image\/jpeg"}],"twitter_card":"summary_large_image","schema":{"@context":"https:\/\/schema.org","@graph":[{"@type":"WebPage","@id":"https:\/\/www.prokennex.eu\/de\/taschen-und-rucksacke-tennis\/ace-triple-thermo-bag\/","url":"https:\/\/www.prokennex.eu\/de\/taschen-und-rucksacke-tennis\/ace-triple-thermo-bag\/","name":"ACE Triple Thermo Bag - ProKennex Racchette e Accessori","isPartOf":{"@id":"https:\/\/www.prokennex.eu\/de\/#website"},"primaryImageOfPage":{"@id":"https:\/\/www.prokennex.eu\/de\/taschen-und-rucksacke-tennis\/ace-triple-thermo-bag\/#primaryimage"},"image":{"@id":"https:\/\/www.prokennex.eu\/de\/taschen-und-rucksacke-tennis\/ace-triple-thermo-bag\/#primaryimage"},"thumbnailUrl":"https:\/\/www.prokennex.eu\/wp-content\/uploads\/2025\/01\/ace-triple-thermo-bag-1.jpg","datePublished":"2025-01-25T06:10:18+00:00","dateModified":"2025-02-27T11:49:02+00:00","description":"Dreifach-Futteral mit mehreren Taschen f\u00fcr verschiedenes Zubeh\u00f6r und einem bel\u00fcfteten Fach f\u00fcr Schuhe und Kleidung nach dem Training","breadcrumb":{"@id":"https:\/\/www.prokennex.eu\/de\/taschen-und-rucksacke-tennis\/ace-triple-thermo-bag\/#breadcrumb"},"inLanguage":"de","potentialAction":[{"@type":"ReadAction","target":["https:\/\/www.prokennex.eu\/de\/taschen-und-rucksacke-tennis\/ace-triple-thermo-bag\/"]}]},{"@type":"ImageObject","inLanguage":"de","@id":"https:\/\/www.prokennex.eu\/de\/taschen-und-rucksacke-tennis\/ace-triple-thermo-bag\/#primaryimage","url":"https:\/\/www.prokennex.eu\/wp-content\/uploads\/2025\/01\/ace-triple-thermo-bag-1.jpg","contentUrl":"https:\/\/www.prokennex.eu\/wp-content\/uploads\/2025\/01\/ace-triple-thermo-bag-1.jpg","width":2000,"height":2000},{"@type":"BreadcrumbList","@id":"https:\/\/www.prokennex.eu\/de\/taschen-und-rucksacke-tennis\/ace-triple-thermo-bag\/#breadcrumb","itemListElement":[{"@type":"ListItem","position":1,"name":"Shop","item":"https:\/\/www.prokennex.eu\/de\/negozio\/"},{"@type":"ListItem","position":2,"name":"Badminton","item":"https:\/\/www.prokennex.eu\/de\/badminton-de\/"},{"@type":"ListItem","position":3,"name":"XTRAS","item":"https:\/\/www.prokennex.eu\/de\/badminton-de\/xtras-badminton-de\/"},{"@type":"ListItem","position":4,"name":"Taschen und Rucks\u00e4cke","item":"https:\/\/www.prokennex.eu\/de\/badminton-de\/xtras-badminton-de\/taschen-und-rucksackei-badminton\/"},{"@type":"ListItem","position":5,"name":"ACE Triple Thermo Bag"}]},{"@type":"WebSite","@id":"https:\/\/www.prokennex.eu\/de\/#website","url":"https:\/\/www.prokennex.eu\/de\/","name":"ProKennex Racchette e Accessori","description":"Tomorrow&#039;s Tachnologies","publisher":{"@id":"https:\/\/www.prokennex.eu\/de\/#organization"},"potentialAction":[{"@type":"SearchAction","target":{"@type":"EntryPoint","urlTemplate":"https:\/\/www.prokennex.eu\/de\/?s={search_term_string}"},"query-input":{"@type":"PropertyValueSpecification","valueRequired":true,"valueName":"search_term_string"}}],"inLanguage":"de"},{"@type":"Organization","@id":"https:\/\/www.prokennex.eu\/de\/#organization","name":"Pro Kennex s.r.l.","url":"https:\/\/www.prokennex.eu\/de\/","logo":{"@type":"ImageObject","inLanguage":"de","@id":"https:\/\/www.prokennex.eu\/de\/#\/schema\/logo\/image\/","url":"https:\/\/www.prokennex.eu\/wp-content\/uploads\/2021\/09\/prokennex-logo.svg","contentUrl":"https:\/\/www.prokennex.eu\/wp-content\/uploads\/2021\/09\/prokennex-logo.svg","width":"1440","height":"1080","caption":"Pro Kennex s.r.l."},"image":{"@id":"https:\/\/www.prokennex.eu\/de\/#\/schema\/logo\/image\/"}}]}},"_links":{"self":[{"href":"https:\/\/www.prokennex.eu\/de\/wp-json\/wp\/v2\/product\/14519","targetHints":{"allow":["GET"]}}],"collection":[{"href":"https:\/\/www.prokennex.eu\/de\/wp-json\/wp\/v2\/product"}],"about":[{"href":"https:\/\/www.prokennex.eu\/de\/wp-json\/wp\/v2\/types\/product"}],"replies":[{"embeddable":true,"href":"https:\/\/www.prokennex.eu\/de\/wp-json\/wp\/v2\/comments?post=14519"}],"wp:featuredmedia":[{"embeddable":true,"href":"https:\/\/www.prokennex.eu\/de\/wp-json\/wp\/v2\/media\/14354"}],"wp:attachment":[{"href":"https:\/\/www.prokennex.eu\/de\/wp-json\/wp\/v2\/media?parent=14519"}],"wp:term":[{"taxonomy":"tecnologia","embeddable":true,"href":"https:\/\/www.prokennex.eu\/de\/wp-json\/wp\/v2\/tecnologia?post=14519"},{"taxonomy":"product_brand","embeddable":true,"href":"https:\/\/www.prokennex.eu\/de\/wp-json\/wp\/v2\/product_brand?post=14519"},{"taxonomy":"product_cat","embeddable":true,"href":"https:\/\/www.prokennex.eu\/de\/wp-json\/wp\/v2\/product_cat?post=14519"},{"taxonomy":"product_tag","embeddable":true,"href":"https:\/\/www.prokennex.eu\/de\/wp-json\/wp\/v2\/product_tag?post=14519"}],"curies":[{"name":"wp","href":"https:\/\/api.w.org\/{rel}","templated":true}]}}