{"id":14511,"date":"2025-01-25T07:09:42","date_gmt":"2025-01-25T06:09:42","guid":{"rendered":"https:\/\/www.prokennex.eu\/?post_type=product&#038;p=14511"},"modified":"2025-01-30T02:26:32","modified_gmt":"2025-01-30T01:26:32","slug":"ace-tour-bag","status":"publish","type":"product","link":"https:\/\/www.prokennex.eu\/de\/taschen-und-rucksacke-padel\/ace-tour-bag\/","title":{"rendered":"ACE Tour Bag"},"content":{"rendered":"","protected":false},"excerpt":{"rendered":"<p>Die Ace Station Tour Bag ist die Tasche f\u00fcr alle Padel- und Pickleball-Spieler.<br \/>\nVerst\u00e4rkte Materialien und Rei\u00dfverschl\u00fcsse sowie der unverwechselbare Stil und das unverwechselbare Design von Ace Station.<br \/>\nDie Tour Bag bietet Platz f\u00fcr bis zu sechs Schl\u00e4ger in ihrem Hauptfach, darunter ein Thermofach, um Ihre Ausr\u00fcstung vor extremsten Temperaturen zu sch\u00fctzen. Au\u00dferdem verf\u00fcgt sie \u00fcber einen isolierten, bel\u00fcfteten Tunnel f\u00fcr Schuhe und eine gro\u00dfe Tasche zur Aufbewahrung Ihres gesamten Zubeh\u00f6rs.<br \/>\nDie gepolsterten und abnehmbaren Tr\u00e4ger des Rucksacks sorgen f\u00fcr maximalen Komfort und volle Vielseitigkeit bei jeder Art von Bewegung.<\/p>\n<ul>\n<li>Ma\u00dfe: 58 x 30 x 37 cm<\/li>\n<li>Kapazit\u00e4t: 6 Schl\u00e4ger<\/li>\n<\/ul>\n","protected":false},"featured_media":14452,"comment_status":"open","ping_status":"closed","template":"","meta":{"_acf_changed":false},"tecnologia":[2060],"product_brand":[],"product_cat":[1482,1487],"product_tag":[2056],"class_list":{"0":"post-14511","1":"product","2":"type-product","3":"status-publish","4":"has-post-thumbnail","6":"tecnologia-thermotech-de","7":"product_cat-taschen-und-rucksacke-padel","8":"product_cat-zubehor-pickleball","9":"product_tag-ace-station-de","11":"first","12":"instock","13":"taxable","14":"shipping-taxable","15":"purchasable","16":"product-type-simple"},"bundled_by":[],"bundle_stock_status":"instock","bundle_stock_quantity":10,"bundle_virtual":false,"bundle_layout":"","bundle_add_to_cart_form_location":"","bundle_editable_in_cart":false,"bundle_sold_individually_context":"","bundle_item_grouping":"","bundle_min_size":"","bundle_max_size":"","bundle_price":[],"bundled_items":[],"bundle_sell_ids":[],"acf":[],"yoast_head":"<!-- This site is optimized with the Yoast SEO plugin v27.4 - https:\/\/yoast.com\/product\/yoast-seo-wordpress\/ -->\n<title>ACE Tour Bag<\/title>\n<meta name=\"description\" content=\"Padel- und Pickleballtasche mit unverwechselbarem Ace Station-Stil. Thermofach, bel\u00fcfteter Schuhtunnel und ein gro\u00dfes Mehrzweckfach.\" \/>\n<meta name=\"robots\" content=\"index, follow, max-snippet:-1, max-image-preview:large, max-video-preview:-1\" \/>\n<link rel=\"canonical\" href=\"https:\/\/www.prokennex.eu\/de\/taschen-und-rucksacke-padel\/ace-tour-bag\/\" \/>\n<meta property=\"og:locale\" content=\"de_DE\" \/>\n<meta property=\"og:type\" content=\"article\" \/>\n<meta property=\"og:title\" content=\"ACE Tour Bag\" \/>\n<meta property=\"og:description\" content=\"Padel- und Pickleballtasche mit unverwechselbarem Ace Station-Stil. Thermofach, bel\u00fcfteter Schuhtunnel und ein gro\u00dfes Mehrzweckfach.\" \/>\n<meta property=\"og:url\" content=\"https:\/\/www.prokennex.eu\/de\/taschen-und-rucksacke-padel\/ace-tour-bag\/\" \/>\n<meta property=\"og:site_name\" content=\"ProKennex Racchette e Accessori\" \/>\n<meta property=\"article:modified_time\" content=\"2025-01-30T01:26:32+00:00\" \/>\n<meta property=\"og:image\" content=\"https:\/\/www.prokennex.eu\/wp-content\/uploads\/2025\/01\/ace-tour-bag-1.jpg\" \/>\n\t<meta property=\"og:image:width\" content=\"2000\" \/>\n\t<meta property=\"og:image:height\" content=\"2000\" \/>\n\t<meta property=\"og:image:type\" content=\"image\/jpeg\" \/>\n<meta name=\"twitter:card\" content=\"summary_large_image\" \/>\n<script type=\"application\/ld+json\" class=\"yoast-schema-graph\">{\"@context\":\"https:\\\/\\\/schema.org\",\"@graph\":[{\"@type\":\"WebPage\",\"@id\":\"https:\\\/\\\/www.prokennex.eu\\\/de\\\/taschen-und-rucksacke-padel\\\/ace-tour-bag\\\/\",\"url\":\"https:\\\/\\\/www.prokennex.eu\\\/de\\\/taschen-und-rucksacke-padel\\\/ace-tour-bag\\\/\",\"name\":\"ACE Tour Bag\",\"isPartOf\":{\"@id\":\"https:\\\/\\\/www.prokennex.eu\\\/de\\\/#website\"},\"primaryImageOfPage\":{\"@id\":\"https:\\\/\\\/www.prokennex.eu\\\/de\\\/taschen-und-rucksacke-padel\\\/ace-tour-bag\\\/#primaryimage\"},\"image\":{\"@id\":\"https:\\\/\\\/www.prokennex.eu\\\/de\\\/taschen-und-rucksacke-padel\\\/ace-tour-bag\\\/#primaryimage\"},\"thumbnailUrl\":\"https:\\\/\\\/www.prokennex.eu\\\/wp-content\\\/uploads\\\/2025\\\/01\\\/ace-tour-bag-1.jpg\",\"datePublished\":\"2025-01-25T06:09:42+00:00\",\"dateModified\":\"2025-01-30T01:26:32+00:00\",\"description\":\"Padel- und Pickleballtasche mit unverwechselbarem Ace Station-Stil. Thermofach, bel\u00fcfteter Schuhtunnel und ein gro\u00dfes Mehrzweckfach.\",\"breadcrumb\":{\"@id\":\"https:\\\/\\\/www.prokennex.eu\\\/de\\\/taschen-und-rucksacke-padel\\\/ace-tour-bag\\\/#breadcrumb\"},\"inLanguage\":\"de\",\"potentialAction\":[{\"@type\":\"ReadAction\",\"target\":[\"https:\\\/\\\/www.prokennex.eu\\\/de\\\/taschen-und-rucksacke-padel\\\/ace-tour-bag\\\/\"]}]},{\"@type\":\"ImageObject\",\"inLanguage\":\"de\",\"@id\":\"https:\\\/\\\/www.prokennex.eu\\\/de\\\/taschen-und-rucksacke-padel\\\/ace-tour-bag\\\/#primaryimage\",\"url\":\"https:\\\/\\\/www.prokennex.eu\\\/wp-content\\\/uploads\\\/2025\\\/01\\\/ace-tour-bag-1.jpg\",\"contentUrl\":\"https:\\\/\\\/www.prokennex.eu\\\/wp-content\\\/uploads\\\/2025\\\/01\\\/ace-tour-bag-1.jpg\",\"width\":2000,\"height\":2000},{\"@type\":\"BreadcrumbList\",\"@id\":\"https:\\\/\\\/www.prokennex.eu\\\/de\\\/taschen-und-rucksacke-padel\\\/ace-tour-bag\\\/#breadcrumb\",\"itemListElement\":[{\"@type\":\"ListItem\",\"position\":1,\"name\":\"Shop\",\"item\":\"https:\\\/\\\/www.prokennex.eu\\\/de\\\/negozio\\\/\"},{\"@type\":\"ListItem\",\"position\":2,\"name\":\"Padel\",\"item\":\"https:\\\/\\\/www.prokennex.eu\\\/de\\\/padel-de\\\/\"},{\"@type\":\"ListItem\",\"position\":3,\"name\":\"XTRAS\",\"item\":\"https:\\\/\\\/www.prokennex.eu\\\/de\\\/padel-de\\\/xtras-padel-de\\\/\"},{\"@type\":\"ListItem\",\"position\":4,\"name\":\"Taschen und Rucks\u00e4cke\",\"item\":\"https:\\\/\\\/www.prokennex.eu\\\/de\\\/padel-de\\\/xtras-padel-de\\\/taschen-und-rucksacke-padel\\\/\"},{\"@type\":\"ListItem\",\"position\":5,\"name\":\"ACE Tour Bag\"}]},{\"@type\":\"WebSite\",\"@id\":\"https:\\\/\\\/www.prokennex.eu\\\/de\\\/#website\",\"url\":\"https:\\\/\\\/www.prokennex.eu\\\/de\\\/\",\"name\":\"ProKennex Racchette e Accessori\",\"description\":\"Tomorrow&#039;s Tachnologies\",\"publisher\":{\"@id\":\"https:\\\/\\\/www.prokennex.eu\\\/de\\\/#organization\"},\"potentialAction\":[{\"@type\":\"SearchAction\",\"target\":{\"@type\":\"EntryPoint\",\"urlTemplate\":\"https:\\\/\\\/www.prokennex.eu\\\/de\\\/?s={search_term_string}\"},\"query-input\":{\"@type\":\"PropertyValueSpecification\",\"valueRequired\":true,\"valueName\":\"search_term_string\"}}],\"inLanguage\":\"de\"},{\"@type\":\"Organization\",\"@id\":\"https:\\\/\\\/www.prokennex.eu\\\/de\\\/#organization\",\"name\":\"Pro Kennex s.r.l.\",\"url\":\"https:\\\/\\\/www.prokennex.eu\\\/de\\\/\",\"logo\":{\"@type\":\"ImageObject\",\"inLanguage\":\"de\",\"@id\":\"https:\\\/\\\/www.prokennex.eu\\\/de\\\/#\\\/schema\\\/logo\\\/image\\\/\",\"url\":\"https:\\\/\\\/www.prokennex.eu\\\/wp-content\\\/uploads\\\/2021\\\/09\\\/prokennex-logo.svg\",\"contentUrl\":\"https:\\\/\\\/www.prokennex.eu\\\/wp-content\\\/uploads\\\/2021\\\/09\\\/prokennex-logo.svg\",\"width\":\"1440\",\"height\":\"1080\",\"caption\":\"Pro Kennex s.r.l.\"},\"image\":{\"@id\":\"https:\\\/\\\/www.prokennex.eu\\\/de\\\/#\\\/schema\\\/logo\\\/image\\\/\"}}]}<\/script>\n<!-- \/ Yoast SEO plugin. -->","yoast_head_json":{"title":"ACE Tour Bag","description":"Padel- und Pickleballtasche mit unverwechselbarem Ace Station-Stil. Thermofach, bel\u00fcfteter Schuhtunnel und ein gro\u00dfes Mehrzweckfach.","robots":{"index":"index","follow":"follow","max-snippet":"max-snippet:-1","max-image-preview":"max-image-preview:large","max-video-preview":"max-video-preview:-1"},"canonical":"https:\/\/www.prokennex.eu\/de\/taschen-und-rucksacke-padel\/ace-tour-bag\/","og_locale":"de_DE","og_type":"article","og_title":"ACE Tour Bag","og_description":"Padel- und Pickleballtasche mit unverwechselbarem Ace Station-Stil. Thermofach, bel\u00fcfteter Schuhtunnel und ein gro\u00dfes Mehrzweckfach.","og_url":"https:\/\/www.prokennex.eu\/de\/taschen-und-rucksacke-padel\/ace-tour-bag\/","og_site_name":"ProKennex Racchette e Accessori","article_modified_time":"2025-01-30T01:26:32+00:00","og_image":[{"width":2000,"height":2000,"url":"https:\/\/www.prokennex.eu\/wp-content\/uploads\/2025\/01\/ace-tour-bag-1.jpg","type":"image\/jpeg"}],"twitter_card":"summary_large_image","schema":{"@context":"https:\/\/schema.org","@graph":[{"@type":"WebPage","@id":"https:\/\/www.prokennex.eu\/de\/taschen-und-rucksacke-padel\/ace-tour-bag\/","url":"https:\/\/www.prokennex.eu\/de\/taschen-und-rucksacke-padel\/ace-tour-bag\/","name":"ACE Tour Bag","isPartOf":{"@id":"https:\/\/www.prokennex.eu\/de\/#website"},"primaryImageOfPage":{"@id":"https:\/\/www.prokennex.eu\/de\/taschen-und-rucksacke-padel\/ace-tour-bag\/#primaryimage"},"image":{"@id":"https:\/\/www.prokennex.eu\/de\/taschen-und-rucksacke-padel\/ace-tour-bag\/#primaryimage"},"thumbnailUrl":"https:\/\/www.prokennex.eu\/wp-content\/uploads\/2025\/01\/ace-tour-bag-1.jpg","datePublished":"2025-01-25T06:09:42+00:00","dateModified":"2025-01-30T01:26:32+00:00","description":"Padel- und Pickleballtasche mit unverwechselbarem Ace Station-Stil. Thermofach, bel\u00fcfteter Schuhtunnel und ein gro\u00dfes Mehrzweckfach.","breadcrumb":{"@id":"https:\/\/www.prokennex.eu\/de\/taschen-und-rucksacke-padel\/ace-tour-bag\/#breadcrumb"},"inLanguage":"de","potentialAction":[{"@type":"ReadAction","target":["https:\/\/www.prokennex.eu\/de\/taschen-und-rucksacke-padel\/ace-tour-bag\/"]}]},{"@type":"ImageObject","inLanguage":"de","@id":"https:\/\/www.prokennex.eu\/de\/taschen-und-rucksacke-padel\/ace-tour-bag\/#primaryimage","url":"https:\/\/www.prokennex.eu\/wp-content\/uploads\/2025\/01\/ace-tour-bag-1.jpg","contentUrl":"https:\/\/www.prokennex.eu\/wp-content\/uploads\/2025\/01\/ace-tour-bag-1.jpg","width":2000,"height":2000},{"@type":"BreadcrumbList","@id":"https:\/\/www.prokennex.eu\/de\/taschen-und-rucksacke-padel\/ace-tour-bag\/#breadcrumb","itemListElement":[{"@type":"ListItem","position":1,"name":"Shop","item":"https:\/\/www.prokennex.eu\/de\/negozio\/"},{"@type":"ListItem","position":2,"name":"Padel","item":"https:\/\/www.prokennex.eu\/de\/padel-de\/"},{"@type":"ListItem","position":3,"name":"XTRAS","item":"https:\/\/www.prokennex.eu\/de\/padel-de\/xtras-padel-de\/"},{"@type":"ListItem","position":4,"name":"Taschen und Rucks\u00e4cke","item":"https:\/\/www.prokennex.eu\/de\/padel-de\/xtras-padel-de\/taschen-und-rucksacke-padel\/"},{"@type":"ListItem","position":5,"name":"ACE Tour Bag"}]},{"@type":"WebSite","@id":"https:\/\/www.prokennex.eu\/de\/#website","url":"https:\/\/www.prokennex.eu\/de\/","name":"ProKennex Racchette e Accessori","description":"Tomorrow&#039;s Tachnologies","publisher":{"@id":"https:\/\/www.prokennex.eu\/de\/#organization"},"potentialAction":[{"@type":"SearchAction","target":{"@type":"EntryPoint","urlTemplate":"https:\/\/www.prokennex.eu\/de\/?s={search_term_string}"},"query-input":{"@type":"PropertyValueSpecification","valueRequired":true,"valueName":"search_term_string"}}],"inLanguage":"de"},{"@type":"Organization","@id":"https:\/\/www.prokennex.eu\/de\/#organization","name":"Pro Kennex s.r.l.","url":"https:\/\/www.prokennex.eu\/de\/","logo":{"@type":"ImageObject","inLanguage":"de","@id":"https:\/\/www.prokennex.eu\/de\/#\/schema\/logo\/image\/","url":"https:\/\/www.prokennex.eu\/wp-content\/uploads\/2021\/09\/prokennex-logo.svg","contentUrl":"https:\/\/www.prokennex.eu\/wp-content\/uploads\/2021\/09\/prokennex-logo.svg","width":"1440","height":"1080","caption":"Pro Kennex s.r.l."},"image":{"@id":"https:\/\/www.prokennex.eu\/de\/#\/schema\/logo\/image\/"}}]}},"_links":{"self":[{"href":"https:\/\/www.prokennex.eu\/de\/wp-json\/wp\/v2\/product\/14511","targetHints":{"allow":["GET"]}}],"collection":[{"href":"https:\/\/www.prokennex.eu\/de\/wp-json\/wp\/v2\/product"}],"about":[{"href":"https:\/\/www.prokennex.eu\/de\/wp-json\/wp\/v2\/types\/product"}],"replies":[{"embeddable":true,"href":"https:\/\/www.prokennex.eu\/de\/wp-json\/wp\/v2\/comments?post=14511"}],"wp:featuredmedia":[{"embeddable":true,"href":"https:\/\/www.prokennex.eu\/de\/wp-json\/wp\/v2\/media\/14452"}],"wp:attachment":[{"href":"https:\/\/www.prokennex.eu\/de\/wp-json\/wp\/v2\/media?parent=14511"}],"wp:term":[{"taxonomy":"tecnologia","embeddable":true,"href":"https:\/\/www.prokennex.eu\/de\/wp-json\/wp\/v2\/tecnologia?post=14511"},{"taxonomy":"product_brand","embeddable":true,"href":"https:\/\/www.prokennex.eu\/de\/wp-json\/wp\/v2\/product_brand?post=14511"},{"taxonomy":"product_cat","embeddable":true,"href":"https:\/\/www.prokennex.eu\/de\/wp-json\/wp\/v2\/product_cat?post=14511"},{"taxonomy":"product_tag","embeddable":true,"href":"https:\/\/www.prokennex.eu\/de\/wp-json\/wp\/v2\/product_tag?post=14511"}],"curies":[{"name":"wp","href":"https:\/\/api.w.org\/{rel}","templated":true}]}}