{"id":14507,"date":"2025-01-25T07:10:03","date_gmt":"2025-01-25T06:10:03","guid":{"rendered":"https:\/\/www.prokennex.eu\/?post_type=product&#038;p=14507"},"modified":"2025-01-30T02:21:00","modified_gmt":"2025-01-30T01:21:00","slug":"ace-barrel-bag","status":"publish","type":"product","link":"https:\/\/www.prokennex.eu\/de\/taschen-und-rucksacke-tennis\/ace-barrel-bag\/","title":{"rendered":"ACE Barrel Bag"},"content":{"rendered":"","protected":false},"excerpt":{"rendered":"<p>Die Ace Station Barrel Bag kombiniert ein einzigartiges Design mit unvergleichlicher Funktionalit\u00e4t. F\u00fcr Spieler konzipiert, die sowohl auf als auch abseits des Platzes Wert auf Praktikabilit\u00e4t und Stil legen, verf\u00fcgt die Barrel Bag \u00fcber ein Fach f\u00fcr Ausr\u00fcstung mit speziellen Abdeckungen f\u00fcr die Schl\u00e4gergriffe, eine gepolsterte Tasche f\u00fcr Laptop oder Tablet, eine Rei\u00dfverschlusstasche f\u00fcr Zubeh\u00f6r sowie ein praktisches hinteres Fach.<br \/>\nDer untere Bereich ist mit einem gut isolierten, bel\u00fcfteten Tunnelabschnitt ausgestattet, ideal f\u00fcr die Aufbewahrung von Schuhen und Kleidung nach dem Spiel.<br \/>\nDie Ace Station Barrel Bag bietet ein weiches, ergonomisches R\u00fcckenteil und verstellbare, gepolsterte Schultergurte, die au\u00dfergew\u00f6hnlichen Komfort und Halt w\u00e4hrend des Transports gew\u00e4hrleisten.<\/p>\n<p>Ma\u00dfe: 71 x 39 x 25 cm<\/p>\n","protected":false},"featured_media":14421,"comment_status":"open","ping_status":"closed","template":"","meta":{"_acf_changed":false},"tecnologia":[],"product_brand":[],"product_cat":[1482,1492,1503,1474,1487],"product_tag":[2056],"class_list":{"0":"post-14507","1":"product","2":"type-product","3":"status-publish","4":"has-post-thumbnail","6":"product_cat-taschen-und-rucksacke-padel","7":"product_cat-taschen-und-rucksacke-squash","8":"product_cat-taschen-und-rucksacke-tennis","9":"product_cat-taschen-und-rucksackei-badminton","10":"product_cat-zubehor-pickleball","11":"product_tag-ace-station-de","13":"first","14":"outofstock","15":"taxable","16":"shipping-taxable","17":"purchasable","18":"product-type-simple"},"bundled_by":[],"bundle_stock_status":"outofstock","bundle_stock_quantity":0,"bundle_virtual":false,"bundle_layout":"","bundle_add_to_cart_form_location":"","bundle_editable_in_cart":false,"bundle_sold_individually_context":"","bundle_item_grouping":"","bundle_min_size":"","bundle_max_size":"","bundle_price":[],"bundled_items":[],"bundle_sell_ids":[],"acf":[],"yoast_head":"<!-- This site is optimized with the Yoast SEO plugin v27.4 - https:\/\/yoast.com\/product\/yoast-seo-wordpress\/ -->\n<title>ACE Barrel Bag - ProKennex Racchette e Accessori<\/title>\n<meta name=\"description\" content=\"Die sowohl auf als auch abseits des Platzes Wert auf Praktikabilit\u00e4t und Stil legen, verf\u00fcgt die Barrel Bag \u00fcber ein Fach f\u00fcr Ausr\u00fcstung mit speziellen Abdeckungen f\u00fcr die Schl\u00e4gergriffe, eine gepolsterte\" \/>\n<meta name=\"robots\" content=\"index, follow, max-snippet:-1, max-image-preview:large, max-video-preview:-1\" \/>\n<link rel=\"canonical\" href=\"https:\/\/www.prokennex.eu\/de\/taschen-und-rucksacke-tennis\/ace-barrel-bag\/\" \/>\n<meta property=\"og:locale\" content=\"de_DE\" \/>\n<meta property=\"og:type\" content=\"article\" \/>\n<meta property=\"og:title\" content=\"ACE Barrel Bag - ProKennex Racchette e Accessori\" \/>\n<meta property=\"og:description\" content=\"Die sowohl auf als auch abseits des Platzes Wert auf Praktikabilit\u00e4t und Stil legen, verf\u00fcgt die Barrel Bag \u00fcber ein Fach f\u00fcr Ausr\u00fcstung mit speziellen Abdeckungen f\u00fcr die Schl\u00e4gergriffe, eine gepolsterte\" \/>\n<meta property=\"og:url\" content=\"https:\/\/www.prokennex.eu\/de\/taschen-und-rucksacke-tennis\/ace-barrel-bag\/\" \/>\n<meta property=\"og:site_name\" content=\"ProKennex Racchette e Accessori\" \/>\n<meta property=\"article:modified_time\" content=\"2025-01-30T01:21:00+00:00\" \/>\n<meta property=\"og:image\" content=\"https:\/\/www.prokennex.eu\/wp-content\/uploads\/2025\/01\/ace-barrel-bag-1.jpg\" \/>\n\t<meta property=\"og:image:width\" content=\"2000\" \/>\n\t<meta property=\"og:image:height\" content=\"2000\" \/>\n\t<meta property=\"og:image:type\" content=\"image\/jpeg\" \/>\n<meta name=\"twitter:card\" content=\"summary_large_image\" \/>\n<script type=\"application\/ld+json\" class=\"yoast-schema-graph\">{\"@context\":\"https:\\\/\\\/schema.org\",\"@graph\":[{\"@type\":\"WebPage\",\"@id\":\"https:\\\/\\\/www.prokennex.eu\\\/de\\\/taschen-und-rucksacke-tennis\\\/ace-barrel-bag\\\/\",\"url\":\"https:\\\/\\\/www.prokennex.eu\\\/de\\\/taschen-und-rucksacke-tennis\\\/ace-barrel-bag\\\/\",\"name\":\"ACE Barrel Bag - ProKennex Racchette e Accessori\",\"isPartOf\":{\"@id\":\"https:\\\/\\\/www.prokennex.eu\\\/de\\\/#website\"},\"primaryImageOfPage\":{\"@id\":\"https:\\\/\\\/www.prokennex.eu\\\/de\\\/taschen-und-rucksacke-tennis\\\/ace-barrel-bag\\\/#primaryimage\"},\"image\":{\"@id\":\"https:\\\/\\\/www.prokennex.eu\\\/de\\\/taschen-und-rucksacke-tennis\\\/ace-barrel-bag\\\/#primaryimage\"},\"thumbnailUrl\":\"https:\\\/\\\/www.prokennex.eu\\\/wp-content\\\/uploads\\\/2025\\\/01\\\/ace-barrel-bag-1.jpg\",\"datePublished\":\"2025-01-25T06:10:03+00:00\",\"dateModified\":\"2025-01-30T01:21:00+00:00\",\"description\":\"Die sowohl auf als auch abseits des Platzes Wert auf Praktikabilit\u00e4t und Stil legen, verf\u00fcgt die Barrel Bag \u00fcber ein Fach f\u00fcr Ausr\u00fcstung mit speziellen Abdeckungen f\u00fcr die Schl\u00e4gergriffe, eine gepolsterte\",\"breadcrumb\":{\"@id\":\"https:\\\/\\\/www.prokennex.eu\\\/de\\\/taschen-und-rucksacke-tennis\\\/ace-barrel-bag\\\/#breadcrumb\"},\"inLanguage\":\"de\",\"potentialAction\":[{\"@type\":\"ReadAction\",\"target\":[\"https:\\\/\\\/www.prokennex.eu\\\/de\\\/taschen-und-rucksacke-tennis\\\/ace-barrel-bag\\\/\"]}]},{\"@type\":\"ImageObject\",\"inLanguage\":\"de\",\"@id\":\"https:\\\/\\\/www.prokennex.eu\\\/de\\\/taschen-und-rucksacke-tennis\\\/ace-barrel-bag\\\/#primaryimage\",\"url\":\"https:\\\/\\\/www.prokennex.eu\\\/wp-content\\\/uploads\\\/2025\\\/01\\\/ace-barrel-bag-1.jpg\",\"contentUrl\":\"https:\\\/\\\/www.prokennex.eu\\\/wp-content\\\/uploads\\\/2025\\\/01\\\/ace-barrel-bag-1.jpg\",\"width\":2000,\"height\":2000},{\"@type\":\"BreadcrumbList\",\"@id\":\"https:\\\/\\\/www.prokennex.eu\\\/de\\\/taschen-und-rucksacke-tennis\\\/ace-barrel-bag\\\/#breadcrumb\",\"itemListElement\":[{\"@type\":\"ListItem\",\"position\":1,\"name\":\"Shop\",\"item\":\"https:\\\/\\\/www.prokennex.eu\\\/de\\\/negozio\\\/\"},{\"@type\":\"ListItem\",\"position\":2,\"name\":\"Badminton\",\"item\":\"https:\\\/\\\/www.prokennex.eu\\\/de\\\/badminton-de\\\/\"},{\"@type\":\"ListItem\",\"position\":3,\"name\":\"XTRAS\",\"item\":\"https:\\\/\\\/www.prokennex.eu\\\/de\\\/badminton-de\\\/xtras-badminton-de\\\/\"},{\"@type\":\"ListItem\",\"position\":4,\"name\":\"Taschen und Rucks\u00e4cke\",\"item\":\"https:\\\/\\\/www.prokennex.eu\\\/de\\\/badminton-de\\\/xtras-badminton-de\\\/taschen-und-rucksackei-badminton\\\/\"},{\"@type\":\"ListItem\",\"position\":5,\"name\":\"ACE Barrel Bag\"}]},{\"@type\":\"WebSite\",\"@id\":\"https:\\\/\\\/www.prokennex.eu\\\/de\\\/#website\",\"url\":\"https:\\\/\\\/www.prokennex.eu\\\/de\\\/\",\"name\":\"ProKennex Racchette e Accessori\",\"description\":\"Tomorrow&#039;s Tachnologies\",\"publisher\":{\"@id\":\"https:\\\/\\\/www.prokennex.eu\\\/de\\\/#organization\"},\"potentialAction\":[{\"@type\":\"SearchAction\",\"target\":{\"@type\":\"EntryPoint\",\"urlTemplate\":\"https:\\\/\\\/www.prokennex.eu\\\/de\\\/?s={search_term_string}\"},\"query-input\":{\"@type\":\"PropertyValueSpecification\",\"valueRequired\":true,\"valueName\":\"search_term_string\"}}],\"inLanguage\":\"de\"},{\"@type\":\"Organization\",\"@id\":\"https:\\\/\\\/www.prokennex.eu\\\/de\\\/#organization\",\"name\":\"Pro Kennex s.r.l.\",\"url\":\"https:\\\/\\\/www.prokennex.eu\\\/de\\\/\",\"logo\":{\"@type\":\"ImageObject\",\"inLanguage\":\"de\",\"@id\":\"https:\\\/\\\/www.prokennex.eu\\\/de\\\/#\\\/schema\\\/logo\\\/image\\\/\",\"url\":\"https:\\\/\\\/www.prokennex.eu\\\/wp-content\\\/uploads\\\/2021\\\/09\\\/prokennex-logo.svg\",\"contentUrl\":\"https:\\\/\\\/www.prokennex.eu\\\/wp-content\\\/uploads\\\/2021\\\/09\\\/prokennex-logo.svg\",\"width\":\"1440\",\"height\":\"1080\",\"caption\":\"Pro Kennex s.r.l.\"},\"image\":{\"@id\":\"https:\\\/\\\/www.prokennex.eu\\\/de\\\/#\\\/schema\\\/logo\\\/image\\\/\"}}]}<\/script>\n<!-- \/ Yoast SEO plugin. -->","yoast_head_json":{"title":"ACE Barrel Bag - ProKennex Racchette e Accessori","description":"Die sowohl auf als auch abseits des Platzes Wert auf Praktikabilit\u00e4t und Stil legen, verf\u00fcgt die Barrel Bag \u00fcber ein Fach f\u00fcr Ausr\u00fcstung mit speziellen Abdeckungen f\u00fcr die Schl\u00e4gergriffe, eine gepolsterte","robots":{"index":"index","follow":"follow","max-snippet":"max-snippet:-1","max-image-preview":"max-image-preview:large","max-video-preview":"max-video-preview:-1"},"canonical":"https:\/\/www.prokennex.eu\/de\/taschen-und-rucksacke-tennis\/ace-barrel-bag\/","og_locale":"de_DE","og_type":"article","og_title":"ACE Barrel Bag - ProKennex Racchette e Accessori","og_description":"Die sowohl auf als auch abseits des Platzes Wert auf Praktikabilit\u00e4t und Stil legen, verf\u00fcgt die Barrel Bag \u00fcber ein Fach f\u00fcr Ausr\u00fcstung mit speziellen Abdeckungen f\u00fcr die Schl\u00e4gergriffe, eine gepolsterte","og_url":"https:\/\/www.prokennex.eu\/de\/taschen-und-rucksacke-tennis\/ace-barrel-bag\/","og_site_name":"ProKennex Racchette e Accessori","article_modified_time":"2025-01-30T01:21:00+00:00","og_image":[{"width":2000,"height":2000,"url":"https:\/\/www.prokennex.eu\/wp-content\/uploads\/2025\/01\/ace-barrel-bag-1.jpg","type":"image\/jpeg"}],"twitter_card":"summary_large_image","schema":{"@context":"https:\/\/schema.org","@graph":[{"@type":"WebPage","@id":"https:\/\/www.prokennex.eu\/de\/taschen-und-rucksacke-tennis\/ace-barrel-bag\/","url":"https:\/\/www.prokennex.eu\/de\/taschen-und-rucksacke-tennis\/ace-barrel-bag\/","name":"ACE Barrel Bag - ProKennex Racchette e Accessori","isPartOf":{"@id":"https:\/\/www.prokennex.eu\/de\/#website"},"primaryImageOfPage":{"@id":"https:\/\/www.prokennex.eu\/de\/taschen-und-rucksacke-tennis\/ace-barrel-bag\/#primaryimage"},"image":{"@id":"https:\/\/www.prokennex.eu\/de\/taschen-und-rucksacke-tennis\/ace-barrel-bag\/#primaryimage"},"thumbnailUrl":"https:\/\/www.prokennex.eu\/wp-content\/uploads\/2025\/01\/ace-barrel-bag-1.jpg","datePublished":"2025-01-25T06:10:03+00:00","dateModified":"2025-01-30T01:21:00+00:00","description":"Die sowohl auf als auch abseits des Platzes Wert auf Praktikabilit\u00e4t und Stil legen, verf\u00fcgt die Barrel Bag \u00fcber ein Fach f\u00fcr Ausr\u00fcstung mit speziellen Abdeckungen f\u00fcr die Schl\u00e4gergriffe, eine gepolsterte","breadcrumb":{"@id":"https:\/\/www.prokennex.eu\/de\/taschen-und-rucksacke-tennis\/ace-barrel-bag\/#breadcrumb"},"inLanguage":"de","potentialAction":[{"@type":"ReadAction","target":["https:\/\/www.prokennex.eu\/de\/taschen-und-rucksacke-tennis\/ace-barrel-bag\/"]}]},{"@type":"ImageObject","inLanguage":"de","@id":"https:\/\/www.prokennex.eu\/de\/taschen-und-rucksacke-tennis\/ace-barrel-bag\/#primaryimage","url":"https:\/\/www.prokennex.eu\/wp-content\/uploads\/2025\/01\/ace-barrel-bag-1.jpg","contentUrl":"https:\/\/www.prokennex.eu\/wp-content\/uploads\/2025\/01\/ace-barrel-bag-1.jpg","width":2000,"height":2000},{"@type":"BreadcrumbList","@id":"https:\/\/www.prokennex.eu\/de\/taschen-und-rucksacke-tennis\/ace-barrel-bag\/#breadcrumb","itemListElement":[{"@type":"ListItem","position":1,"name":"Shop","item":"https:\/\/www.prokennex.eu\/de\/negozio\/"},{"@type":"ListItem","position":2,"name":"Badminton","item":"https:\/\/www.prokennex.eu\/de\/badminton-de\/"},{"@type":"ListItem","position":3,"name":"XTRAS","item":"https:\/\/www.prokennex.eu\/de\/badminton-de\/xtras-badminton-de\/"},{"@type":"ListItem","position":4,"name":"Taschen und Rucks\u00e4cke","item":"https:\/\/www.prokennex.eu\/de\/badminton-de\/xtras-badminton-de\/taschen-und-rucksackei-badminton\/"},{"@type":"ListItem","position":5,"name":"ACE Barrel Bag"}]},{"@type":"WebSite","@id":"https:\/\/www.prokennex.eu\/de\/#website","url":"https:\/\/www.prokennex.eu\/de\/","name":"ProKennex Racchette e Accessori","description":"Tomorrow&#039;s Tachnologies","publisher":{"@id":"https:\/\/www.prokennex.eu\/de\/#organization"},"potentialAction":[{"@type":"SearchAction","target":{"@type":"EntryPoint","urlTemplate":"https:\/\/www.prokennex.eu\/de\/?s={search_term_string}"},"query-input":{"@type":"PropertyValueSpecification","valueRequired":true,"valueName":"search_term_string"}}],"inLanguage":"de"},{"@type":"Organization","@id":"https:\/\/www.prokennex.eu\/de\/#organization","name":"Pro Kennex s.r.l.","url":"https:\/\/www.prokennex.eu\/de\/","logo":{"@type":"ImageObject","inLanguage":"de","@id":"https:\/\/www.prokennex.eu\/de\/#\/schema\/logo\/image\/","url":"https:\/\/www.prokennex.eu\/wp-content\/uploads\/2021\/09\/prokennex-logo.svg","contentUrl":"https:\/\/www.prokennex.eu\/wp-content\/uploads\/2021\/09\/prokennex-logo.svg","width":"1440","height":"1080","caption":"Pro Kennex s.r.l."},"image":{"@id":"https:\/\/www.prokennex.eu\/de\/#\/schema\/logo\/image\/"}}]}},"_links":{"self":[{"href":"https:\/\/www.prokennex.eu\/de\/wp-json\/wp\/v2\/product\/14507","targetHints":{"allow":["GET"]}}],"collection":[{"href":"https:\/\/www.prokennex.eu\/de\/wp-json\/wp\/v2\/product"}],"about":[{"href":"https:\/\/www.prokennex.eu\/de\/wp-json\/wp\/v2\/types\/product"}],"replies":[{"embeddable":true,"href":"https:\/\/www.prokennex.eu\/de\/wp-json\/wp\/v2\/comments?post=14507"}],"wp:featuredmedia":[{"embeddable":true,"href":"https:\/\/www.prokennex.eu\/de\/wp-json\/wp\/v2\/media\/14421"}],"wp:attachment":[{"href":"https:\/\/www.prokennex.eu\/de\/wp-json\/wp\/v2\/media?parent=14507"}],"wp:term":[{"taxonomy":"tecnologia","embeddable":true,"href":"https:\/\/www.prokennex.eu\/de\/wp-json\/wp\/v2\/tecnologia?post=14507"},{"taxonomy":"product_brand","embeddable":true,"href":"https:\/\/www.prokennex.eu\/de\/wp-json\/wp\/v2\/product_brand?post=14507"},{"taxonomy":"product_cat","embeddable":true,"href":"https:\/\/www.prokennex.eu\/de\/wp-json\/wp\/v2\/product_cat?post=14507"},{"taxonomy":"product_tag","embeddable":true,"href":"https:\/\/www.prokennex.eu\/de\/wp-json\/wp\/v2\/product_tag?post=14507"}],"curies":[{"name":"wp","href":"https:\/\/api.w.org\/{rel}","templated":true}]}}