{"id":13373,"date":"2024-01-05T23:27:23","date_gmt":"2024-01-05T22:27:23","guid":{"rendered":"https:\/\/www.prokennex.eu\/unkategorisiert\/black-ace-lg\/"},"modified":"2024-01-05T23:27:23","modified_gmt":"2024-01-05T22:27:23","slug":"black-ace-lg","status":"publish","type":"product","link":"https:\/\/www.prokennex.eu\/de\/schlager-outlet\/black-ace-lg\/","title":{"rendered":"Black Ace LG"},"content":{"rendered":"","protected":false},"excerpt":{"rendered":"<p>Black Ace LG, ein Akronym f\u00fcr &#8222;LONG GRIP&#8220;, ist das Ergebnis einer Zusammenarbeit zwischen ProKennex und Daniel De La Rosa, der Nummer 1 der Welt im Racquetball und Profi-Spieler in der Professional Pickleball Association und der Major League Pickleball.<\/p>\n<p>Entwickelt aus Karbongraphit mit einer schmaleren und l\u00e4ngeren Platte im Vergleich zum Black Ace Pro, garantiert der neue LG maximale Leistung f\u00fcr jede Art von Spin. Das Air-O-Guard-System bietet eine noch nie dagewesene Aerodynamik und Schwungf\u00e4higkeit f\u00fcr ultraschnelle Reflexe und einen noch pr\u00e4gnanteren Ballaufschlag. Der verl\u00e4ngerte Griff, bei dem der Sweetspot nach oben verlagert ist, f\u00f6rdert die maximale Kraftentfaltung und erleichtert die beidh\u00e4ndige R\u00fcckhand, die in allen Spielsituationen mit gro\u00dfer Leichtigkeit gespielt werden kann.<\/p>\n<p>Schlie\u00dflich verleiht das einzigartige Kinetic System dem Schl\u00e4ger Stabilit\u00e4t und eliminiert jegliche Vibration, um ein maximales Spielerlebnis mit Komfort und Armschutz zu gew\u00e4hrleisten.<\/p>\n","protected":false},"featured_media":13271,"comment_status":"open","ping_status":"closed","template":"","meta":{"_acf_changed":false},"tecnologia":[1328],"product_brand":[],"product_cat":[1472,1471],"product_tag":[2056],"class_list":{"0":"post-13373","1":"product","2":"type-product","3":"status-publish","4":"has-post-thumbnail","6":"tecnologia-kinetic-system-de","7":"product_cat-outlet-de","8":"product_cat-schlager-outlet","9":"product_tag-ace-station-de","11":"first","12":"outofstock","13":"sale","14":"taxable","15":"shipping-taxable","16":"purchasable","17":"product-type-simple"},"bundled_by":[],"bundle_stock_status":"outofstock","bundle_stock_quantity":0,"bundle_virtual":false,"bundle_layout":"","bundle_add_to_cart_form_location":"","bundle_editable_in_cart":false,"bundle_sold_individually_context":"","bundle_item_grouping":"","bundle_min_size":"","bundle_max_size":"","bundle_price":[],"bundled_items":[],"bundle_sell_ids":[],"acf":[],"yoast_head":"<!-- This site is optimized with the Yoast SEO plugin v27.4 - https:\/\/yoast.com\/product\/yoast-seo-wordpress\/ -->\n<title>Black Ace LG - ProKennex Racchette e Accessori<\/title>\n<meta name=\"robots\" content=\"index, follow, max-snippet:-1, max-image-preview:large, max-video-preview:-1\" \/>\n<link rel=\"canonical\" href=\"https:\/\/www.prokennex.eu\/de\/schlager-outlet\/black-ace-lg\/\" \/>\n<meta property=\"og:locale\" content=\"de_DE\" \/>\n<meta property=\"og:type\" content=\"article\" \/>\n<meta property=\"og:title\" content=\"Black Ace LG - ProKennex Racchette e Accessori\" \/>\n<meta property=\"og:description\" content=\"Black Ace LG, ein Akronym f\u00fcr &quot;LONG GRIP&quot;, ist das Ergebnis einer Zusammenarbeit zwischen ProKennex und Daniel De La Rosa, der Nummer 1 der Welt im Racquetball und Profi-Spieler in der Professional Pickleball Association und der Major League Pickleball.  Entwickelt aus Karbongraphit mit einer schmaleren und l\u00e4ngeren Platte im Vergleich zum Black Ace Pro, garantiert der neue LG maximale Leistung f\u00fcr jede Art von Spin. Das Air-O-Guard-System bietet eine noch nie dagewesene Aerodynamik und Schwungf\u00e4higkeit f\u00fcr ultraschnelle Reflexe und einen noch pr\u00e4gnanteren Ballaufschlag. Der verl\u00e4ngerte Griff, bei dem der Sweetspot nach oben verlagert ist, f\u00f6rdert die maximale Kraftentfaltung und erleichtert die beidh\u00e4ndige R\u00fcckhand, die in allen Spielsituationen mit gro\u00dfer Leichtigkeit gespielt werden kann.  Schlie\u00dflich verleiht das einzigartige Kinetic System dem Schl\u00e4ger Stabilit\u00e4t und eliminiert jegliche Vibration, um ein maximales Spielerlebnis mit Komfort und Armschutz zu gew\u00e4hrleisten.\" \/>\n<meta property=\"og:url\" content=\"https:\/\/www.prokennex.eu\/de\/schlager-outlet\/black-ace-lg\/\" \/>\n<meta property=\"og:site_name\" content=\"ProKennex Racchette e Accessori\" \/>\n<meta property=\"og:image\" content=\"https:\/\/www.prokennex.eu\/wp-content\/uploads\/2024\/01\/black-ace-lg-01.jpg\" \/>\n\t<meta property=\"og:image:width\" content=\"2000\" \/>\n\t<meta property=\"og:image:height\" content=\"2000\" \/>\n\t<meta property=\"og:image:type\" content=\"image\/jpeg\" \/>\n<meta name=\"twitter:card\" content=\"summary_large_image\" \/>\n<script type=\"application\/ld+json\" class=\"yoast-schema-graph\">{\"@context\":\"https:\\\/\\\/schema.org\",\"@graph\":[{\"@type\":\"WebPage\",\"@id\":\"https:\\\/\\\/www.prokennex.eu\\\/de\\\/schlager-outlet\\\/black-ace-lg\\\/\",\"url\":\"https:\\\/\\\/www.prokennex.eu\\\/de\\\/schlager-outlet\\\/black-ace-lg\\\/\",\"name\":\"Black Ace LG - ProKennex Racchette e Accessori\",\"isPartOf\":{\"@id\":\"https:\\\/\\\/www.prokennex.eu\\\/de\\\/#website\"},\"primaryImageOfPage\":{\"@id\":\"https:\\\/\\\/www.prokennex.eu\\\/de\\\/schlager-outlet\\\/black-ace-lg\\\/#primaryimage\"},\"image\":{\"@id\":\"https:\\\/\\\/www.prokennex.eu\\\/de\\\/schlager-outlet\\\/black-ace-lg\\\/#primaryimage\"},\"thumbnailUrl\":\"https:\\\/\\\/www.prokennex.eu\\\/wp-content\\\/uploads\\\/2024\\\/01\\\/black-ace-lg-01.jpg\",\"datePublished\":\"2024-01-05T22:27:23+00:00\",\"breadcrumb\":{\"@id\":\"https:\\\/\\\/www.prokennex.eu\\\/de\\\/schlager-outlet\\\/black-ace-lg\\\/#breadcrumb\"},\"inLanguage\":\"de\",\"potentialAction\":[{\"@type\":\"ReadAction\",\"target\":[\"https:\\\/\\\/www.prokennex.eu\\\/de\\\/schlager-outlet\\\/black-ace-lg\\\/\"]}]},{\"@type\":\"ImageObject\",\"inLanguage\":\"de\",\"@id\":\"https:\\\/\\\/www.prokennex.eu\\\/de\\\/schlager-outlet\\\/black-ace-lg\\\/#primaryimage\",\"url\":\"https:\\\/\\\/www.prokennex.eu\\\/wp-content\\\/uploads\\\/2024\\\/01\\\/black-ace-lg-01.jpg\",\"contentUrl\":\"https:\\\/\\\/www.prokennex.eu\\\/wp-content\\\/uploads\\\/2024\\\/01\\\/black-ace-lg-01.jpg\",\"width\":2000,\"height\":2000},{\"@type\":\"BreadcrumbList\",\"@id\":\"https:\\\/\\\/www.prokennex.eu\\\/de\\\/schlager-outlet\\\/black-ace-lg\\\/#breadcrumb\",\"itemListElement\":[{\"@type\":\"ListItem\",\"position\":1,\"name\":\"Shop\",\"item\":\"https:\\\/\\\/www.prokennex.eu\\\/de\\\/negozio\\\/\"},{\"@type\":\"ListItem\",\"position\":2,\"name\":\"Outlet\",\"item\":\"https:\\\/\\\/www.prokennex.eu\\\/de\\\/outlet-de\\\/\"},{\"@type\":\"ListItem\",\"position\":3,\"name\":\"Schl\u00e4ger\",\"item\":\"https:\\\/\\\/www.prokennex.eu\\\/de\\\/outlet-de\\\/schlager-outlet\\\/\"},{\"@type\":\"ListItem\",\"position\":4,\"name\":\"Black Ace LG\"}]},{\"@type\":\"WebSite\",\"@id\":\"https:\\\/\\\/www.prokennex.eu\\\/de\\\/#website\",\"url\":\"https:\\\/\\\/www.prokennex.eu\\\/de\\\/\",\"name\":\"ProKennex Racchette e Accessori\",\"description\":\"Tomorrow&#039;s Tachnologies\",\"publisher\":{\"@id\":\"https:\\\/\\\/www.prokennex.eu\\\/de\\\/#organization\"},\"potentialAction\":[{\"@type\":\"SearchAction\",\"target\":{\"@type\":\"EntryPoint\",\"urlTemplate\":\"https:\\\/\\\/www.prokennex.eu\\\/de\\\/?s={search_term_string}\"},\"query-input\":{\"@type\":\"PropertyValueSpecification\",\"valueRequired\":true,\"valueName\":\"search_term_string\"}}],\"inLanguage\":\"de\"},{\"@type\":\"Organization\",\"@id\":\"https:\\\/\\\/www.prokennex.eu\\\/de\\\/#organization\",\"name\":\"Pro Kennex s.r.l.\",\"url\":\"https:\\\/\\\/www.prokennex.eu\\\/de\\\/\",\"logo\":{\"@type\":\"ImageObject\",\"inLanguage\":\"de\",\"@id\":\"https:\\\/\\\/www.prokennex.eu\\\/de\\\/#\\\/schema\\\/logo\\\/image\\\/\",\"url\":\"https:\\\/\\\/www.prokennex.eu\\\/wp-content\\\/uploads\\\/2021\\\/09\\\/prokennex-logo.svg\",\"contentUrl\":\"https:\\\/\\\/www.prokennex.eu\\\/wp-content\\\/uploads\\\/2021\\\/09\\\/prokennex-logo.svg\",\"width\":\"1440\",\"height\":\"1080\",\"caption\":\"Pro Kennex s.r.l.\"},\"image\":{\"@id\":\"https:\\\/\\\/www.prokennex.eu\\\/de\\\/#\\\/schema\\\/logo\\\/image\\\/\"}}]}<\/script>\n<!-- \/ Yoast SEO plugin. -->","yoast_head_json":{"title":"Black Ace LG - ProKennex Racchette e Accessori","robots":{"index":"index","follow":"follow","max-snippet":"max-snippet:-1","max-image-preview":"max-image-preview:large","max-video-preview":"max-video-preview:-1"},"canonical":"https:\/\/www.prokennex.eu\/de\/schlager-outlet\/black-ace-lg\/","og_locale":"de_DE","og_type":"article","og_title":"Black Ace LG - ProKennex Racchette e Accessori","og_description":"Black Ace LG, ein Akronym f\u00fcr \"LONG GRIP\", ist das Ergebnis einer Zusammenarbeit zwischen ProKennex und Daniel De La Rosa, der Nummer 1 der Welt im Racquetball und Profi-Spieler in der Professional Pickleball Association und der Major League Pickleball.  Entwickelt aus Karbongraphit mit einer schmaleren und l\u00e4ngeren Platte im Vergleich zum Black Ace Pro, garantiert der neue LG maximale Leistung f\u00fcr jede Art von Spin. Das Air-O-Guard-System bietet eine noch nie dagewesene Aerodynamik und Schwungf\u00e4higkeit f\u00fcr ultraschnelle Reflexe und einen noch pr\u00e4gnanteren Ballaufschlag. Der verl\u00e4ngerte Griff, bei dem der Sweetspot nach oben verlagert ist, f\u00f6rdert die maximale Kraftentfaltung und erleichtert die beidh\u00e4ndige R\u00fcckhand, die in allen Spielsituationen mit gro\u00dfer Leichtigkeit gespielt werden kann.  Schlie\u00dflich verleiht das einzigartige Kinetic System dem Schl\u00e4ger Stabilit\u00e4t und eliminiert jegliche Vibration, um ein maximales Spielerlebnis mit Komfort und Armschutz zu gew\u00e4hrleisten.","og_url":"https:\/\/www.prokennex.eu\/de\/schlager-outlet\/black-ace-lg\/","og_site_name":"ProKennex Racchette e Accessori","og_image":[{"width":2000,"height":2000,"url":"https:\/\/www.prokennex.eu\/wp-content\/uploads\/2024\/01\/black-ace-lg-01.jpg","type":"image\/jpeg"}],"twitter_card":"summary_large_image","schema":{"@context":"https:\/\/schema.org","@graph":[{"@type":"WebPage","@id":"https:\/\/www.prokennex.eu\/de\/schlager-outlet\/black-ace-lg\/","url":"https:\/\/www.prokennex.eu\/de\/schlager-outlet\/black-ace-lg\/","name":"Black Ace LG - ProKennex Racchette e Accessori","isPartOf":{"@id":"https:\/\/www.prokennex.eu\/de\/#website"},"primaryImageOfPage":{"@id":"https:\/\/www.prokennex.eu\/de\/schlager-outlet\/black-ace-lg\/#primaryimage"},"image":{"@id":"https:\/\/www.prokennex.eu\/de\/schlager-outlet\/black-ace-lg\/#primaryimage"},"thumbnailUrl":"https:\/\/www.prokennex.eu\/wp-content\/uploads\/2024\/01\/black-ace-lg-01.jpg","datePublished":"2024-01-05T22:27:23+00:00","breadcrumb":{"@id":"https:\/\/www.prokennex.eu\/de\/schlager-outlet\/black-ace-lg\/#breadcrumb"},"inLanguage":"de","potentialAction":[{"@type":"ReadAction","target":["https:\/\/www.prokennex.eu\/de\/schlager-outlet\/black-ace-lg\/"]}]},{"@type":"ImageObject","inLanguage":"de","@id":"https:\/\/www.prokennex.eu\/de\/schlager-outlet\/black-ace-lg\/#primaryimage","url":"https:\/\/www.prokennex.eu\/wp-content\/uploads\/2024\/01\/black-ace-lg-01.jpg","contentUrl":"https:\/\/www.prokennex.eu\/wp-content\/uploads\/2024\/01\/black-ace-lg-01.jpg","width":2000,"height":2000},{"@type":"BreadcrumbList","@id":"https:\/\/www.prokennex.eu\/de\/schlager-outlet\/black-ace-lg\/#breadcrumb","itemListElement":[{"@type":"ListItem","position":1,"name":"Shop","item":"https:\/\/www.prokennex.eu\/de\/negozio\/"},{"@type":"ListItem","position":2,"name":"Outlet","item":"https:\/\/www.prokennex.eu\/de\/outlet-de\/"},{"@type":"ListItem","position":3,"name":"Schl\u00e4ger","item":"https:\/\/www.prokennex.eu\/de\/outlet-de\/schlager-outlet\/"},{"@type":"ListItem","position":4,"name":"Black Ace LG"}]},{"@type":"WebSite","@id":"https:\/\/www.prokennex.eu\/de\/#website","url":"https:\/\/www.prokennex.eu\/de\/","name":"ProKennex Racchette e Accessori","description":"Tomorrow&#039;s Tachnologies","publisher":{"@id":"https:\/\/www.prokennex.eu\/de\/#organization"},"potentialAction":[{"@type":"SearchAction","target":{"@type":"EntryPoint","urlTemplate":"https:\/\/www.prokennex.eu\/de\/?s={search_term_string}"},"query-input":{"@type":"PropertyValueSpecification","valueRequired":true,"valueName":"search_term_string"}}],"inLanguage":"de"},{"@type":"Organization","@id":"https:\/\/www.prokennex.eu\/de\/#organization","name":"Pro Kennex s.r.l.","url":"https:\/\/www.prokennex.eu\/de\/","logo":{"@type":"ImageObject","inLanguage":"de","@id":"https:\/\/www.prokennex.eu\/de\/#\/schema\/logo\/image\/","url":"https:\/\/www.prokennex.eu\/wp-content\/uploads\/2021\/09\/prokennex-logo.svg","contentUrl":"https:\/\/www.prokennex.eu\/wp-content\/uploads\/2021\/09\/prokennex-logo.svg","width":"1440","height":"1080","caption":"Pro Kennex s.r.l."},"image":{"@id":"https:\/\/www.prokennex.eu\/de\/#\/schema\/logo\/image\/"}}]}},"_links":{"self":[{"href":"https:\/\/www.prokennex.eu\/de\/wp-json\/wp\/v2\/product\/13373","targetHints":{"allow":["GET"]}}],"collection":[{"href":"https:\/\/www.prokennex.eu\/de\/wp-json\/wp\/v2\/product"}],"about":[{"href":"https:\/\/www.prokennex.eu\/de\/wp-json\/wp\/v2\/types\/product"}],"replies":[{"embeddable":true,"href":"https:\/\/www.prokennex.eu\/de\/wp-json\/wp\/v2\/comments?post=13373"}],"wp:featuredmedia":[{"embeddable":true,"href":"https:\/\/www.prokennex.eu\/de\/wp-json\/wp\/v2\/media\/13271"}],"wp:attachment":[{"href":"https:\/\/www.prokennex.eu\/de\/wp-json\/wp\/v2\/media?parent=13373"}],"wp:term":[{"taxonomy":"tecnologia","embeddable":true,"href":"https:\/\/www.prokennex.eu\/de\/wp-json\/wp\/v2\/tecnologia?post=13373"},{"taxonomy":"product_brand","embeddable":true,"href":"https:\/\/www.prokennex.eu\/de\/wp-json\/wp\/v2\/product_brand?post=13373"},{"taxonomy":"product_cat","embeddable":true,"href":"https:\/\/www.prokennex.eu\/de\/wp-json\/wp\/v2\/product_cat?post=13373"},{"taxonomy":"product_tag","embeddable":true,"href":"https:\/\/www.prokennex.eu\/de\/wp-json\/wp\/v2\/product_tag?post=13373"}],"curies":[{"name":"wp","href":"https:\/\/api.w.org\/{rel}","templated":true}]}}