{"id":12348,"date":"2023-07-25T18:48:13","date_gmt":"2023-07-14T19:41:31","guid":{"rendered":"https:\/\/www.prokennex.eu\/?post_type=product&#038;p=12348"},"modified":"2023-07-26T11:53:23","modified_gmt":"2023-07-26T09:53:23","slug":"turbo","status":"publish","type":"product","link":"https:\/\/www.prokennex.eu\/de\/schlaeger-padel\/turbo\/","title":{"rendered":"Turbo"},"content":{"rendered":"","protected":false},"excerpt":{"rendered":"<p>Eine runde Schaufel, die in zwei Versionen und 3 Farben pr\u00e4sentiert wird. Mit ihrer hohen Spielbarkeit wird es dem Spieler jeder Stufe erm\u00f6glicht, sofort ein Gef\u00fchl f\u00fcr das Spiel zu bekommen. Die drei Lagen aus Spiral Tech Carbon\u00ae sorgen f\u00fcr Stabilit\u00e4t und Kontrolle. Die besonders gro\u00dfz\u00fcgige Plattentellergr\u00f6\u00dfe und das hochmoderne Soft EVA\u00ae 16 erm\u00f6glichen ein leichtes Auftreffen in allen Spielsituationen.<br \/>\nDie Differenzierung der Lochdurchmesser erm\u00f6glicht hervorragende Auswirkungen auf den Ball.<br \/>\nIn der <a style=\"padding: 2px 6px 4px; border: 1px solid black;\" href=\"..\/turbo-speed\/\">Speed-Version<\/a> verleiht das geringe Gewicht dem Ger\u00e4t zus\u00e4tzliche Wendigkeit.<\/p>\n<p><strong>Kostenloser Schl\u00e4gerkoffer<\/strong><\/p>\n","protected":false},"featured_media":12329,"comment_status":"open","ping_status":"closed","template":"","meta":{"_acf_changed":false},"tecnologia":[468],"product_brand":[],"product_cat":[1478,1479],"product_tag":[],"class_list":{"0":"post-12348","1":"product","2":"type-product","3":"status-publish","4":"has-post-thumbnail","6":"tecnologia-spiral-tech-carbon","7":"product_cat-padel-de","8":"product_cat-schlaeger-padel","10":"first","11":"instock","12":"taxable","13":"shipping-taxable","14":"purchasable","15":"product-type-variable"},"bundled_by":[],"bundle_stock_status":"instock","bundle_stock_quantity":10,"bundle_virtual":false,"bundle_layout":"","bundle_add_to_cart_form_location":"","bundle_editable_in_cart":false,"bundle_sold_individually_context":"","bundle_item_grouping":"","bundle_min_size":"","bundle_max_size":"","bundle_price":[],"bundled_items":[],"bundle_sell_ids":[],"acf":[],"yoast_head":"<!-- This site is optimized with the Yoast SEO plugin v27.1.1 - https:\/\/yoast.com\/product\/yoast-seo-wordpress\/ -->\n<title>Turbo - ProKennex Racchette e Accessori<\/title>\n<meta name=\"robots\" content=\"index, follow, max-snippet:-1, max-image-preview:large, max-video-preview:-1\" \/>\n<link rel=\"canonical\" href=\"https:\/\/www.prokennex.eu\/de\/schlaeger-padel\/turbo\/\" \/>\n<meta property=\"og:locale\" content=\"de_DE\" \/>\n<meta property=\"og:type\" content=\"article\" \/>\n<meta property=\"og:title\" content=\"Turbo - ProKennex Racchette e Accessori\" \/>\n<meta property=\"og:description\" content=\"Eine runde Schaufel, die in zwei Versionen und 3 Farben pr\u00e4sentiert wird. Mit ihrer hohen Spielbarkeit wird es dem Spieler jeder Stufe erm\u00f6glicht, sofort ein Gef\u00fchl f\u00fcr das Spiel zu bekommen. Die drei Lagen aus Spiral Tech Carbon\u00ae sorgen f\u00fcr Stabilit\u00e4t und Kontrolle. Die besonders gro\u00dfz\u00fcgige Plattentellergr\u00f6\u00dfe und das hochmoderne Soft EVA\u00ae 16 erm\u00f6glichen ein leichtes Auftreffen in allen Spielsituationen. Die Differenzierung der Lochdurchmesser erm\u00f6glicht hervorragende Auswirkungen auf den Ball. In der Speed-Version verleiht das geringe Gewicht dem Ger\u00e4t zus\u00e4tzliche Wendigkeit.  Kostenloser Schl\u00e4gerkoffer\" \/>\n<meta property=\"og:url\" content=\"https:\/\/www.prokennex.eu\/de\/schlaeger-padel\/turbo\/\" \/>\n<meta property=\"og:site_name\" content=\"ProKennex Racchette e Accessori\" \/>\n<meta property=\"article:modified_time\" content=\"2023-07-26T09:53:23+00:00\" \/>\n<meta property=\"og:image\" content=\"https:\/\/www.prokennex.eu\/wp-content\/uploads\/2023\/07\/turbo-orange-01.jpg\" \/>\n\t<meta property=\"og:image:width\" content=\"2000\" \/>\n\t<meta property=\"og:image:height\" content=\"2000\" \/>\n\t<meta property=\"og:image:type\" content=\"image\/jpeg\" \/>\n<meta name=\"twitter:card\" content=\"summary_large_image\" \/>\n<script type=\"application\/ld+json\" class=\"yoast-schema-graph\">{\"@context\":\"https:\/\/schema.org\",\"@graph\":[{\"@type\":\"WebPage\",\"@id\":\"https:\/\/www.prokennex.eu\/de\/schlaeger-padel\/turbo\/\",\"url\":\"https:\/\/www.prokennex.eu\/de\/schlaeger-padel\/turbo\/\",\"name\":\"Turbo - ProKennex Racchette e Accessori\",\"isPartOf\":{\"@id\":\"https:\/\/www.prokennex.eu\/de\/#website\"},\"primaryImageOfPage\":{\"@id\":\"https:\/\/www.prokennex.eu\/de\/schlaeger-padel\/turbo\/#primaryimage\"},\"image\":{\"@id\":\"https:\/\/www.prokennex.eu\/de\/schlaeger-padel\/turbo\/#primaryimage\"},\"thumbnailUrl\":\"https:\/\/www.prokennex.eu\/wp-content\/uploads\/2023\/07\/turbo-orange-01.jpg\",\"datePublished\":\"2023-07-14T19:41:31+00:00\",\"dateModified\":\"2023-07-26T09:53:23+00:00\",\"breadcrumb\":{\"@id\":\"https:\/\/www.prokennex.eu\/de\/schlaeger-padel\/turbo\/#breadcrumb\"},\"inLanguage\":\"de\",\"potentialAction\":[{\"@type\":\"ReadAction\",\"target\":[\"https:\/\/www.prokennex.eu\/de\/schlaeger-padel\/turbo\/\"]}]},{\"@type\":\"ImageObject\",\"inLanguage\":\"de\",\"@id\":\"https:\/\/www.prokennex.eu\/de\/schlaeger-padel\/turbo\/#primaryimage\",\"url\":\"https:\/\/www.prokennex.eu\/wp-content\/uploads\/2023\/07\/turbo-orange-01.jpg\",\"contentUrl\":\"https:\/\/www.prokennex.eu\/wp-content\/uploads\/2023\/07\/turbo-orange-01.jpg\",\"width\":2000,\"height\":2000},{\"@type\":\"BreadcrumbList\",\"@id\":\"https:\/\/www.prokennex.eu\/de\/schlaeger-padel\/turbo\/#breadcrumb\",\"itemListElement\":[{\"@type\":\"ListItem\",\"position\":1,\"name\":\"Shop\",\"item\":\"https:\/\/www.prokennex.eu\/de\/negozio\/\"},{\"@type\":\"ListItem\",\"position\":2,\"name\":\"Padel\",\"item\":\"https:\/\/www.prokennex.eu\/de\/padel-de\/\"},{\"@type\":\"ListItem\",\"position\":3,\"name\":\"Schl\u00e4ger\",\"item\":\"https:\/\/www.prokennex.eu\/de\/padel-de\/schlaeger-padel\/\"},{\"@type\":\"ListItem\",\"position\":4,\"name\":\"Turbo\"}]},{\"@type\":\"WebSite\",\"@id\":\"https:\/\/www.prokennex.eu\/de\/#website\",\"url\":\"https:\/\/www.prokennex.eu\/de\/\",\"name\":\"ProKennex Racchette e Accessori\",\"description\":\"Tomorrow&#039;s Tachnologies\",\"publisher\":{\"@id\":\"https:\/\/www.prokennex.eu\/de\/#organization\"},\"potentialAction\":[{\"@type\":\"SearchAction\",\"target\":{\"@type\":\"EntryPoint\",\"urlTemplate\":\"https:\/\/www.prokennex.eu\/de\/?s={search_term_string}\"},\"query-input\":{\"@type\":\"PropertyValueSpecification\",\"valueRequired\":true,\"valueName\":\"search_term_string\"}}],\"inLanguage\":\"de\"},{\"@type\":\"Organization\",\"@id\":\"https:\/\/www.prokennex.eu\/de\/#organization\",\"name\":\"Pro Kennex s.r.l.\",\"url\":\"https:\/\/www.prokennex.eu\/de\/\",\"logo\":{\"@type\":\"ImageObject\",\"inLanguage\":\"de\",\"@id\":\"https:\/\/www.prokennex.eu\/de\/#\/schema\/logo\/image\/\",\"url\":\"https:\/\/www.prokennex.eu\/wp-content\/uploads\/2021\/09\/prokennex-logo.svg\",\"contentUrl\":\"https:\/\/www.prokennex.eu\/wp-content\/uploads\/2021\/09\/prokennex-logo.svg\",\"width\":\"1440\",\"height\":\"1080\",\"caption\":\"Pro Kennex s.r.l.\"},\"image\":{\"@id\":\"https:\/\/www.prokennex.eu\/de\/#\/schema\/logo\/image\/\"}}]}<\/script>\n<!-- \/ Yoast SEO plugin. -->","yoast_head_json":{"title":"Turbo - ProKennex Racchette e Accessori","robots":{"index":"index","follow":"follow","max-snippet":"max-snippet:-1","max-image-preview":"max-image-preview:large","max-video-preview":"max-video-preview:-1"},"canonical":"https:\/\/www.prokennex.eu\/de\/schlaeger-padel\/turbo\/","og_locale":"de_DE","og_type":"article","og_title":"Turbo - ProKennex Racchette e Accessori","og_description":"Eine runde Schaufel, die in zwei Versionen und 3 Farben pr\u00e4sentiert wird. Mit ihrer hohen Spielbarkeit wird es dem Spieler jeder Stufe erm\u00f6glicht, sofort ein Gef\u00fchl f\u00fcr das Spiel zu bekommen. Die drei Lagen aus Spiral Tech Carbon\u00ae sorgen f\u00fcr Stabilit\u00e4t und Kontrolle. Die besonders gro\u00dfz\u00fcgige Plattentellergr\u00f6\u00dfe und das hochmoderne Soft EVA\u00ae 16 erm\u00f6glichen ein leichtes Auftreffen in allen Spielsituationen. Die Differenzierung der Lochdurchmesser erm\u00f6glicht hervorragende Auswirkungen auf den Ball. In der Speed-Version verleiht das geringe Gewicht dem Ger\u00e4t zus\u00e4tzliche Wendigkeit.  Kostenloser Schl\u00e4gerkoffer","og_url":"https:\/\/www.prokennex.eu\/de\/schlaeger-padel\/turbo\/","og_site_name":"ProKennex Racchette e Accessori","article_modified_time":"2023-07-26T09:53:23+00:00","og_image":[{"width":2000,"height":2000,"url":"https:\/\/www.prokennex.eu\/wp-content\/uploads\/2023\/07\/turbo-orange-01.jpg","type":"image\/jpeg"}],"twitter_card":"summary_large_image","schema":{"@context":"https:\/\/schema.org","@graph":[{"@type":"WebPage","@id":"https:\/\/www.prokennex.eu\/de\/schlaeger-padel\/turbo\/","url":"https:\/\/www.prokennex.eu\/de\/schlaeger-padel\/turbo\/","name":"Turbo - ProKennex Racchette e Accessori","isPartOf":{"@id":"https:\/\/www.prokennex.eu\/de\/#website"},"primaryImageOfPage":{"@id":"https:\/\/www.prokennex.eu\/de\/schlaeger-padel\/turbo\/#primaryimage"},"image":{"@id":"https:\/\/www.prokennex.eu\/de\/schlaeger-padel\/turbo\/#primaryimage"},"thumbnailUrl":"https:\/\/www.prokennex.eu\/wp-content\/uploads\/2023\/07\/turbo-orange-01.jpg","datePublished":"2023-07-14T19:41:31+00:00","dateModified":"2023-07-26T09:53:23+00:00","breadcrumb":{"@id":"https:\/\/www.prokennex.eu\/de\/schlaeger-padel\/turbo\/#breadcrumb"},"inLanguage":"de","potentialAction":[{"@type":"ReadAction","target":["https:\/\/www.prokennex.eu\/de\/schlaeger-padel\/turbo\/"]}]},{"@type":"ImageObject","inLanguage":"de","@id":"https:\/\/www.prokennex.eu\/de\/schlaeger-padel\/turbo\/#primaryimage","url":"https:\/\/www.prokennex.eu\/wp-content\/uploads\/2023\/07\/turbo-orange-01.jpg","contentUrl":"https:\/\/www.prokennex.eu\/wp-content\/uploads\/2023\/07\/turbo-orange-01.jpg","width":2000,"height":2000},{"@type":"BreadcrumbList","@id":"https:\/\/www.prokennex.eu\/de\/schlaeger-padel\/turbo\/#breadcrumb","itemListElement":[{"@type":"ListItem","position":1,"name":"Shop","item":"https:\/\/www.prokennex.eu\/de\/negozio\/"},{"@type":"ListItem","position":2,"name":"Padel","item":"https:\/\/www.prokennex.eu\/de\/padel-de\/"},{"@type":"ListItem","position":3,"name":"Schl\u00e4ger","item":"https:\/\/www.prokennex.eu\/de\/padel-de\/schlaeger-padel\/"},{"@type":"ListItem","position":4,"name":"Turbo"}]},{"@type":"WebSite","@id":"https:\/\/www.prokennex.eu\/de\/#website","url":"https:\/\/www.prokennex.eu\/de\/","name":"ProKennex Racchette e Accessori","description":"Tomorrow&#039;s Tachnologies","publisher":{"@id":"https:\/\/www.prokennex.eu\/de\/#organization"},"potentialAction":[{"@type":"SearchAction","target":{"@type":"EntryPoint","urlTemplate":"https:\/\/www.prokennex.eu\/de\/?s={search_term_string}"},"query-input":{"@type":"PropertyValueSpecification","valueRequired":true,"valueName":"search_term_string"}}],"inLanguage":"de"},{"@type":"Organization","@id":"https:\/\/www.prokennex.eu\/de\/#organization","name":"Pro Kennex s.r.l.","url":"https:\/\/www.prokennex.eu\/de\/","logo":{"@type":"ImageObject","inLanguage":"de","@id":"https:\/\/www.prokennex.eu\/de\/#\/schema\/logo\/image\/","url":"https:\/\/www.prokennex.eu\/wp-content\/uploads\/2021\/09\/prokennex-logo.svg","contentUrl":"https:\/\/www.prokennex.eu\/wp-content\/uploads\/2021\/09\/prokennex-logo.svg","width":"1440","height":"1080","caption":"Pro Kennex s.r.l."},"image":{"@id":"https:\/\/www.prokennex.eu\/de\/#\/schema\/logo\/image\/"}}]}},"_links":{"self":[{"href":"https:\/\/www.prokennex.eu\/de\/wp-json\/wp\/v2\/product\/12348","targetHints":{"allow":["GET"]}}],"collection":[{"href":"https:\/\/www.prokennex.eu\/de\/wp-json\/wp\/v2\/product"}],"about":[{"href":"https:\/\/www.prokennex.eu\/de\/wp-json\/wp\/v2\/types\/product"}],"replies":[{"embeddable":true,"href":"https:\/\/www.prokennex.eu\/de\/wp-json\/wp\/v2\/comments?post=12348"}],"wp:featuredmedia":[{"embeddable":true,"href":"https:\/\/www.prokennex.eu\/de\/wp-json\/wp\/v2\/media\/12329"}],"wp:attachment":[{"href":"https:\/\/www.prokennex.eu\/de\/wp-json\/wp\/v2\/media?parent=12348"}],"wp:term":[{"taxonomy":"tecnologia","embeddable":true,"href":"https:\/\/www.prokennex.eu\/de\/wp-json\/wp\/v2\/tecnologia?post=12348"},{"taxonomy":"product_brand","embeddable":true,"href":"https:\/\/www.prokennex.eu\/de\/wp-json\/wp\/v2\/product_brand?post=12348"},{"taxonomy":"product_cat","embeddable":true,"href":"https:\/\/www.prokennex.eu\/de\/wp-json\/wp\/v2\/product_cat?post=12348"},{"taxonomy":"product_tag","embeddable":true,"href":"https:\/\/www.prokennex.eu\/de\/wp-json\/wp\/v2\/product_tag?post=12348"}],"curies":[{"name":"wp","href":"https:\/\/api.w.org\/{rel}","templated":true}]}}