{"id":12076,"date":"2025-12-12T20:00:34","date_gmt":"2025-12-12T19:00:34","guid":{"rendered":"https:\/\/www.prokennex.eu\/unkategorisiert\/black-ace\/"},"modified":"2025-12-13T03:56:53","modified_gmt":"2025-12-13T02:56:53","slug":"black-ace","status":"publish","type":"product","link":"https:\/\/www.prokennex.eu\/de\/schlaeger-padel\/black-ace\/","title":{"rendered":"Black Ace"},"content":{"rendered":"","protected":false},"excerpt":{"rendered":"<p data-start=\"1461\" data-end=\"2003\">Entwickelt f\u00fcr Spieler, die ohne Z\u00f6gern angreifen, bringt der neue Black Ace sofortige Aggressivit\u00e4t auf den Platz: Diamantform, steife Konstruktion und hohe Balance f\u00fcr schmerzhafte \u00dcberkopf-Schl\u00e4ge. <strong>Spiral Tech Carbon\u00ae<\/strong> 3-layer und <strong>PK-Bridge\u00ae<\/strong> sorgen f\u00fcr einen klaren, stabilen Treffpunkt, w\u00e4hrend das <strong>Kinetic System\u00ae<\/strong> Vibrationen absorbiert, die Pr\u00e4zision erh\u00f6ht und zus\u00e4tzliche Energie bei Abschlussschl\u00e4gen freisetzt. <strong>Soft EVA\u00ae 16\u00b0<\/strong> erh\u00e4lt Gef\u00fchl und Komfort, w\u00e4hrend <strong>3D Grain Surface\u00ae<\/strong> und <strong>Geo-Dinamic Hole Design\u00ae<\/strong> Spin und Tiefe maximieren.<\/p>\n<p data-start=\"2005\" data-end=\"2083\">F\u00fcr Advanced-Spieler, die das Match als eine zu dominierende Schlacht erleben.<\/p>\n<p data-start=\"2085\" data-end=\"2107\"><strong>Thermoh\u00fclle inklusive.<\/strong><\/p>\n","protected":false},"featured_media":17268,"comment_status":"open","ping_status":"closed","template":"","meta":{"_acf_changed":false},"tecnologia":[2230,1328,2156,468],"product_brand":[],"product_cat":[1478,1479],"product_tag":[2056,2240],"class_list":{"0":"post-12076","1":"product","2":"type-product","3":"status-publish","4":"has-post-thumbnail","6":"tecnologia-3d-grain-surface","7":"tecnologia-kinetic-system-de","8":"tecnologia-racquet-sense-de","9":"tecnologia-spiral-tech-carbon","10":"product_cat-padel-de","11":"product_cat-schlaeger-padel","12":"product_tag-ace-station-de","13":"product_tag-black-ace-padel-de","15":"first","16":"instock","17":"taxable","18":"shipping-taxable","19":"purchasable","20":"product-type-simple"},"bundled_by":[],"bundle_stock_status":"instock","bundle_stock_quantity":10,"bundle_virtual":false,"bundle_layout":"","bundle_add_to_cart_form_location":"","bundle_editable_in_cart":false,"bundle_sold_individually_context":"","bundle_item_grouping":"","bundle_min_size":"","bundle_max_size":"","bundle_price":[],"bundled_items":[],"bundle_sell_ids":[],"acf":[],"yoast_head":"<!-- This site is optimized with the Yoast SEO plugin v27.1.1 - https:\/\/yoast.com\/product\/yoast-seo-wordpress\/ -->\n<title>Black Ace - ProKennex Racchette e Accessori<\/title>\n<meta name=\"description\" content=\"Entwickelt f\u00fcr Spieler, die ohne Z\u00f6gern angreifen, bringt der neue Black Ace sofortige Aggressivit\u00e4t auf den Platz: Diamantform, steife Konstruktion und hohe Balance f\u00fcr schmerzhafte \u00dcberkopf-Schl\u00e4ge\" \/>\n<meta name=\"robots\" content=\"index, follow, max-snippet:-1, max-image-preview:large, max-video-preview:-1\" \/>\n<link rel=\"canonical\" href=\"https:\/\/www.prokennex.eu\/de\/schlaeger-padel\/black-ace\/\" \/>\n<meta property=\"og:locale\" content=\"de_DE\" \/>\n<meta property=\"og:type\" content=\"article\" \/>\n<meta property=\"og:title\" content=\"Black Ace - ProKennex Racchette e Accessori\" \/>\n<meta property=\"og:description\" content=\"Entwickelt f\u00fcr Spieler, die ohne Z\u00f6gern angreifen, bringt der neue Black Ace sofortige Aggressivit\u00e4t auf den Platz: Diamantform, steife Konstruktion und hohe Balance f\u00fcr schmerzhafte \u00dcberkopf-Schl\u00e4ge\" \/>\n<meta property=\"og:url\" content=\"https:\/\/www.prokennex.eu\/de\/schlaeger-padel\/black-ace\/\" \/>\n<meta property=\"og:site_name\" content=\"ProKennex Racchette e Accessori\" \/>\n<meta property=\"article:modified_time\" content=\"2025-12-13T02:56:53+00:00\" \/>\n<meta property=\"og:image\" content=\"https:\/\/www.prokennex.eu\/wp-content\/uploads\/2023\/03\/black-ace-padel-2026-01.jpg\" \/>\n\t<meta property=\"og:image:width\" content=\"2000\" \/>\n\t<meta property=\"og:image:height\" content=\"2000\" \/>\n\t<meta property=\"og:image:type\" content=\"image\/jpeg\" \/>\n<meta name=\"twitter:card\" content=\"summary_large_image\" \/>\n<script type=\"application\/ld+json\" class=\"yoast-schema-graph\">{\"@context\":\"https:\/\/schema.org\",\"@graph\":[{\"@type\":\"WebPage\",\"@id\":\"https:\/\/www.prokennex.eu\/de\/schlaeger-padel\/black-ace\/\",\"url\":\"https:\/\/www.prokennex.eu\/de\/schlaeger-padel\/black-ace\/\",\"name\":\"Black Ace - ProKennex Racchette e Accessori\",\"isPartOf\":{\"@id\":\"https:\/\/www.prokennex.eu\/de\/#website\"},\"primaryImageOfPage\":{\"@id\":\"https:\/\/www.prokennex.eu\/de\/schlaeger-padel\/black-ace\/#primaryimage\"},\"image\":{\"@id\":\"https:\/\/www.prokennex.eu\/de\/schlaeger-padel\/black-ace\/#primaryimage\"},\"thumbnailUrl\":\"https:\/\/www.prokennex.eu\/wp-content\/uploads\/2023\/03\/black-ace-padel-2026-01.jpg\",\"datePublished\":\"2025-12-12T19:00:34+00:00\",\"dateModified\":\"2025-12-13T02:56:53+00:00\",\"description\":\"Entwickelt f\u00fcr Spieler, die ohne Z\u00f6gern angreifen, bringt der neue Black Ace sofortige Aggressivit\u00e4t auf den Platz: Diamantform, steife Konstruktion und hohe Balance f\u00fcr schmerzhafte \u00dcberkopf-Schl\u00e4ge\",\"breadcrumb\":{\"@id\":\"https:\/\/www.prokennex.eu\/de\/schlaeger-padel\/black-ace\/#breadcrumb\"},\"inLanguage\":\"de\",\"potentialAction\":[{\"@type\":\"ReadAction\",\"target\":[\"https:\/\/www.prokennex.eu\/de\/schlaeger-padel\/black-ace\/\"]}]},{\"@type\":\"ImageObject\",\"inLanguage\":\"de\",\"@id\":\"https:\/\/www.prokennex.eu\/de\/schlaeger-padel\/black-ace\/#primaryimage\",\"url\":\"https:\/\/www.prokennex.eu\/wp-content\/uploads\/2023\/03\/black-ace-padel-2026-01.jpg\",\"contentUrl\":\"https:\/\/www.prokennex.eu\/wp-content\/uploads\/2023\/03\/black-ace-padel-2026-01.jpg\",\"width\":2000,\"height\":2000},{\"@type\":\"BreadcrumbList\",\"@id\":\"https:\/\/www.prokennex.eu\/de\/schlaeger-padel\/black-ace\/#breadcrumb\",\"itemListElement\":[{\"@type\":\"ListItem\",\"position\":1,\"name\":\"Shop\",\"item\":\"https:\/\/www.prokennex.eu\/de\/negozio\/\"},{\"@type\":\"ListItem\",\"position\":2,\"name\":\"Padel\",\"item\":\"https:\/\/www.prokennex.eu\/de\/padel-de\/\"},{\"@type\":\"ListItem\",\"position\":3,\"name\":\"Schl\u00e4ger\",\"item\":\"https:\/\/www.prokennex.eu\/de\/padel-de\/schlaeger-padel\/\"},{\"@type\":\"ListItem\",\"position\":4,\"name\":\"Black Ace\"}]},{\"@type\":\"WebSite\",\"@id\":\"https:\/\/www.prokennex.eu\/de\/#website\",\"url\":\"https:\/\/www.prokennex.eu\/de\/\",\"name\":\"ProKennex Racchette e Accessori\",\"description\":\"Tomorrow&#039;s Tachnologies\",\"publisher\":{\"@id\":\"https:\/\/www.prokennex.eu\/de\/#organization\"},\"potentialAction\":[{\"@type\":\"SearchAction\",\"target\":{\"@type\":\"EntryPoint\",\"urlTemplate\":\"https:\/\/www.prokennex.eu\/de\/?s={search_term_string}\"},\"query-input\":{\"@type\":\"PropertyValueSpecification\",\"valueRequired\":true,\"valueName\":\"search_term_string\"}}],\"inLanguage\":\"de\"},{\"@type\":\"Organization\",\"@id\":\"https:\/\/www.prokennex.eu\/de\/#organization\",\"name\":\"Pro Kennex s.r.l.\",\"url\":\"https:\/\/www.prokennex.eu\/de\/\",\"logo\":{\"@type\":\"ImageObject\",\"inLanguage\":\"de\",\"@id\":\"https:\/\/www.prokennex.eu\/de\/#\/schema\/logo\/image\/\",\"url\":\"https:\/\/www.prokennex.eu\/wp-content\/uploads\/2021\/09\/prokennex-logo.svg\",\"contentUrl\":\"https:\/\/www.prokennex.eu\/wp-content\/uploads\/2021\/09\/prokennex-logo.svg\",\"width\":\"1440\",\"height\":\"1080\",\"caption\":\"Pro Kennex s.r.l.\"},\"image\":{\"@id\":\"https:\/\/www.prokennex.eu\/de\/#\/schema\/logo\/image\/\"}}]}<\/script>\n<!-- \/ Yoast SEO plugin. -->","yoast_head_json":{"title":"Black Ace - ProKennex Racchette e Accessori","description":"Entwickelt f\u00fcr Spieler, die ohne Z\u00f6gern angreifen, bringt der neue Black Ace sofortige Aggressivit\u00e4t auf den Platz: Diamantform, steife Konstruktion und hohe Balance f\u00fcr schmerzhafte \u00dcberkopf-Schl\u00e4ge","robots":{"index":"index","follow":"follow","max-snippet":"max-snippet:-1","max-image-preview":"max-image-preview:large","max-video-preview":"max-video-preview:-1"},"canonical":"https:\/\/www.prokennex.eu\/de\/schlaeger-padel\/black-ace\/","og_locale":"de_DE","og_type":"article","og_title":"Black Ace - ProKennex Racchette e Accessori","og_description":"Entwickelt f\u00fcr Spieler, die ohne Z\u00f6gern angreifen, bringt der neue Black Ace sofortige Aggressivit\u00e4t auf den Platz: Diamantform, steife Konstruktion und hohe Balance f\u00fcr schmerzhafte \u00dcberkopf-Schl\u00e4ge","og_url":"https:\/\/www.prokennex.eu\/de\/schlaeger-padel\/black-ace\/","og_site_name":"ProKennex Racchette e Accessori","article_modified_time":"2025-12-13T02:56:53+00:00","og_image":[{"width":2000,"height":2000,"url":"https:\/\/www.prokennex.eu\/wp-content\/uploads\/2023\/03\/black-ace-padel-2026-01.jpg","type":"image\/jpeg"}],"twitter_card":"summary_large_image","schema":{"@context":"https:\/\/schema.org","@graph":[{"@type":"WebPage","@id":"https:\/\/www.prokennex.eu\/de\/schlaeger-padel\/black-ace\/","url":"https:\/\/www.prokennex.eu\/de\/schlaeger-padel\/black-ace\/","name":"Black Ace - ProKennex Racchette e Accessori","isPartOf":{"@id":"https:\/\/www.prokennex.eu\/de\/#website"},"primaryImageOfPage":{"@id":"https:\/\/www.prokennex.eu\/de\/schlaeger-padel\/black-ace\/#primaryimage"},"image":{"@id":"https:\/\/www.prokennex.eu\/de\/schlaeger-padel\/black-ace\/#primaryimage"},"thumbnailUrl":"https:\/\/www.prokennex.eu\/wp-content\/uploads\/2023\/03\/black-ace-padel-2026-01.jpg","datePublished":"2025-12-12T19:00:34+00:00","dateModified":"2025-12-13T02:56:53+00:00","description":"Entwickelt f\u00fcr Spieler, die ohne Z\u00f6gern angreifen, bringt der neue Black Ace sofortige Aggressivit\u00e4t auf den Platz: Diamantform, steife Konstruktion und hohe Balance f\u00fcr schmerzhafte \u00dcberkopf-Schl\u00e4ge","breadcrumb":{"@id":"https:\/\/www.prokennex.eu\/de\/schlaeger-padel\/black-ace\/#breadcrumb"},"inLanguage":"de","potentialAction":[{"@type":"ReadAction","target":["https:\/\/www.prokennex.eu\/de\/schlaeger-padel\/black-ace\/"]}]},{"@type":"ImageObject","inLanguage":"de","@id":"https:\/\/www.prokennex.eu\/de\/schlaeger-padel\/black-ace\/#primaryimage","url":"https:\/\/www.prokennex.eu\/wp-content\/uploads\/2023\/03\/black-ace-padel-2026-01.jpg","contentUrl":"https:\/\/www.prokennex.eu\/wp-content\/uploads\/2023\/03\/black-ace-padel-2026-01.jpg","width":2000,"height":2000},{"@type":"BreadcrumbList","@id":"https:\/\/www.prokennex.eu\/de\/schlaeger-padel\/black-ace\/#breadcrumb","itemListElement":[{"@type":"ListItem","position":1,"name":"Shop","item":"https:\/\/www.prokennex.eu\/de\/negozio\/"},{"@type":"ListItem","position":2,"name":"Padel","item":"https:\/\/www.prokennex.eu\/de\/padel-de\/"},{"@type":"ListItem","position":3,"name":"Schl\u00e4ger","item":"https:\/\/www.prokennex.eu\/de\/padel-de\/schlaeger-padel\/"},{"@type":"ListItem","position":4,"name":"Black Ace"}]},{"@type":"WebSite","@id":"https:\/\/www.prokennex.eu\/de\/#website","url":"https:\/\/www.prokennex.eu\/de\/","name":"ProKennex Racchette e Accessori","description":"Tomorrow&#039;s Tachnologies","publisher":{"@id":"https:\/\/www.prokennex.eu\/de\/#organization"},"potentialAction":[{"@type":"SearchAction","target":{"@type":"EntryPoint","urlTemplate":"https:\/\/www.prokennex.eu\/de\/?s={search_term_string}"},"query-input":{"@type":"PropertyValueSpecification","valueRequired":true,"valueName":"search_term_string"}}],"inLanguage":"de"},{"@type":"Organization","@id":"https:\/\/www.prokennex.eu\/de\/#organization","name":"Pro Kennex s.r.l.","url":"https:\/\/www.prokennex.eu\/de\/","logo":{"@type":"ImageObject","inLanguage":"de","@id":"https:\/\/www.prokennex.eu\/de\/#\/schema\/logo\/image\/","url":"https:\/\/www.prokennex.eu\/wp-content\/uploads\/2021\/09\/prokennex-logo.svg","contentUrl":"https:\/\/www.prokennex.eu\/wp-content\/uploads\/2021\/09\/prokennex-logo.svg","width":"1440","height":"1080","caption":"Pro Kennex s.r.l."},"image":{"@id":"https:\/\/www.prokennex.eu\/de\/#\/schema\/logo\/image\/"}}]}},"_links":{"self":[{"href":"https:\/\/www.prokennex.eu\/de\/wp-json\/wp\/v2\/product\/12076","targetHints":{"allow":["GET"]}}],"collection":[{"href":"https:\/\/www.prokennex.eu\/de\/wp-json\/wp\/v2\/product"}],"about":[{"href":"https:\/\/www.prokennex.eu\/de\/wp-json\/wp\/v2\/types\/product"}],"replies":[{"embeddable":true,"href":"https:\/\/www.prokennex.eu\/de\/wp-json\/wp\/v2\/comments?post=12076"}],"wp:featuredmedia":[{"embeddable":true,"href":"https:\/\/www.prokennex.eu\/de\/wp-json\/wp\/v2\/media\/17268"}],"wp:attachment":[{"href":"https:\/\/www.prokennex.eu\/de\/wp-json\/wp\/v2\/media?parent=12076"}],"wp:term":[{"taxonomy":"tecnologia","embeddable":true,"href":"https:\/\/www.prokennex.eu\/de\/wp-json\/wp\/v2\/tecnologia?post=12076"},{"taxonomy":"product_brand","embeddable":true,"href":"https:\/\/www.prokennex.eu\/de\/wp-json\/wp\/v2\/product_brand?post=12076"},{"taxonomy":"product_cat","embeddable":true,"href":"https:\/\/www.prokennex.eu\/de\/wp-json\/wp\/v2\/product_cat?post=12076"},{"taxonomy":"product_tag","embeddable":true,"href":"https:\/\/www.prokennex.eu\/de\/wp-json\/wp\/v2\/product_tag?post=12076"}],"curies":[{"name":"wp","href":"https:\/\/api.w.org\/{rel}","templated":true}]}}