{"id":11864,"date":"2022-12-19T12:34:53","date_gmt":"2022-12-19T11:34:53","guid":{"rendered":"https:\/\/www.prokennex.eu\/unkategorisiert\/black-ace-xf\/"},"modified":"2023-08-04T09:37:57","modified_gmt":"2023-08-04T07:37:57","slug":"black-ace-xf","status":"publish","type":"product","link":"https:\/\/www.prokennex.eu\/de\/schlaeger-pickleball\/black-ace-xf\/","title":{"rendered":"Black Ace XF"},"content":{"rendered":"","protected":false},"excerpt":{"rendered":"<p>Das Black Ace XF ist ein einteiliger Carbonschl\u00e4ger mit TORAY-Beschichtung. Durch den verl\u00e4ngerten Rahmen bietet der Black Ace XF maximale Power bei jedem Schlag und Leichtigkeit bei den R\u00fcckschl\u00e4gen sowohl im Hinterfeld als auch am Netz, was ihn zum idealen Schl\u00e4ger im Einzelspiel macht. Die Kraft\u00fcbertragung ist das Ergebnis des perfekten Schwungs des in kantenlosem Design ausgef\u00fchrten Rahmens.<\/p>\n<p>Der Black Ace XF zeichnet sich durch unsere Kinetic-Technologie aus, die St\u00f6\u00dfe und Vibrationen vollst\u00e4ndig absorbiert. Das auch im Schl\u00e4gergriff eingebaute Kinetik-System tr\u00e4gt zur Steigerung der Kraft\u00fcbertragung bei und sorgt f\u00fcr ein einzigartiges Spielerlebnis.<\/p>\n<p><strong>Kostenlose Schl\u00e4gerh\u00fclle.<\/strong><\/p>\n","protected":false},"featured_media":11860,"comment_status":"open","ping_status":"closed","template":"","meta":{"_acf_changed":false},"tecnologia":[1328],"product_brand":[],"product_cat":[1484,1485],"product_tag":[],"class_list":{"0":"post-11864","1":"product","2":"type-product","3":"status-publish","4":"has-post-thumbnail","6":"tecnologia-kinetic-system-de","7":"product_cat-pickleball-de","8":"product_cat-schlaeger-pickleball","10":"first","11":"outofstock","12":"taxable","13":"shipping-taxable","14":"purchasable","15":"product-type-simple"},"bundled_by":[],"bundle_stock_status":"outofstock","bundle_stock_quantity":0,"bundle_virtual":false,"bundle_layout":"","bundle_add_to_cart_form_location":"","bundle_editable_in_cart":false,"bundle_sold_individually_context":"","bundle_item_grouping":"","bundle_min_size":"","bundle_max_size":"","bundle_price":[],"bundled_items":[],"bundle_sell_ids":[],"acf":[],"yoast_head":"<!-- This site is optimized with the Yoast SEO plugin v27.4 - https:\/\/yoast.com\/product\/yoast-seo-wordpress\/ -->\n<title>Black Ace XF - ProKennex Racchette e Accessori<\/title>\n<meta name=\"robots\" content=\"index, follow, max-snippet:-1, max-image-preview:large, max-video-preview:-1\" \/>\n<link rel=\"canonical\" href=\"https:\/\/www.prokennex.eu\/de\/schlaeger-pickleball\/black-ace-xf\/\" \/>\n<meta property=\"og:locale\" content=\"de_DE\" \/>\n<meta property=\"og:type\" content=\"article\" \/>\n<meta property=\"og:title\" content=\"Black Ace XF - ProKennex Racchette e Accessori\" \/>\n<meta property=\"og:description\" content=\"Das Black Ace XF ist ein einteiliger Carbonschl\u00e4ger mit TORAY-Beschichtung. Durch den verl\u00e4ngerten Rahmen bietet der Black Ace XF maximale Power bei jedem Schlag und Leichtigkeit bei den R\u00fcckschl\u00e4gen sowohl im Hinterfeld als auch am Netz, was ihn zum idealen Schl\u00e4ger im Einzelspiel macht. Die Kraft\u00fcbertragung ist das Ergebnis des perfekten Schwungs des in kantenlosem Design ausgef\u00fchrten Rahmens.  Der Black Ace XF zeichnet sich durch unsere Kinetic-Technologie aus, die St\u00f6\u00dfe und Vibrationen vollst\u00e4ndig absorbiert. Das auch im Schl\u00e4gergriff eingebaute Kinetik-System tr\u00e4gt zur Steigerung der Kraft\u00fcbertragung bei und sorgt f\u00fcr ein einzigartiges Spielerlebnis.  Kostenlose Schl\u00e4gerh\u00fclle.\" \/>\n<meta property=\"og:url\" content=\"https:\/\/www.prokennex.eu\/de\/schlaeger-pickleball\/black-ace-xf\/\" \/>\n<meta property=\"og:site_name\" content=\"ProKennex Racchette e Accessori\" \/>\n<meta property=\"article:modified_time\" content=\"2023-08-04T07:37:57+00:00\" \/>\n<meta property=\"og:image\" content=\"https:\/\/www.prokennex.eu\/wp-content\/uploads\/2022\/12\/prokennex-black-ace-XF-free.jpg\" \/>\n\t<meta property=\"og:image:width\" content=\"2000\" \/>\n\t<meta property=\"og:image:height\" content=\"2000\" \/>\n\t<meta property=\"og:image:type\" content=\"image\/jpeg\" \/>\n<meta name=\"twitter:card\" content=\"summary_large_image\" \/>\n<script type=\"application\/ld+json\" class=\"yoast-schema-graph\">{\"@context\":\"https:\\\/\\\/schema.org\",\"@graph\":[{\"@type\":\"WebPage\",\"@id\":\"https:\\\/\\\/www.prokennex.eu\\\/de\\\/schlaeger-pickleball\\\/black-ace-xf\\\/\",\"url\":\"https:\\\/\\\/www.prokennex.eu\\\/de\\\/schlaeger-pickleball\\\/black-ace-xf\\\/\",\"name\":\"Black Ace XF - ProKennex Racchette e Accessori\",\"isPartOf\":{\"@id\":\"https:\\\/\\\/www.prokennex.eu\\\/de\\\/#website\"},\"primaryImageOfPage\":{\"@id\":\"https:\\\/\\\/www.prokennex.eu\\\/de\\\/schlaeger-pickleball\\\/black-ace-xf\\\/#primaryimage\"},\"image\":{\"@id\":\"https:\\\/\\\/www.prokennex.eu\\\/de\\\/schlaeger-pickleball\\\/black-ace-xf\\\/#primaryimage\"},\"thumbnailUrl\":\"https:\\\/\\\/www.prokennex.eu\\\/wp-content\\\/uploads\\\/2022\\\/12\\\/prokennex-black-ace-XF-free.jpg\",\"datePublished\":\"2022-12-19T11:34:53+00:00\",\"dateModified\":\"2023-08-04T07:37:57+00:00\",\"breadcrumb\":{\"@id\":\"https:\\\/\\\/www.prokennex.eu\\\/de\\\/schlaeger-pickleball\\\/black-ace-xf\\\/#breadcrumb\"},\"inLanguage\":\"de\",\"potentialAction\":[{\"@type\":\"ReadAction\",\"target\":[\"https:\\\/\\\/www.prokennex.eu\\\/de\\\/schlaeger-pickleball\\\/black-ace-xf\\\/\"]}]},{\"@type\":\"ImageObject\",\"inLanguage\":\"de\",\"@id\":\"https:\\\/\\\/www.prokennex.eu\\\/de\\\/schlaeger-pickleball\\\/black-ace-xf\\\/#primaryimage\",\"url\":\"https:\\\/\\\/www.prokennex.eu\\\/wp-content\\\/uploads\\\/2022\\\/12\\\/prokennex-black-ace-XF-free.jpg\",\"contentUrl\":\"https:\\\/\\\/www.prokennex.eu\\\/wp-content\\\/uploads\\\/2022\\\/12\\\/prokennex-black-ace-XF-free.jpg\",\"width\":2000,\"height\":2000},{\"@type\":\"BreadcrumbList\",\"@id\":\"https:\\\/\\\/www.prokennex.eu\\\/de\\\/schlaeger-pickleball\\\/black-ace-xf\\\/#breadcrumb\",\"itemListElement\":[{\"@type\":\"ListItem\",\"position\":1,\"name\":\"Shop\",\"item\":\"https:\\\/\\\/www.prokennex.eu\\\/de\\\/negozio\\\/\"},{\"@type\":\"ListItem\",\"position\":2,\"name\":\"Pickleball\",\"item\":\"https:\\\/\\\/www.prokennex.eu\\\/de\\\/pickleball-de\\\/\"},{\"@type\":\"ListItem\",\"position\":3,\"name\":\"Schl\u00e4ger\",\"item\":\"https:\\\/\\\/www.prokennex.eu\\\/de\\\/pickleball-de\\\/schlaeger-pickleball\\\/\"},{\"@type\":\"ListItem\",\"position\":4,\"name\":\"Black Ace XF\"}]},{\"@type\":\"WebSite\",\"@id\":\"https:\\\/\\\/www.prokennex.eu\\\/de\\\/#website\",\"url\":\"https:\\\/\\\/www.prokennex.eu\\\/de\\\/\",\"name\":\"ProKennex Racchette e Accessori\",\"description\":\"Tomorrow&#039;s Tachnologies\",\"publisher\":{\"@id\":\"https:\\\/\\\/www.prokennex.eu\\\/de\\\/#organization\"},\"potentialAction\":[{\"@type\":\"SearchAction\",\"target\":{\"@type\":\"EntryPoint\",\"urlTemplate\":\"https:\\\/\\\/www.prokennex.eu\\\/de\\\/?s={search_term_string}\"},\"query-input\":{\"@type\":\"PropertyValueSpecification\",\"valueRequired\":true,\"valueName\":\"search_term_string\"}}],\"inLanguage\":\"de\"},{\"@type\":\"Organization\",\"@id\":\"https:\\\/\\\/www.prokennex.eu\\\/de\\\/#organization\",\"name\":\"Pro Kennex s.r.l.\",\"url\":\"https:\\\/\\\/www.prokennex.eu\\\/de\\\/\",\"logo\":{\"@type\":\"ImageObject\",\"inLanguage\":\"de\",\"@id\":\"https:\\\/\\\/www.prokennex.eu\\\/de\\\/#\\\/schema\\\/logo\\\/image\\\/\",\"url\":\"https:\\\/\\\/www.prokennex.eu\\\/wp-content\\\/uploads\\\/2021\\\/09\\\/prokennex-logo.svg\",\"contentUrl\":\"https:\\\/\\\/www.prokennex.eu\\\/wp-content\\\/uploads\\\/2021\\\/09\\\/prokennex-logo.svg\",\"width\":\"1440\",\"height\":\"1080\",\"caption\":\"Pro Kennex s.r.l.\"},\"image\":{\"@id\":\"https:\\\/\\\/www.prokennex.eu\\\/de\\\/#\\\/schema\\\/logo\\\/image\\\/\"}}]}<\/script>\n<!-- \/ Yoast SEO plugin. -->","yoast_head_json":{"title":"Black Ace XF - ProKennex Racchette e Accessori","robots":{"index":"index","follow":"follow","max-snippet":"max-snippet:-1","max-image-preview":"max-image-preview:large","max-video-preview":"max-video-preview:-1"},"canonical":"https:\/\/www.prokennex.eu\/de\/schlaeger-pickleball\/black-ace-xf\/","og_locale":"de_DE","og_type":"article","og_title":"Black Ace XF - ProKennex Racchette e Accessori","og_description":"Das Black Ace XF ist ein einteiliger Carbonschl\u00e4ger mit TORAY-Beschichtung. Durch den verl\u00e4ngerten Rahmen bietet der Black Ace XF maximale Power bei jedem Schlag und Leichtigkeit bei den R\u00fcckschl\u00e4gen sowohl im Hinterfeld als auch am Netz, was ihn zum idealen Schl\u00e4ger im Einzelspiel macht. Die Kraft\u00fcbertragung ist das Ergebnis des perfekten Schwungs des in kantenlosem Design ausgef\u00fchrten Rahmens.  Der Black Ace XF zeichnet sich durch unsere Kinetic-Technologie aus, die St\u00f6\u00dfe und Vibrationen vollst\u00e4ndig absorbiert. Das auch im Schl\u00e4gergriff eingebaute Kinetik-System tr\u00e4gt zur Steigerung der Kraft\u00fcbertragung bei und sorgt f\u00fcr ein einzigartiges Spielerlebnis.  Kostenlose Schl\u00e4gerh\u00fclle.","og_url":"https:\/\/www.prokennex.eu\/de\/schlaeger-pickleball\/black-ace-xf\/","og_site_name":"ProKennex Racchette e Accessori","article_modified_time":"2023-08-04T07:37:57+00:00","og_image":[{"width":2000,"height":2000,"url":"https:\/\/www.prokennex.eu\/wp-content\/uploads\/2022\/12\/prokennex-black-ace-XF-free.jpg","type":"image\/jpeg"}],"twitter_card":"summary_large_image","schema":{"@context":"https:\/\/schema.org","@graph":[{"@type":"WebPage","@id":"https:\/\/www.prokennex.eu\/de\/schlaeger-pickleball\/black-ace-xf\/","url":"https:\/\/www.prokennex.eu\/de\/schlaeger-pickleball\/black-ace-xf\/","name":"Black Ace XF - ProKennex Racchette e Accessori","isPartOf":{"@id":"https:\/\/www.prokennex.eu\/de\/#website"},"primaryImageOfPage":{"@id":"https:\/\/www.prokennex.eu\/de\/schlaeger-pickleball\/black-ace-xf\/#primaryimage"},"image":{"@id":"https:\/\/www.prokennex.eu\/de\/schlaeger-pickleball\/black-ace-xf\/#primaryimage"},"thumbnailUrl":"https:\/\/www.prokennex.eu\/wp-content\/uploads\/2022\/12\/prokennex-black-ace-XF-free.jpg","datePublished":"2022-12-19T11:34:53+00:00","dateModified":"2023-08-04T07:37:57+00:00","breadcrumb":{"@id":"https:\/\/www.prokennex.eu\/de\/schlaeger-pickleball\/black-ace-xf\/#breadcrumb"},"inLanguage":"de","potentialAction":[{"@type":"ReadAction","target":["https:\/\/www.prokennex.eu\/de\/schlaeger-pickleball\/black-ace-xf\/"]}]},{"@type":"ImageObject","inLanguage":"de","@id":"https:\/\/www.prokennex.eu\/de\/schlaeger-pickleball\/black-ace-xf\/#primaryimage","url":"https:\/\/www.prokennex.eu\/wp-content\/uploads\/2022\/12\/prokennex-black-ace-XF-free.jpg","contentUrl":"https:\/\/www.prokennex.eu\/wp-content\/uploads\/2022\/12\/prokennex-black-ace-XF-free.jpg","width":2000,"height":2000},{"@type":"BreadcrumbList","@id":"https:\/\/www.prokennex.eu\/de\/schlaeger-pickleball\/black-ace-xf\/#breadcrumb","itemListElement":[{"@type":"ListItem","position":1,"name":"Shop","item":"https:\/\/www.prokennex.eu\/de\/negozio\/"},{"@type":"ListItem","position":2,"name":"Pickleball","item":"https:\/\/www.prokennex.eu\/de\/pickleball-de\/"},{"@type":"ListItem","position":3,"name":"Schl\u00e4ger","item":"https:\/\/www.prokennex.eu\/de\/pickleball-de\/schlaeger-pickleball\/"},{"@type":"ListItem","position":4,"name":"Black Ace XF"}]},{"@type":"WebSite","@id":"https:\/\/www.prokennex.eu\/de\/#website","url":"https:\/\/www.prokennex.eu\/de\/","name":"ProKennex Racchette e Accessori","description":"Tomorrow&#039;s Tachnologies","publisher":{"@id":"https:\/\/www.prokennex.eu\/de\/#organization"},"potentialAction":[{"@type":"SearchAction","target":{"@type":"EntryPoint","urlTemplate":"https:\/\/www.prokennex.eu\/de\/?s={search_term_string}"},"query-input":{"@type":"PropertyValueSpecification","valueRequired":true,"valueName":"search_term_string"}}],"inLanguage":"de"},{"@type":"Organization","@id":"https:\/\/www.prokennex.eu\/de\/#organization","name":"Pro Kennex s.r.l.","url":"https:\/\/www.prokennex.eu\/de\/","logo":{"@type":"ImageObject","inLanguage":"de","@id":"https:\/\/www.prokennex.eu\/de\/#\/schema\/logo\/image\/","url":"https:\/\/www.prokennex.eu\/wp-content\/uploads\/2021\/09\/prokennex-logo.svg","contentUrl":"https:\/\/www.prokennex.eu\/wp-content\/uploads\/2021\/09\/prokennex-logo.svg","width":"1440","height":"1080","caption":"Pro Kennex s.r.l."},"image":{"@id":"https:\/\/www.prokennex.eu\/de\/#\/schema\/logo\/image\/"}}]}},"_links":{"self":[{"href":"https:\/\/www.prokennex.eu\/de\/wp-json\/wp\/v2\/product\/11864","targetHints":{"allow":["GET"]}}],"collection":[{"href":"https:\/\/www.prokennex.eu\/de\/wp-json\/wp\/v2\/product"}],"about":[{"href":"https:\/\/www.prokennex.eu\/de\/wp-json\/wp\/v2\/types\/product"}],"replies":[{"embeddable":true,"href":"https:\/\/www.prokennex.eu\/de\/wp-json\/wp\/v2\/comments?post=11864"}],"wp:featuredmedia":[{"embeddable":true,"href":"https:\/\/www.prokennex.eu\/de\/wp-json\/wp\/v2\/media\/11860"}],"wp:attachment":[{"href":"https:\/\/www.prokennex.eu\/de\/wp-json\/wp\/v2\/media?parent=11864"}],"wp:term":[{"taxonomy":"tecnologia","embeddable":true,"href":"https:\/\/www.prokennex.eu\/de\/wp-json\/wp\/v2\/tecnologia?post=11864"},{"taxonomy":"product_brand","embeddable":true,"href":"https:\/\/www.prokennex.eu\/de\/wp-json\/wp\/v2\/product_brand?post=11864"},{"taxonomy":"product_cat","embeddable":true,"href":"https:\/\/www.prokennex.eu\/de\/wp-json\/wp\/v2\/product_cat?post=11864"},{"taxonomy":"product_tag","embeddable":true,"href":"https:\/\/www.prokennex.eu\/de\/wp-json\/wp\/v2\/product_tag?post=11864"}],"curies":[{"name":"wp","href":"https:\/\/api.w.org\/{rel}","templated":true}]}}