{"id":11827,"date":"2022-12-16T00:15:48","date_gmt":"2022-12-16T00:48:04","guid":{"rendered":"https:\/\/www.prokennex.eu\/?post_type=product&#038;p=11827"},"modified":"2024-03-12T02:37:43","modified_gmt":"2024-03-12T01:37:43","slug":"spin-pro","status":"publish","type":"product","link":"https:\/\/www.prokennex.eu\/de\/schlaeger-pickleball\/spin-pro\/","title":{"rendered":"Spin Pro"},"content":{"rendered":"","protected":false},"excerpt":{"rendered":"<p>Der Pro Spin verf\u00fcgt \u00fcber den branchenweit ersten &#8222;3 Way Access To Spin&#8220;:<\/p>\n<ul>\n<li>Eine Starett Legal texturierte Oberfl\u00e4che;<\/li>\n<li>Die strukturierte Oberfl\u00e4che ist in eine rutschfeste Oberfl\u00e4che eingebettet;<\/li>\n<li>21 Saiten, die unter der Oberfl\u00e4che versenkt sind;<\/li>\n<\/ul>\n<p>Unser dreifacher Zugang zum Spin erm\u00f6glicht es den Spielern, die Ballrotation durch die strukturierte Oberfl\u00e4che und den rutschfesten Antragsteller im kurzen Spiel zu aktivieren und die Saiten bei Grundschl\u00e4gen, Aufschl\u00e4gen und Returns f\u00fcr maximalen Spin zu nutzen.<br \/>\nDas Pro Spin ist ein brillant gestaltetes einteiliges Paddel mit einer Graphiteinlage, die es praktisch unzerst\u00f6rbar macht.<br \/>\nWie bei allen ProKennex-Paddeln reduziert das Kinetic-System die St\u00f6\u00dfe um 43% und die Vibrationen um 23% und hilft so, die epidemischen Armverletzungen und -belastungen beim Pickleball zu beseitigen.<\/p>\n","protected":false},"featured_media":11593,"comment_status":"open","ping_status":"closed","template":"","meta":{"_acf_changed":false},"tecnologia":[1328],"product_brand":[],"product_cat":[1484,1485],"product_tag":[],"class_list":{"0":"post-11827","1":"product","2":"type-product","3":"status-publish","4":"has-post-thumbnail","6":"tecnologia-kinetic-system-de","7":"product_cat-pickleball-de","8":"product_cat-schlaeger-pickleball","10":"first","11":"outofstock","12":"taxable","13":"shipping-taxable","14":"purchasable","15":"product-type-simple"},"bundled_by":[],"bundle_stock_status":"outofstock","bundle_stock_quantity":0,"bundle_virtual":false,"bundle_layout":"","bundle_add_to_cart_form_location":"","bundle_editable_in_cart":false,"bundle_sold_individually_context":"","bundle_item_grouping":"","bundle_min_size":"","bundle_max_size":"","bundle_price":[],"bundled_items":[],"bundle_sell_ids":[],"acf":[],"yoast_head":"<!-- This site is optimized with the Yoast SEO plugin v27.4 - https:\/\/yoast.com\/product\/yoast-seo-wordpress\/ -->\n<title>Spin Pro - ProKennex Racchette e Accessori<\/title>\n<meta name=\"description\" content=\"Unser dreifacher Zugang zum Spin erm\u00f6glicht es den Spielern, die Ballrotation durch die strukturierte Oberfl\u00e4che und den rutschfesten Antragsteller im kurzen Spiel zu aktivieren und die Saiten bei Grundschl\u00e4gen, Aufschl\u00e4gen und Returns f\u00fcr maximalen Spin zu nutzen.\" \/>\n<meta name=\"robots\" content=\"index, follow, max-snippet:-1, max-image-preview:large, max-video-preview:-1\" \/>\n<link rel=\"canonical\" href=\"https:\/\/www.prokennex.eu\/de\/schlaeger-pickleball\/spin-pro\/\" \/>\n<meta property=\"og:locale\" content=\"de_DE\" \/>\n<meta property=\"og:type\" content=\"article\" \/>\n<meta property=\"og:title\" content=\"Spin Pro - ProKennex Racchette e Accessori\" \/>\n<meta property=\"og:description\" content=\"Unser dreifacher Zugang zum Spin erm\u00f6glicht es den Spielern, die Ballrotation durch die strukturierte Oberfl\u00e4che und den rutschfesten Antragsteller im kurzen Spiel zu aktivieren und die Saiten bei Grundschl\u00e4gen, Aufschl\u00e4gen und Returns f\u00fcr maximalen Spin zu nutzen.\" \/>\n<meta property=\"og:url\" content=\"https:\/\/www.prokennex.eu\/de\/schlaeger-pickleball\/spin-pro\/\" \/>\n<meta property=\"og:site_name\" content=\"ProKennex Racchette e Accessori\" \/>\n<meta property=\"article:modified_time\" content=\"2024-03-12T01:37:43+00:00\" \/>\n<meta property=\"og:image\" content=\"https:\/\/www.prokennex.eu\/wp-content\/uploads\/2022\/12\/prokennex-spin-pro-1.jpg\" \/>\n\t<meta property=\"og:image:width\" content=\"2000\" \/>\n\t<meta property=\"og:image:height\" content=\"2000\" \/>\n\t<meta property=\"og:image:type\" content=\"image\/jpeg\" \/>\n<meta name=\"twitter:card\" content=\"summary_large_image\" \/>\n<script type=\"application\/ld+json\" class=\"yoast-schema-graph\">{\"@context\":\"https:\\\/\\\/schema.org\",\"@graph\":[{\"@type\":\"WebPage\",\"@id\":\"https:\\\/\\\/www.prokennex.eu\\\/de\\\/schlaeger-pickleball\\\/spin-pro\\\/\",\"url\":\"https:\\\/\\\/www.prokennex.eu\\\/de\\\/schlaeger-pickleball\\\/spin-pro\\\/\",\"name\":\"Spin Pro - ProKennex Racchette e Accessori\",\"isPartOf\":{\"@id\":\"https:\\\/\\\/www.prokennex.eu\\\/de\\\/#website\"},\"primaryImageOfPage\":{\"@id\":\"https:\\\/\\\/www.prokennex.eu\\\/de\\\/schlaeger-pickleball\\\/spin-pro\\\/#primaryimage\"},\"image\":{\"@id\":\"https:\\\/\\\/www.prokennex.eu\\\/de\\\/schlaeger-pickleball\\\/spin-pro\\\/#primaryimage\"},\"thumbnailUrl\":\"https:\\\/\\\/www.prokennex.eu\\\/wp-content\\\/uploads\\\/2022\\\/12\\\/prokennex-spin-pro-1.jpg\",\"datePublished\":\"2022-12-16T00:48:04+00:00\",\"dateModified\":\"2024-03-12T01:37:43+00:00\",\"description\":\"Unser dreifacher Zugang zum Spin erm\u00f6glicht es den Spielern, die Ballrotation durch die strukturierte Oberfl\u00e4che und den rutschfesten Antragsteller im kurzen Spiel zu aktivieren und die Saiten bei Grundschl\u00e4gen, Aufschl\u00e4gen und Returns f\u00fcr maximalen Spin zu nutzen.\",\"breadcrumb\":{\"@id\":\"https:\\\/\\\/www.prokennex.eu\\\/de\\\/schlaeger-pickleball\\\/spin-pro\\\/#breadcrumb\"},\"inLanguage\":\"de\",\"potentialAction\":[{\"@type\":\"ReadAction\",\"target\":[\"https:\\\/\\\/www.prokennex.eu\\\/de\\\/schlaeger-pickleball\\\/spin-pro\\\/\"]}]},{\"@type\":\"ImageObject\",\"inLanguage\":\"de\",\"@id\":\"https:\\\/\\\/www.prokennex.eu\\\/de\\\/schlaeger-pickleball\\\/spin-pro\\\/#primaryimage\",\"url\":\"https:\\\/\\\/www.prokennex.eu\\\/wp-content\\\/uploads\\\/2022\\\/12\\\/prokennex-spin-pro-1.jpg\",\"contentUrl\":\"https:\\\/\\\/www.prokennex.eu\\\/wp-content\\\/uploads\\\/2022\\\/12\\\/prokennex-spin-pro-1.jpg\",\"width\":2000,\"height\":2000},{\"@type\":\"BreadcrumbList\",\"@id\":\"https:\\\/\\\/www.prokennex.eu\\\/de\\\/schlaeger-pickleball\\\/spin-pro\\\/#breadcrumb\",\"itemListElement\":[{\"@type\":\"ListItem\",\"position\":1,\"name\":\"Shop\",\"item\":\"https:\\\/\\\/www.prokennex.eu\\\/de\\\/negozio\\\/\"},{\"@type\":\"ListItem\",\"position\":2,\"name\":\"Pickleball\",\"item\":\"https:\\\/\\\/www.prokennex.eu\\\/de\\\/pickleball-de\\\/\"},{\"@type\":\"ListItem\",\"position\":3,\"name\":\"Schl\u00e4ger\",\"item\":\"https:\\\/\\\/www.prokennex.eu\\\/de\\\/pickleball-de\\\/schlaeger-pickleball\\\/\"},{\"@type\":\"ListItem\",\"position\":4,\"name\":\"Spin Pro\"}]},{\"@type\":\"WebSite\",\"@id\":\"https:\\\/\\\/www.prokennex.eu\\\/de\\\/#website\",\"url\":\"https:\\\/\\\/www.prokennex.eu\\\/de\\\/\",\"name\":\"ProKennex Racchette e Accessori\",\"description\":\"Tomorrow&#039;s Tachnologies\",\"publisher\":{\"@id\":\"https:\\\/\\\/www.prokennex.eu\\\/de\\\/#organization\"},\"potentialAction\":[{\"@type\":\"SearchAction\",\"target\":{\"@type\":\"EntryPoint\",\"urlTemplate\":\"https:\\\/\\\/www.prokennex.eu\\\/de\\\/?s={search_term_string}\"},\"query-input\":{\"@type\":\"PropertyValueSpecification\",\"valueRequired\":true,\"valueName\":\"search_term_string\"}}],\"inLanguage\":\"de\"},{\"@type\":\"Organization\",\"@id\":\"https:\\\/\\\/www.prokennex.eu\\\/de\\\/#organization\",\"name\":\"Pro Kennex s.r.l.\",\"url\":\"https:\\\/\\\/www.prokennex.eu\\\/de\\\/\",\"logo\":{\"@type\":\"ImageObject\",\"inLanguage\":\"de\",\"@id\":\"https:\\\/\\\/www.prokennex.eu\\\/de\\\/#\\\/schema\\\/logo\\\/image\\\/\",\"url\":\"https:\\\/\\\/www.prokennex.eu\\\/wp-content\\\/uploads\\\/2021\\\/09\\\/prokennex-logo.svg\",\"contentUrl\":\"https:\\\/\\\/www.prokennex.eu\\\/wp-content\\\/uploads\\\/2021\\\/09\\\/prokennex-logo.svg\",\"width\":\"1440\",\"height\":\"1080\",\"caption\":\"Pro Kennex s.r.l.\"},\"image\":{\"@id\":\"https:\\\/\\\/www.prokennex.eu\\\/de\\\/#\\\/schema\\\/logo\\\/image\\\/\"}}]}<\/script>\n<!-- \/ Yoast SEO plugin. -->","yoast_head_json":{"title":"Spin Pro - ProKennex Racchette e Accessori","description":"Unser dreifacher Zugang zum Spin erm\u00f6glicht es den Spielern, die Ballrotation durch die strukturierte Oberfl\u00e4che und den rutschfesten Antragsteller im kurzen Spiel zu aktivieren und die Saiten bei Grundschl\u00e4gen, Aufschl\u00e4gen und Returns f\u00fcr maximalen Spin zu nutzen.","robots":{"index":"index","follow":"follow","max-snippet":"max-snippet:-1","max-image-preview":"max-image-preview:large","max-video-preview":"max-video-preview:-1"},"canonical":"https:\/\/www.prokennex.eu\/de\/schlaeger-pickleball\/spin-pro\/","og_locale":"de_DE","og_type":"article","og_title":"Spin Pro - ProKennex Racchette e Accessori","og_description":"Unser dreifacher Zugang zum Spin erm\u00f6glicht es den Spielern, die Ballrotation durch die strukturierte Oberfl\u00e4che und den rutschfesten Antragsteller im kurzen Spiel zu aktivieren und die Saiten bei Grundschl\u00e4gen, Aufschl\u00e4gen und Returns f\u00fcr maximalen Spin zu nutzen.","og_url":"https:\/\/www.prokennex.eu\/de\/schlaeger-pickleball\/spin-pro\/","og_site_name":"ProKennex Racchette e Accessori","article_modified_time":"2024-03-12T01:37:43+00:00","og_image":[{"width":2000,"height":2000,"url":"https:\/\/www.prokennex.eu\/wp-content\/uploads\/2022\/12\/prokennex-spin-pro-1.jpg","type":"image\/jpeg"}],"twitter_card":"summary_large_image","schema":{"@context":"https:\/\/schema.org","@graph":[{"@type":"WebPage","@id":"https:\/\/www.prokennex.eu\/de\/schlaeger-pickleball\/spin-pro\/","url":"https:\/\/www.prokennex.eu\/de\/schlaeger-pickleball\/spin-pro\/","name":"Spin Pro - ProKennex Racchette e Accessori","isPartOf":{"@id":"https:\/\/www.prokennex.eu\/de\/#website"},"primaryImageOfPage":{"@id":"https:\/\/www.prokennex.eu\/de\/schlaeger-pickleball\/spin-pro\/#primaryimage"},"image":{"@id":"https:\/\/www.prokennex.eu\/de\/schlaeger-pickleball\/spin-pro\/#primaryimage"},"thumbnailUrl":"https:\/\/www.prokennex.eu\/wp-content\/uploads\/2022\/12\/prokennex-spin-pro-1.jpg","datePublished":"2022-12-16T00:48:04+00:00","dateModified":"2024-03-12T01:37:43+00:00","description":"Unser dreifacher Zugang zum Spin erm\u00f6glicht es den Spielern, die Ballrotation durch die strukturierte Oberfl\u00e4che und den rutschfesten Antragsteller im kurzen Spiel zu aktivieren und die Saiten bei Grundschl\u00e4gen, Aufschl\u00e4gen und Returns f\u00fcr maximalen Spin zu nutzen.","breadcrumb":{"@id":"https:\/\/www.prokennex.eu\/de\/schlaeger-pickleball\/spin-pro\/#breadcrumb"},"inLanguage":"de","potentialAction":[{"@type":"ReadAction","target":["https:\/\/www.prokennex.eu\/de\/schlaeger-pickleball\/spin-pro\/"]}]},{"@type":"ImageObject","inLanguage":"de","@id":"https:\/\/www.prokennex.eu\/de\/schlaeger-pickleball\/spin-pro\/#primaryimage","url":"https:\/\/www.prokennex.eu\/wp-content\/uploads\/2022\/12\/prokennex-spin-pro-1.jpg","contentUrl":"https:\/\/www.prokennex.eu\/wp-content\/uploads\/2022\/12\/prokennex-spin-pro-1.jpg","width":2000,"height":2000},{"@type":"BreadcrumbList","@id":"https:\/\/www.prokennex.eu\/de\/schlaeger-pickleball\/spin-pro\/#breadcrumb","itemListElement":[{"@type":"ListItem","position":1,"name":"Shop","item":"https:\/\/www.prokennex.eu\/de\/negozio\/"},{"@type":"ListItem","position":2,"name":"Pickleball","item":"https:\/\/www.prokennex.eu\/de\/pickleball-de\/"},{"@type":"ListItem","position":3,"name":"Schl\u00e4ger","item":"https:\/\/www.prokennex.eu\/de\/pickleball-de\/schlaeger-pickleball\/"},{"@type":"ListItem","position":4,"name":"Spin Pro"}]},{"@type":"WebSite","@id":"https:\/\/www.prokennex.eu\/de\/#website","url":"https:\/\/www.prokennex.eu\/de\/","name":"ProKennex Racchette e Accessori","description":"Tomorrow&#039;s Tachnologies","publisher":{"@id":"https:\/\/www.prokennex.eu\/de\/#organization"},"potentialAction":[{"@type":"SearchAction","target":{"@type":"EntryPoint","urlTemplate":"https:\/\/www.prokennex.eu\/de\/?s={search_term_string}"},"query-input":{"@type":"PropertyValueSpecification","valueRequired":true,"valueName":"search_term_string"}}],"inLanguage":"de"},{"@type":"Organization","@id":"https:\/\/www.prokennex.eu\/de\/#organization","name":"Pro Kennex s.r.l.","url":"https:\/\/www.prokennex.eu\/de\/","logo":{"@type":"ImageObject","inLanguage":"de","@id":"https:\/\/www.prokennex.eu\/de\/#\/schema\/logo\/image\/","url":"https:\/\/www.prokennex.eu\/wp-content\/uploads\/2021\/09\/prokennex-logo.svg","contentUrl":"https:\/\/www.prokennex.eu\/wp-content\/uploads\/2021\/09\/prokennex-logo.svg","width":"1440","height":"1080","caption":"Pro Kennex s.r.l."},"image":{"@id":"https:\/\/www.prokennex.eu\/de\/#\/schema\/logo\/image\/"}}]}},"_links":{"self":[{"href":"https:\/\/www.prokennex.eu\/de\/wp-json\/wp\/v2\/product\/11827","targetHints":{"allow":["GET"]}}],"collection":[{"href":"https:\/\/www.prokennex.eu\/de\/wp-json\/wp\/v2\/product"}],"about":[{"href":"https:\/\/www.prokennex.eu\/de\/wp-json\/wp\/v2\/types\/product"}],"replies":[{"embeddable":true,"href":"https:\/\/www.prokennex.eu\/de\/wp-json\/wp\/v2\/comments?post=11827"}],"wp:featuredmedia":[{"embeddable":true,"href":"https:\/\/www.prokennex.eu\/de\/wp-json\/wp\/v2\/media\/11593"}],"wp:attachment":[{"href":"https:\/\/www.prokennex.eu\/de\/wp-json\/wp\/v2\/media?parent=11827"}],"wp:term":[{"taxonomy":"tecnologia","embeddable":true,"href":"https:\/\/www.prokennex.eu\/de\/wp-json\/wp\/v2\/tecnologia?post=11827"},{"taxonomy":"product_brand","embeddable":true,"href":"https:\/\/www.prokennex.eu\/de\/wp-json\/wp\/v2\/product_brand?post=11827"},{"taxonomy":"product_cat","embeddable":true,"href":"https:\/\/www.prokennex.eu\/de\/wp-json\/wp\/v2\/product_cat?post=11827"},{"taxonomy":"product_tag","embeddable":true,"href":"https:\/\/www.prokennex.eu\/de\/wp-json\/wp\/v2\/product_tag?post=11827"}],"curies":[{"name":"wp","href":"https:\/\/api.w.org\/{rel}","templated":true}]}}