{"id":11761,"date":"2022-12-12T19:48:01","date_gmt":"2022-12-12T18:48:01","guid":{"rendered":"https:\/\/www.prokennex.eu\/unkategorisiert\/black-ace-ovation\/"},"modified":"2023-12-21T16:28:59","modified_gmt":"2023-12-21T15:28:59","slug":"black-ace-ovation","status":"publish","type":"product","link":"https:\/\/www.prokennex.eu\/de\/schlager-outlet\/black-ace-ovation\/","title":{"rendered":"Black Ace Ovation"},"content":{"rendered":"","protected":false},"excerpt":{"rendered":"<p>Der Black Ace Ovation ist eine Neuauflage des kultigen ProKennex-Schl\u00e4gers in ovaler Form, dessen Aerodynamik auf Schnelligkeit in der Luft ausgelegt ist. Der Black Ace Pro ist der erste einteilige Carbonschl\u00e4ger mit TORAY-Beschichtung, der extrem schnell und reaktionsschnell in der Hand liegt. Es steigert die Reflexe bei schnellen Ballwechseln, w\u00e4hrend es im Vergleich zu anderen Paddeln mit Carbonbeschichtung mehr Power erzeugt, da die Schwunggeschwindigkeit durch das kantenlose Design erh\u00f6ht wird.<\/p>\n<p>The Black Ace Ovation is equipped with kinetic technology, our patented shock and vibration absorbing system. Das Kinetic-System ist auch im Griff des Schl\u00e4gers integriert und wirkt durch die erh\u00f6hte Power des Black Ace als Last-Pass-Filtersystem.<\/p>\n<p><strong>Kostenlose Schl\u00e4gerh\u00fclle.<\/strong><\/p>\n","protected":false},"featured_media":11850,"comment_status":"open","ping_status":"closed","template":"","meta":{"_acf_changed":false},"tecnologia":[1328],"product_brand":[],"product_cat":[1472,1471],"product_tag":[2056],"class_list":{"0":"post-11761","1":"product","2":"type-product","3":"status-publish","4":"has-post-thumbnail","6":"tecnologia-kinetic-system-de","7":"product_cat-outlet-de","8":"product_cat-schlager-outlet","9":"product_tag-ace-station-de","11":"first","12":"instock","13":"sale","14":"taxable","15":"shipping-taxable","16":"purchasable","17":"product-type-simple"},"bundled_by":[],"bundle_stock_status":"instock","bundle_stock_quantity":10,"bundle_virtual":false,"bundle_layout":"","bundle_add_to_cart_form_location":"","bundle_editable_in_cart":false,"bundle_sold_individually_context":"","bundle_item_grouping":"","bundle_min_size":"","bundle_max_size":"","bundle_price":[],"bundled_items":[],"bundle_sell_ids":[],"acf":[],"yoast_head":"<!-- This site is optimized with the Yoast SEO plugin v27.4 - https:\/\/yoast.com\/product\/yoast-seo-wordpress\/ -->\n<title>Black Ace Ovation - ProKennex Racchette e Accessori<\/title>\n<meta name=\"robots\" content=\"index, follow, max-snippet:-1, max-image-preview:large, max-video-preview:-1\" \/>\n<link rel=\"canonical\" href=\"https:\/\/www.prokennex.eu\/de\/schlager-outlet\/black-ace-ovation\/\" \/>\n<meta property=\"og:locale\" content=\"de_DE\" \/>\n<meta property=\"og:type\" content=\"article\" \/>\n<meta property=\"og:title\" content=\"Black Ace Ovation - ProKennex Racchette e Accessori\" \/>\n<meta property=\"og:description\" content=\"Der Black Ace Ovation ist eine Neuauflage des kultigen ProKennex-Schl\u00e4gers in ovaler Form, dessen Aerodynamik auf Schnelligkeit in der Luft ausgelegt ist. Der Black Ace Pro ist der erste einteilige Carbonschl\u00e4ger mit TORAY-Beschichtung, der extrem schnell und reaktionsschnell in der Hand liegt. Es steigert die Reflexe bei schnellen Ballwechseln, w\u00e4hrend es im Vergleich zu anderen Paddeln mit Carbonbeschichtung mehr Power erzeugt, da die Schwunggeschwindigkeit durch das kantenlose Design erh\u00f6ht wird.  The Black Ace Ovation is equipped with kinetic technology, our patented shock and vibration absorbing system. Das Kinetic-System ist auch im Griff des Schl\u00e4gers integriert und wirkt durch die erh\u00f6hte Power des Black Ace als Last-Pass-Filtersystem.  Kostenlose Schl\u00e4gerh\u00fclle.\" \/>\n<meta property=\"og:url\" content=\"https:\/\/www.prokennex.eu\/de\/schlager-outlet\/black-ace-ovation\/\" \/>\n<meta property=\"og:site_name\" content=\"ProKennex Racchette e Accessori\" \/>\n<meta property=\"article:modified_time\" content=\"2023-12-21T15:28:59+00:00\" \/>\n<meta property=\"og:image\" content=\"https:\/\/www.prokennex.eu\/wp-content\/uploads\/2022\/12\/prokennex-black-ace-ovation-free.jpg\" \/>\n\t<meta property=\"og:image:width\" content=\"2000\" \/>\n\t<meta property=\"og:image:height\" content=\"2000\" \/>\n\t<meta property=\"og:image:type\" content=\"image\/jpeg\" \/>\n<meta name=\"twitter:card\" content=\"summary_large_image\" \/>\n<script type=\"application\/ld+json\" class=\"yoast-schema-graph\">{\"@context\":\"https:\\\/\\\/schema.org\",\"@graph\":[{\"@type\":\"WebPage\",\"@id\":\"https:\\\/\\\/www.prokennex.eu\\\/de\\\/schlager-outlet\\\/black-ace-ovation\\\/\",\"url\":\"https:\\\/\\\/www.prokennex.eu\\\/de\\\/schlager-outlet\\\/black-ace-ovation\\\/\",\"name\":\"Black Ace Ovation - ProKennex Racchette e Accessori\",\"isPartOf\":{\"@id\":\"https:\\\/\\\/www.prokennex.eu\\\/de\\\/#website\"},\"primaryImageOfPage\":{\"@id\":\"https:\\\/\\\/www.prokennex.eu\\\/de\\\/schlager-outlet\\\/black-ace-ovation\\\/#primaryimage\"},\"image\":{\"@id\":\"https:\\\/\\\/www.prokennex.eu\\\/de\\\/schlager-outlet\\\/black-ace-ovation\\\/#primaryimage\"},\"thumbnailUrl\":\"https:\\\/\\\/www.prokennex.eu\\\/wp-content\\\/uploads\\\/2022\\\/12\\\/prokennex-black-ace-ovation-free.jpg\",\"datePublished\":\"2022-12-12T18:48:01+00:00\",\"dateModified\":\"2023-12-21T15:28:59+00:00\",\"breadcrumb\":{\"@id\":\"https:\\\/\\\/www.prokennex.eu\\\/de\\\/schlager-outlet\\\/black-ace-ovation\\\/#breadcrumb\"},\"inLanguage\":\"de\",\"potentialAction\":[{\"@type\":\"ReadAction\",\"target\":[\"https:\\\/\\\/www.prokennex.eu\\\/de\\\/schlager-outlet\\\/black-ace-ovation\\\/\"]}]},{\"@type\":\"ImageObject\",\"inLanguage\":\"de\",\"@id\":\"https:\\\/\\\/www.prokennex.eu\\\/de\\\/schlager-outlet\\\/black-ace-ovation\\\/#primaryimage\",\"url\":\"https:\\\/\\\/www.prokennex.eu\\\/wp-content\\\/uploads\\\/2022\\\/12\\\/prokennex-black-ace-ovation-free.jpg\",\"contentUrl\":\"https:\\\/\\\/www.prokennex.eu\\\/wp-content\\\/uploads\\\/2022\\\/12\\\/prokennex-black-ace-ovation-free.jpg\",\"width\":2000,\"height\":2000},{\"@type\":\"BreadcrumbList\",\"@id\":\"https:\\\/\\\/www.prokennex.eu\\\/de\\\/schlager-outlet\\\/black-ace-ovation\\\/#breadcrumb\",\"itemListElement\":[{\"@type\":\"ListItem\",\"position\":1,\"name\":\"Shop\",\"item\":\"https:\\\/\\\/www.prokennex.eu\\\/de\\\/negozio\\\/\"},{\"@type\":\"ListItem\",\"position\":2,\"name\":\"Pickleball\",\"item\":\"https:\\\/\\\/www.prokennex.eu\\\/de\\\/pickleball-de\\\/\"},{\"@type\":\"ListItem\",\"position\":3,\"name\":\"Schl\u00e4ger\",\"item\":\"https:\\\/\\\/www.prokennex.eu\\\/de\\\/pickleball-de\\\/schlaeger-pickleball\\\/\"},{\"@type\":\"ListItem\",\"position\":4,\"name\":\"Black Ace Ovation\"}]},{\"@type\":\"WebSite\",\"@id\":\"https:\\\/\\\/www.prokennex.eu\\\/de\\\/#website\",\"url\":\"https:\\\/\\\/www.prokennex.eu\\\/de\\\/\",\"name\":\"ProKennex Racchette e Accessori\",\"description\":\"Tomorrow&#039;s Tachnologies\",\"publisher\":{\"@id\":\"https:\\\/\\\/www.prokennex.eu\\\/de\\\/#organization\"},\"potentialAction\":[{\"@type\":\"SearchAction\",\"target\":{\"@type\":\"EntryPoint\",\"urlTemplate\":\"https:\\\/\\\/www.prokennex.eu\\\/de\\\/?s={search_term_string}\"},\"query-input\":{\"@type\":\"PropertyValueSpecification\",\"valueRequired\":true,\"valueName\":\"search_term_string\"}}],\"inLanguage\":\"de\"},{\"@type\":\"Organization\",\"@id\":\"https:\\\/\\\/www.prokennex.eu\\\/de\\\/#organization\",\"name\":\"Pro Kennex s.r.l.\",\"url\":\"https:\\\/\\\/www.prokennex.eu\\\/de\\\/\",\"logo\":{\"@type\":\"ImageObject\",\"inLanguage\":\"de\",\"@id\":\"https:\\\/\\\/www.prokennex.eu\\\/de\\\/#\\\/schema\\\/logo\\\/image\\\/\",\"url\":\"https:\\\/\\\/www.prokennex.eu\\\/wp-content\\\/uploads\\\/2021\\\/09\\\/prokennex-logo.svg\",\"contentUrl\":\"https:\\\/\\\/www.prokennex.eu\\\/wp-content\\\/uploads\\\/2021\\\/09\\\/prokennex-logo.svg\",\"width\":\"1440\",\"height\":\"1080\",\"caption\":\"Pro Kennex s.r.l.\"},\"image\":{\"@id\":\"https:\\\/\\\/www.prokennex.eu\\\/de\\\/#\\\/schema\\\/logo\\\/image\\\/\"}}]}<\/script>\n<!-- \/ Yoast SEO plugin. -->","yoast_head_json":{"title":"Black Ace Ovation - ProKennex Racchette e Accessori","robots":{"index":"index","follow":"follow","max-snippet":"max-snippet:-1","max-image-preview":"max-image-preview:large","max-video-preview":"max-video-preview:-1"},"canonical":"https:\/\/www.prokennex.eu\/de\/schlager-outlet\/black-ace-ovation\/","og_locale":"de_DE","og_type":"article","og_title":"Black Ace Ovation - ProKennex Racchette e Accessori","og_description":"Der Black Ace Ovation ist eine Neuauflage des kultigen ProKennex-Schl\u00e4gers in ovaler Form, dessen Aerodynamik auf Schnelligkeit in der Luft ausgelegt ist. Der Black Ace Pro ist der erste einteilige Carbonschl\u00e4ger mit TORAY-Beschichtung, der extrem schnell und reaktionsschnell in der Hand liegt. Es steigert die Reflexe bei schnellen Ballwechseln, w\u00e4hrend es im Vergleich zu anderen Paddeln mit Carbonbeschichtung mehr Power erzeugt, da die Schwunggeschwindigkeit durch das kantenlose Design erh\u00f6ht wird.  The Black Ace Ovation is equipped with kinetic technology, our patented shock and vibration absorbing system. Das Kinetic-System ist auch im Griff des Schl\u00e4gers integriert und wirkt durch die erh\u00f6hte Power des Black Ace als Last-Pass-Filtersystem.  Kostenlose Schl\u00e4gerh\u00fclle.","og_url":"https:\/\/www.prokennex.eu\/de\/schlager-outlet\/black-ace-ovation\/","og_site_name":"ProKennex Racchette e Accessori","article_modified_time":"2023-12-21T15:28:59+00:00","og_image":[{"width":2000,"height":2000,"url":"https:\/\/www.prokennex.eu\/wp-content\/uploads\/2022\/12\/prokennex-black-ace-ovation-free.jpg","type":"image\/jpeg"}],"twitter_card":"summary_large_image","schema":{"@context":"https:\/\/schema.org","@graph":[{"@type":"WebPage","@id":"https:\/\/www.prokennex.eu\/de\/schlager-outlet\/black-ace-ovation\/","url":"https:\/\/www.prokennex.eu\/de\/schlager-outlet\/black-ace-ovation\/","name":"Black Ace Ovation - ProKennex Racchette e Accessori","isPartOf":{"@id":"https:\/\/www.prokennex.eu\/de\/#website"},"primaryImageOfPage":{"@id":"https:\/\/www.prokennex.eu\/de\/schlager-outlet\/black-ace-ovation\/#primaryimage"},"image":{"@id":"https:\/\/www.prokennex.eu\/de\/schlager-outlet\/black-ace-ovation\/#primaryimage"},"thumbnailUrl":"https:\/\/www.prokennex.eu\/wp-content\/uploads\/2022\/12\/prokennex-black-ace-ovation-free.jpg","datePublished":"2022-12-12T18:48:01+00:00","dateModified":"2023-12-21T15:28:59+00:00","breadcrumb":{"@id":"https:\/\/www.prokennex.eu\/de\/schlager-outlet\/black-ace-ovation\/#breadcrumb"},"inLanguage":"de","potentialAction":[{"@type":"ReadAction","target":["https:\/\/www.prokennex.eu\/de\/schlager-outlet\/black-ace-ovation\/"]}]},{"@type":"ImageObject","inLanguage":"de","@id":"https:\/\/www.prokennex.eu\/de\/schlager-outlet\/black-ace-ovation\/#primaryimage","url":"https:\/\/www.prokennex.eu\/wp-content\/uploads\/2022\/12\/prokennex-black-ace-ovation-free.jpg","contentUrl":"https:\/\/www.prokennex.eu\/wp-content\/uploads\/2022\/12\/prokennex-black-ace-ovation-free.jpg","width":2000,"height":2000},{"@type":"BreadcrumbList","@id":"https:\/\/www.prokennex.eu\/de\/schlager-outlet\/black-ace-ovation\/#breadcrumb","itemListElement":[{"@type":"ListItem","position":1,"name":"Shop","item":"https:\/\/www.prokennex.eu\/de\/negozio\/"},{"@type":"ListItem","position":2,"name":"Pickleball","item":"https:\/\/www.prokennex.eu\/de\/pickleball-de\/"},{"@type":"ListItem","position":3,"name":"Schl\u00e4ger","item":"https:\/\/www.prokennex.eu\/de\/pickleball-de\/schlaeger-pickleball\/"},{"@type":"ListItem","position":4,"name":"Black Ace Ovation"}]},{"@type":"WebSite","@id":"https:\/\/www.prokennex.eu\/de\/#website","url":"https:\/\/www.prokennex.eu\/de\/","name":"ProKennex Racchette e Accessori","description":"Tomorrow&#039;s Tachnologies","publisher":{"@id":"https:\/\/www.prokennex.eu\/de\/#organization"},"potentialAction":[{"@type":"SearchAction","target":{"@type":"EntryPoint","urlTemplate":"https:\/\/www.prokennex.eu\/de\/?s={search_term_string}"},"query-input":{"@type":"PropertyValueSpecification","valueRequired":true,"valueName":"search_term_string"}}],"inLanguage":"de"},{"@type":"Organization","@id":"https:\/\/www.prokennex.eu\/de\/#organization","name":"Pro Kennex s.r.l.","url":"https:\/\/www.prokennex.eu\/de\/","logo":{"@type":"ImageObject","inLanguage":"de","@id":"https:\/\/www.prokennex.eu\/de\/#\/schema\/logo\/image\/","url":"https:\/\/www.prokennex.eu\/wp-content\/uploads\/2021\/09\/prokennex-logo.svg","contentUrl":"https:\/\/www.prokennex.eu\/wp-content\/uploads\/2021\/09\/prokennex-logo.svg","width":"1440","height":"1080","caption":"Pro Kennex s.r.l."},"image":{"@id":"https:\/\/www.prokennex.eu\/de\/#\/schema\/logo\/image\/"}}]}},"_links":{"self":[{"href":"https:\/\/www.prokennex.eu\/de\/wp-json\/wp\/v2\/product\/11761","targetHints":{"allow":["GET"]}}],"collection":[{"href":"https:\/\/www.prokennex.eu\/de\/wp-json\/wp\/v2\/product"}],"about":[{"href":"https:\/\/www.prokennex.eu\/de\/wp-json\/wp\/v2\/types\/product"}],"replies":[{"embeddable":true,"href":"https:\/\/www.prokennex.eu\/de\/wp-json\/wp\/v2\/comments?post=11761"}],"wp:featuredmedia":[{"embeddable":true,"href":"https:\/\/www.prokennex.eu\/de\/wp-json\/wp\/v2\/media\/11850"}],"wp:attachment":[{"href":"https:\/\/www.prokennex.eu\/de\/wp-json\/wp\/v2\/media?parent=11761"}],"wp:term":[{"taxonomy":"tecnologia","embeddable":true,"href":"https:\/\/www.prokennex.eu\/de\/wp-json\/wp\/v2\/tecnologia?post=11761"},{"taxonomy":"product_brand","embeddable":true,"href":"https:\/\/www.prokennex.eu\/de\/wp-json\/wp\/v2\/product_brand?post=11761"},{"taxonomy":"product_cat","embeddable":true,"href":"https:\/\/www.prokennex.eu\/de\/wp-json\/wp\/v2\/product_cat?post=11761"},{"taxonomy":"product_tag","embeddable":true,"href":"https:\/\/www.prokennex.eu\/de\/wp-json\/wp\/v2\/product_tag?post=11761"}],"curies":[{"name":"wp","href":"https:\/\/api.w.org\/{rel}","templated":true}]}}