{"id":10742,"date":"2022-04-08T15:44:16","date_gmt":"2022-04-08T13:44:16","guid":{"rendered":"https:\/\/www.prokennex.eu\/unkategorisiert\/nuova-ki-15\/"},"modified":"2023-05-01T18:27:42","modified_gmt":"2023-05-01T16:27:42","slug":"nuova-ki-15","status":"publish","type":"product","link":"https:\/\/www.prokennex.eu\/de\/schlager\/nuova-ki-15\/","title":{"rendered":"Ki 15"},"content":{"rendered":"","protected":false},"excerpt":{"rendered":"<p>Die einzigartige Struktur dieses Schl\u00e4gers, die Menge an <strong>kinetischer Masse<\/strong> im Inneren des Schl\u00e4gerkopfes und das hohe Gewicht machen diesen Rahmen zu einer gef\u00e4hrlichen Waffe f\u00fcr Aufschl\u00e4ge von der Grundlinie.\u00a0<strong>Sie k\u00f6nnen den Ball sowohl mit Backspin als auch mit Topspin schlagen, ohne die Kontrolle \u00fcber die Flugbahn zu verlieren, und dabei die Tiefe bei defensiven Schl\u00e4gen beibehalten.<\/strong><\/p>\n<p>Die <strong>kinetische D\u00e4mpfungskammer<\/strong> und der hohe Anteil an kinetischer Masse in der <strong>Kinetic Technologie<\/strong> garantieren absoluten Komfort und ein leichtes, kraftvolles Spiel.<\/p>\n<p>Der Schl\u00e4ger wird mit Schutzh\u00fclle verkauft.<\/p>\n","protected":false},"featured_media":8967,"comment_status":"open","ping_status":"closed","template":"","meta":{"_acf_changed":false},"tecnologia":[1334,1328,468],"product_brand":[],"product_cat":[1499,1496,1497],"product_tag":[],"class_list":{"0":"post-10742","1":"product","2":"type-product","3":"status-publish","4":"has-post-thumbnail","6":"tecnologia-ionic-technology-de","7":"tecnologia-kinetic-system-de","8":"tecnologia-spiral-tech-carbon","9":"product_cat-kinetic-de","10":"product_cat-tennis-de","11":"product_cat-schlager","13":"first","14":"instock","15":"taxable","16":"shipping-taxable","17":"purchasable","18":"product-type-variable"},"bundled_by":[],"bundle_stock_status":"instock","bundle_stock_quantity":null,"bundle_virtual":false,"bundle_layout":"","bundle_add_to_cart_form_location":"","bundle_editable_in_cart":false,"bundle_sold_individually_context":"","bundle_item_grouping":"","bundle_min_size":"","bundle_max_size":"","bundle_price":[],"bundled_items":[],"bundle_sell_ids":[],"acf":[],"yoast_head":"<!-- This site is optimized with the Yoast SEO plugin v27.1.1 - https:\/\/yoast.com\/product\/yoast-seo-wordpress\/ -->\n<title>Ki 15 - ProKennex Racchette e Accessori<\/title>\n<meta name=\"robots\" content=\"index, follow, max-snippet:-1, max-image-preview:large, max-video-preview:-1\" \/>\n<link rel=\"canonical\" href=\"https:\/\/www.prokennex.eu\/de\/schlager\/nuova-ki-15\/\" \/>\n<meta property=\"og:locale\" content=\"de_DE\" \/>\n<meta property=\"og:type\" content=\"article\" \/>\n<meta property=\"og:title\" content=\"Ki 15 - ProKennex Racchette e Accessori\" \/>\n<meta property=\"og:description\" content=\"Die einzigartige Struktur dieses Schl\u00e4gers, die Menge an kinetischer Masse im Inneren des Schl\u00e4gerkopfes und das hohe Gewicht machen diesen Rahmen zu einer gef\u00e4hrlichen Waffe f\u00fcr Aufschl\u00e4ge von der Grundlinie.\u00a0Sie k\u00f6nnen den Ball sowohl mit Backspin als auch mit Topspin schlagen, ohne die Kontrolle \u00fcber die Flugbahn zu verlieren, und dabei die Tiefe bei defensiven Schl\u00e4gen beibehalten.  Die kinetische D\u00e4mpfungskammer und der hohe Anteil an kinetischer Masse in der Kinetic Technologie garantieren absoluten Komfort und ein leichtes, kraftvolles Spiel.  Der Schl\u00e4ger wird mit Schutzh\u00fclle verkauft.\" \/>\n<meta property=\"og:url\" content=\"https:\/\/www.prokennex.eu\/de\/schlager\/nuova-ki-15\/\" \/>\n<meta property=\"og:site_name\" content=\"ProKennex Racchette e Accessori\" \/>\n<meta property=\"article:modified_time\" content=\"2023-05-01T16:27:42+00:00\" \/>\n<meta property=\"og:image\" content=\"https:\/\/www.prokennex.eu\/wp-content\/uploads\/2022\/04\/prokennex-ki-15-1-1.jpg\" \/>\n\t<meta property=\"og:image:width\" content=\"2000\" \/>\n\t<meta property=\"og:image:height\" content=\"2000\" \/>\n\t<meta property=\"og:image:type\" content=\"image\/jpeg\" \/>\n<meta name=\"twitter:card\" content=\"summary_large_image\" \/>\n<script type=\"application\/ld+json\" class=\"yoast-schema-graph\">{\"@context\":\"https:\/\/schema.org\",\"@graph\":[{\"@type\":\"WebPage\",\"@id\":\"https:\/\/www.prokennex.eu\/de\/schlager\/nuova-ki-15\/\",\"url\":\"https:\/\/www.prokennex.eu\/de\/schlager\/nuova-ki-15\/\",\"name\":\"Ki 15 - ProKennex Racchette e Accessori\",\"isPartOf\":{\"@id\":\"https:\/\/www.prokennex.eu\/de\/#website\"},\"primaryImageOfPage\":{\"@id\":\"https:\/\/www.prokennex.eu\/de\/schlager\/nuova-ki-15\/#primaryimage\"},\"image\":{\"@id\":\"https:\/\/www.prokennex.eu\/de\/schlager\/nuova-ki-15\/#primaryimage\"},\"thumbnailUrl\":\"https:\/\/www.prokennex.eu\/wp-content\/uploads\/2022\/04\/prokennex-ki-15-1-1.jpg\",\"datePublished\":\"2022-04-08T13:44:16+00:00\",\"dateModified\":\"2023-05-01T16:27:42+00:00\",\"breadcrumb\":{\"@id\":\"https:\/\/www.prokennex.eu\/de\/schlager\/nuova-ki-15\/#breadcrumb\"},\"inLanguage\":\"de\",\"potentialAction\":[{\"@type\":\"ReadAction\",\"target\":[\"https:\/\/www.prokennex.eu\/de\/schlager\/nuova-ki-15\/\"]}]},{\"@type\":\"ImageObject\",\"inLanguage\":\"de\",\"@id\":\"https:\/\/www.prokennex.eu\/de\/schlager\/nuova-ki-15\/#primaryimage\",\"url\":\"https:\/\/www.prokennex.eu\/wp-content\/uploads\/2022\/04\/prokennex-ki-15-1-1.jpg\",\"contentUrl\":\"https:\/\/www.prokennex.eu\/wp-content\/uploads\/2022\/04\/prokennex-ki-15-1-1.jpg\",\"width\":2000,\"height\":2000},{\"@type\":\"BreadcrumbList\",\"@id\":\"https:\/\/www.prokennex.eu\/de\/schlager\/nuova-ki-15\/#breadcrumb\",\"itemListElement\":[{\"@type\":\"ListItem\",\"position\":1,\"name\":\"Shop\",\"item\":\"https:\/\/www.prokennex.eu\/de\/negozio\/\"},{\"@type\":\"ListItem\",\"position\":2,\"name\":\"Tennis\",\"item\":\"https:\/\/www.prokennex.eu\/de\/tennis-de\/\"},{\"@type\":\"ListItem\",\"position\":3,\"name\":\"Schl\u00e4ger\",\"item\":\"https:\/\/www.prokennex.eu\/de\/tennis-de\/schlager\/\"},{\"@type\":\"ListItem\",\"position\":4,\"name\":\"Ki 15\"}]},{\"@type\":\"WebSite\",\"@id\":\"https:\/\/www.prokennex.eu\/de\/#website\",\"url\":\"https:\/\/www.prokennex.eu\/de\/\",\"name\":\"ProKennex Racchette e Accessori\",\"description\":\"Tomorrow&#039;s Tachnologies\",\"publisher\":{\"@id\":\"https:\/\/www.prokennex.eu\/de\/#organization\"},\"potentialAction\":[{\"@type\":\"SearchAction\",\"target\":{\"@type\":\"EntryPoint\",\"urlTemplate\":\"https:\/\/www.prokennex.eu\/de\/?s={search_term_string}\"},\"query-input\":{\"@type\":\"PropertyValueSpecification\",\"valueRequired\":true,\"valueName\":\"search_term_string\"}}],\"inLanguage\":\"de\"},{\"@type\":\"Organization\",\"@id\":\"https:\/\/www.prokennex.eu\/de\/#organization\",\"name\":\"Pro Kennex s.r.l.\",\"url\":\"https:\/\/www.prokennex.eu\/de\/\",\"logo\":{\"@type\":\"ImageObject\",\"inLanguage\":\"de\",\"@id\":\"https:\/\/www.prokennex.eu\/de\/#\/schema\/logo\/image\/\",\"url\":\"https:\/\/www.prokennex.eu\/wp-content\/uploads\/2021\/09\/prokennex-logo.svg\",\"contentUrl\":\"https:\/\/www.prokennex.eu\/wp-content\/uploads\/2021\/09\/prokennex-logo.svg\",\"width\":\"1440\",\"height\":\"1080\",\"caption\":\"Pro Kennex s.r.l.\"},\"image\":{\"@id\":\"https:\/\/www.prokennex.eu\/de\/#\/schema\/logo\/image\/\"}}]}<\/script>\n<!-- \/ Yoast SEO plugin. -->","yoast_head_json":{"title":"Ki 15 - ProKennex Racchette e Accessori","robots":{"index":"index","follow":"follow","max-snippet":"max-snippet:-1","max-image-preview":"max-image-preview:large","max-video-preview":"max-video-preview:-1"},"canonical":"https:\/\/www.prokennex.eu\/de\/schlager\/nuova-ki-15\/","og_locale":"de_DE","og_type":"article","og_title":"Ki 15 - ProKennex Racchette e Accessori","og_description":"Die einzigartige Struktur dieses Schl\u00e4gers, die Menge an kinetischer Masse im Inneren des Schl\u00e4gerkopfes und das hohe Gewicht machen diesen Rahmen zu einer gef\u00e4hrlichen Waffe f\u00fcr Aufschl\u00e4ge von der Grundlinie.\u00a0Sie k\u00f6nnen den Ball sowohl mit Backspin als auch mit Topspin schlagen, ohne die Kontrolle \u00fcber die Flugbahn zu verlieren, und dabei die Tiefe bei defensiven Schl\u00e4gen beibehalten.  Die kinetische D\u00e4mpfungskammer und der hohe Anteil an kinetischer Masse in der Kinetic Technologie garantieren absoluten Komfort und ein leichtes, kraftvolles Spiel.  Der Schl\u00e4ger wird mit Schutzh\u00fclle verkauft.","og_url":"https:\/\/www.prokennex.eu\/de\/schlager\/nuova-ki-15\/","og_site_name":"ProKennex Racchette e Accessori","article_modified_time":"2023-05-01T16:27:42+00:00","og_image":[{"width":2000,"height":2000,"url":"https:\/\/www.prokennex.eu\/wp-content\/uploads\/2022\/04\/prokennex-ki-15-1-1.jpg","type":"image\/jpeg"}],"twitter_card":"summary_large_image","schema":{"@context":"https:\/\/schema.org","@graph":[{"@type":"WebPage","@id":"https:\/\/www.prokennex.eu\/de\/schlager\/nuova-ki-15\/","url":"https:\/\/www.prokennex.eu\/de\/schlager\/nuova-ki-15\/","name":"Ki 15 - ProKennex Racchette e Accessori","isPartOf":{"@id":"https:\/\/www.prokennex.eu\/de\/#website"},"primaryImageOfPage":{"@id":"https:\/\/www.prokennex.eu\/de\/schlager\/nuova-ki-15\/#primaryimage"},"image":{"@id":"https:\/\/www.prokennex.eu\/de\/schlager\/nuova-ki-15\/#primaryimage"},"thumbnailUrl":"https:\/\/www.prokennex.eu\/wp-content\/uploads\/2022\/04\/prokennex-ki-15-1-1.jpg","datePublished":"2022-04-08T13:44:16+00:00","dateModified":"2023-05-01T16:27:42+00:00","breadcrumb":{"@id":"https:\/\/www.prokennex.eu\/de\/schlager\/nuova-ki-15\/#breadcrumb"},"inLanguage":"de","potentialAction":[{"@type":"ReadAction","target":["https:\/\/www.prokennex.eu\/de\/schlager\/nuova-ki-15\/"]}]},{"@type":"ImageObject","inLanguage":"de","@id":"https:\/\/www.prokennex.eu\/de\/schlager\/nuova-ki-15\/#primaryimage","url":"https:\/\/www.prokennex.eu\/wp-content\/uploads\/2022\/04\/prokennex-ki-15-1-1.jpg","contentUrl":"https:\/\/www.prokennex.eu\/wp-content\/uploads\/2022\/04\/prokennex-ki-15-1-1.jpg","width":2000,"height":2000},{"@type":"BreadcrumbList","@id":"https:\/\/www.prokennex.eu\/de\/schlager\/nuova-ki-15\/#breadcrumb","itemListElement":[{"@type":"ListItem","position":1,"name":"Shop","item":"https:\/\/www.prokennex.eu\/de\/negozio\/"},{"@type":"ListItem","position":2,"name":"Tennis","item":"https:\/\/www.prokennex.eu\/de\/tennis-de\/"},{"@type":"ListItem","position":3,"name":"Schl\u00e4ger","item":"https:\/\/www.prokennex.eu\/de\/tennis-de\/schlager\/"},{"@type":"ListItem","position":4,"name":"Ki 15"}]},{"@type":"WebSite","@id":"https:\/\/www.prokennex.eu\/de\/#website","url":"https:\/\/www.prokennex.eu\/de\/","name":"ProKennex Racchette e Accessori","description":"Tomorrow&#039;s Tachnologies","publisher":{"@id":"https:\/\/www.prokennex.eu\/de\/#organization"},"potentialAction":[{"@type":"SearchAction","target":{"@type":"EntryPoint","urlTemplate":"https:\/\/www.prokennex.eu\/de\/?s={search_term_string}"},"query-input":{"@type":"PropertyValueSpecification","valueRequired":true,"valueName":"search_term_string"}}],"inLanguage":"de"},{"@type":"Organization","@id":"https:\/\/www.prokennex.eu\/de\/#organization","name":"Pro Kennex s.r.l.","url":"https:\/\/www.prokennex.eu\/de\/","logo":{"@type":"ImageObject","inLanguage":"de","@id":"https:\/\/www.prokennex.eu\/de\/#\/schema\/logo\/image\/","url":"https:\/\/www.prokennex.eu\/wp-content\/uploads\/2021\/09\/prokennex-logo.svg","contentUrl":"https:\/\/www.prokennex.eu\/wp-content\/uploads\/2021\/09\/prokennex-logo.svg","width":"1440","height":"1080","caption":"Pro Kennex s.r.l."},"image":{"@id":"https:\/\/www.prokennex.eu\/de\/#\/schema\/logo\/image\/"}}]}},"_links":{"self":[{"href":"https:\/\/www.prokennex.eu\/de\/wp-json\/wp\/v2\/product\/10742","targetHints":{"allow":["GET"]}}],"collection":[{"href":"https:\/\/www.prokennex.eu\/de\/wp-json\/wp\/v2\/product"}],"about":[{"href":"https:\/\/www.prokennex.eu\/de\/wp-json\/wp\/v2\/types\/product"}],"replies":[{"embeddable":true,"href":"https:\/\/www.prokennex.eu\/de\/wp-json\/wp\/v2\/comments?post=10742"}],"wp:featuredmedia":[{"embeddable":true,"href":"https:\/\/www.prokennex.eu\/de\/wp-json\/wp\/v2\/media\/8967"}],"wp:attachment":[{"href":"https:\/\/www.prokennex.eu\/de\/wp-json\/wp\/v2\/media?parent=10742"}],"wp:term":[{"taxonomy":"tecnologia","embeddable":true,"href":"https:\/\/www.prokennex.eu\/de\/wp-json\/wp\/v2\/tecnologia?post=10742"},{"taxonomy":"product_brand","embeddable":true,"href":"https:\/\/www.prokennex.eu\/de\/wp-json\/wp\/v2\/product_brand?post=10742"},{"taxonomy":"product_cat","embeddable":true,"href":"https:\/\/www.prokennex.eu\/de\/wp-json\/wp\/v2\/product_cat?post=10742"},{"taxonomy":"product_tag","embeddable":true,"href":"https:\/\/www.prokennex.eu\/de\/wp-json\/wp\/v2\/product_tag?post=10742"}],"curies":[{"name":"wp","href":"https:\/\/api.w.org\/{rel}","templated":true}]}}