{"id":10697,"date":"2021-09-14T11:23:24","date_gmt":"2021-09-14T09:23:24","guid":{"rendered":"https:\/\/www.prokennex.eu\/unkategorisiert\/destiny-fcs-245\/"},"modified":"2026-04-09T01:02:27","modified_gmt":"2026-04-08T23:02:27","slug":"destiny-fcs-245","status":"publish","type":"product","link":"https:\/\/www.prokennex.eu\/de\/schlager-tennis-academy-de\/destiny-fcs-245\/","title":{"rendered":"Destiny Fcs 245"},"content":{"rendered":"","protected":false},"excerpt":{"rendered":"<p>Die Destiny-Serie ist die erste der Welt, bei der die Round Shaft-Technologie im Kern des Schl\u00e4gers eingesetzt wird, wodurch der Ball mit Backspin und Topspin geschlagen werden kann. Durch das Gewicht und die L\u00e4nge dieses Modells es f\u00fcr Spieler unter 10 Jahren geeignet.<\/p>\n","protected":false},"featured_media":7516,"comment_status":"open","ping_status":"closed","template":"","meta":{"_acf_changed":false},"tecnologia":[468],"product_brand":[],"product_cat":[1752,1745],"product_tag":[],"class_list":{"0":"post-10697","1":"product","2":"type-product","3":"status-publish","4":"has-post-thumbnail","6":"tecnologia-spiral-tech-carbon","7":"product_cat-schlager-tennis-academy-de","8":"product_cat-tennis-academy-de","10":"first","11":"instock","12":"taxable","13":"shipping-taxable","14":"purchasable","15":"product-type-variable","16":"has-default-attributes"},"bundled_by":[],"bundle_stock_status":"instock","bundle_stock_quantity":null,"bundle_virtual":false,"bundle_layout":"","bundle_add_to_cart_form_location":"","bundle_editable_in_cart":false,"bundle_sold_individually_context":"","bundle_item_grouping":"","bundle_min_size":"","bundle_max_size":"","bundle_price":[],"bundled_items":[],"bundle_sell_ids":[],"acf":[],"yoast_head":"<!-- This site is optimized with the Yoast SEO plugin v27.1.1 - https:\/\/yoast.com\/product\/yoast-seo-wordpress\/ -->\n<title>Destiny Fcs 245 - ProKennex Racchette e Accessori<\/title>\n<meta name=\"robots\" content=\"index, follow, max-snippet:-1, max-image-preview:large, max-video-preview:-1\" \/>\n<link rel=\"canonical\" href=\"https:\/\/www.prokennex.eu\/de\/schlager-tennis-academy-de\/destiny-fcs-245\/\" \/>\n<meta property=\"og:locale\" content=\"de_DE\" \/>\n<meta property=\"og:type\" content=\"article\" \/>\n<meta property=\"og:title\" content=\"Destiny Fcs 245 - ProKennex Racchette e Accessori\" \/>\n<meta property=\"og:description\" content=\"Die Destiny-Serie ist die erste der Welt, bei der die Round Shaft-Technologie im Kern des Schl\u00e4gers eingesetzt wird, wodurch der Ball mit Backspin und Topspin geschlagen werden kann. Durch das Gewicht und die L\u00e4nge dieses Modells es f\u00fcr Spieler unter 10 Jahren geeignet.\" \/>\n<meta property=\"og:url\" content=\"https:\/\/www.prokennex.eu\/de\/schlager-tennis-academy-de\/destiny-fcs-245\/\" \/>\n<meta property=\"og:site_name\" content=\"ProKennex Racchette e Accessori\" \/>\n<meta property=\"article:modified_time\" content=\"2026-04-08T23:02:27+00:00\" \/>\n<meta property=\"og:image\" content=\"https:\/\/www.prokennex.eu\/wp-content\/uploads\/2021\/09\/racchetta-tennis-destiny-fcs-245.jpg\" \/>\n\t<meta property=\"og:image:width\" content=\"2000\" \/>\n\t<meta property=\"og:image:height\" content=\"2000\" \/>\n\t<meta property=\"og:image:type\" content=\"image\/jpeg\" \/>\n<meta name=\"twitter:card\" content=\"summary_large_image\" \/>\n<script type=\"application\/ld+json\" class=\"yoast-schema-graph\">{\"@context\":\"https:\/\/schema.org\",\"@graph\":[{\"@type\":\"WebPage\",\"@id\":\"https:\/\/www.prokennex.eu\/de\/schlager-tennis-academy-de\/destiny-fcs-245\/\",\"url\":\"https:\/\/www.prokennex.eu\/de\/schlager-tennis-academy-de\/destiny-fcs-245\/\",\"name\":\"Destiny Fcs 245 - ProKennex Racchette e Accessori\",\"isPartOf\":{\"@id\":\"https:\/\/www.prokennex.eu\/de\/#website\"},\"primaryImageOfPage\":{\"@id\":\"https:\/\/www.prokennex.eu\/de\/schlager-tennis-academy-de\/destiny-fcs-245\/#primaryimage\"},\"image\":{\"@id\":\"https:\/\/www.prokennex.eu\/de\/schlager-tennis-academy-de\/destiny-fcs-245\/#primaryimage\"},\"thumbnailUrl\":\"https:\/\/www.prokennex.eu\/wp-content\/uploads\/2021\/09\/racchetta-tennis-destiny-fcs-245.jpg\",\"datePublished\":\"2021-09-14T09:23:24+00:00\",\"dateModified\":\"2026-04-08T23:02:27+00:00\",\"breadcrumb\":{\"@id\":\"https:\/\/www.prokennex.eu\/de\/schlager-tennis-academy-de\/destiny-fcs-245\/#breadcrumb\"},\"inLanguage\":\"de\",\"potentialAction\":[{\"@type\":\"ReadAction\",\"target\":[\"https:\/\/www.prokennex.eu\/de\/schlager-tennis-academy-de\/destiny-fcs-245\/\"]}]},{\"@type\":\"ImageObject\",\"inLanguage\":\"de\",\"@id\":\"https:\/\/www.prokennex.eu\/de\/schlager-tennis-academy-de\/destiny-fcs-245\/#primaryimage\",\"url\":\"https:\/\/www.prokennex.eu\/wp-content\/uploads\/2021\/09\/racchetta-tennis-destiny-fcs-245.jpg\",\"contentUrl\":\"https:\/\/www.prokennex.eu\/wp-content\/uploads\/2021\/09\/racchetta-tennis-destiny-fcs-245.jpg\",\"width\":2000,\"height\":2000},{\"@type\":\"BreadcrumbList\",\"@id\":\"https:\/\/www.prokennex.eu\/de\/schlager-tennis-academy-de\/destiny-fcs-245\/#breadcrumb\",\"itemListElement\":[{\"@type\":\"ListItem\",\"position\":1,\"name\":\"Shop\",\"item\":\"https:\/\/www.prokennex.eu\/de\/negozio\/\"},{\"@type\":\"ListItem\",\"position\":2,\"name\":\"Tennis Academy\",\"item\":\"https:\/\/www.prokennex.eu\/de\/tennis-academy-de\/\"},{\"@type\":\"ListItem\",\"position\":3,\"name\":\"Schl\u00e4ger\",\"item\":\"https:\/\/www.prokennex.eu\/de\/tennis-academy-de\/schlager-tennis-academy-de\/\"},{\"@type\":\"ListItem\",\"position\":4,\"name\":\"Destiny Fcs 245\"}]},{\"@type\":\"WebSite\",\"@id\":\"https:\/\/www.prokennex.eu\/de\/#website\",\"url\":\"https:\/\/www.prokennex.eu\/de\/\",\"name\":\"ProKennex Racchette e Accessori\",\"description\":\"Tomorrow&#039;s Tachnologies\",\"publisher\":{\"@id\":\"https:\/\/www.prokennex.eu\/de\/#organization\"},\"potentialAction\":[{\"@type\":\"SearchAction\",\"target\":{\"@type\":\"EntryPoint\",\"urlTemplate\":\"https:\/\/www.prokennex.eu\/de\/?s={search_term_string}\"},\"query-input\":{\"@type\":\"PropertyValueSpecification\",\"valueRequired\":true,\"valueName\":\"search_term_string\"}}],\"inLanguage\":\"de\"},{\"@type\":\"Organization\",\"@id\":\"https:\/\/www.prokennex.eu\/de\/#organization\",\"name\":\"Pro Kennex s.r.l.\",\"url\":\"https:\/\/www.prokennex.eu\/de\/\",\"logo\":{\"@type\":\"ImageObject\",\"inLanguage\":\"de\",\"@id\":\"https:\/\/www.prokennex.eu\/de\/#\/schema\/logo\/image\/\",\"url\":\"https:\/\/www.prokennex.eu\/wp-content\/uploads\/2021\/09\/prokennex-logo.svg\",\"contentUrl\":\"https:\/\/www.prokennex.eu\/wp-content\/uploads\/2021\/09\/prokennex-logo.svg\",\"width\":\"1440\",\"height\":\"1080\",\"caption\":\"Pro Kennex s.r.l.\"},\"image\":{\"@id\":\"https:\/\/www.prokennex.eu\/de\/#\/schema\/logo\/image\/\"}}]}<\/script>\n<!-- \/ Yoast SEO plugin. -->","yoast_head_json":{"title":"Destiny Fcs 245 - ProKennex Racchette e Accessori","robots":{"index":"index","follow":"follow","max-snippet":"max-snippet:-1","max-image-preview":"max-image-preview:large","max-video-preview":"max-video-preview:-1"},"canonical":"https:\/\/www.prokennex.eu\/de\/schlager-tennis-academy-de\/destiny-fcs-245\/","og_locale":"de_DE","og_type":"article","og_title":"Destiny Fcs 245 - ProKennex Racchette e Accessori","og_description":"Die Destiny-Serie ist die erste der Welt, bei der die Round Shaft-Technologie im Kern des Schl\u00e4gers eingesetzt wird, wodurch der Ball mit Backspin und Topspin geschlagen werden kann. Durch das Gewicht und die L\u00e4nge dieses Modells es f\u00fcr Spieler unter 10 Jahren geeignet.","og_url":"https:\/\/www.prokennex.eu\/de\/schlager-tennis-academy-de\/destiny-fcs-245\/","og_site_name":"ProKennex Racchette e Accessori","article_modified_time":"2026-04-08T23:02:27+00:00","og_image":[{"width":2000,"height":2000,"url":"https:\/\/www.prokennex.eu\/wp-content\/uploads\/2021\/09\/racchetta-tennis-destiny-fcs-245.jpg","type":"image\/jpeg"}],"twitter_card":"summary_large_image","schema":{"@context":"https:\/\/schema.org","@graph":[{"@type":"WebPage","@id":"https:\/\/www.prokennex.eu\/de\/schlager-tennis-academy-de\/destiny-fcs-245\/","url":"https:\/\/www.prokennex.eu\/de\/schlager-tennis-academy-de\/destiny-fcs-245\/","name":"Destiny Fcs 245 - ProKennex Racchette e Accessori","isPartOf":{"@id":"https:\/\/www.prokennex.eu\/de\/#website"},"primaryImageOfPage":{"@id":"https:\/\/www.prokennex.eu\/de\/schlager-tennis-academy-de\/destiny-fcs-245\/#primaryimage"},"image":{"@id":"https:\/\/www.prokennex.eu\/de\/schlager-tennis-academy-de\/destiny-fcs-245\/#primaryimage"},"thumbnailUrl":"https:\/\/www.prokennex.eu\/wp-content\/uploads\/2021\/09\/racchetta-tennis-destiny-fcs-245.jpg","datePublished":"2021-09-14T09:23:24+00:00","dateModified":"2026-04-08T23:02:27+00:00","breadcrumb":{"@id":"https:\/\/www.prokennex.eu\/de\/schlager-tennis-academy-de\/destiny-fcs-245\/#breadcrumb"},"inLanguage":"de","potentialAction":[{"@type":"ReadAction","target":["https:\/\/www.prokennex.eu\/de\/schlager-tennis-academy-de\/destiny-fcs-245\/"]}]},{"@type":"ImageObject","inLanguage":"de","@id":"https:\/\/www.prokennex.eu\/de\/schlager-tennis-academy-de\/destiny-fcs-245\/#primaryimage","url":"https:\/\/www.prokennex.eu\/wp-content\/uploads\/2021\/09\/racchetta-tennis-destiny-fcs-245.jpg","contentUrl":"https:\/\/www.prokennex.eu\/wp-content\/uploads\/2021\/09\/racchetta-tennis-destiny-fcs-245.jpg","width":2000,"height":2000},{"@type":"BreadcrumbList","@id":"https:\/\/www.prokennex.eu\/de\/schlager-tennis-academy-de\/destiny-fcs-245\/#breadcrumb","itemListElement":[{"@type":"ListItem","position":1,"name":"Shop","item":"https:\/\/www.prokennex.eu\/de\/negozio\/"},{"@type":"ListItem","position":2,"name":"Tennis Academy","item":"https:\/\/www.prokennex.eu\/de\/tennis-academy-de\/"},{"@type":"ListItem","position":3,"name":"Schl\u00e4ger","item":"https:\/\/www.prokennex.eu\/de\/tennis-academy-de\/schlager-tennis-academy-de\/"},{"@type":"ListItem","position":4,"name":"Destiny Fcs 245"}]},{"@type":"WebSite","@id":"https:\/\/www.prokennex.eu\/de\/#website","url":"https:\/\/www.prokennex.eu\/de\/","name":"ProKennex Racchette e Accessori","description":"Tomorrow&#039;s Tachnologies","publisher":{"@id":"https:\/\/www.prokennex.eu\/de\/#organization"},"potentialAction":[{"@type":"SearchAction","target":{"@type":"EntryPoint","urlTemplate":"https:\/\/www.prokennex.eu\/de\/?s={search_term_string}"},"query-input":{"@type":"PropertyValueSpecification","valueRequired":true,"valueName":"search_term_string"}}],"inLanguage":"de"},{"@type":"Organization","@id":"https:\/\/www.prokennex.eu\/de\/#organization","name":"Pro Kennex s.r.l.","url":"https:\/\/www.prokennex.eu\/de\/","logo":{"@type":"ImageObject","inLanguage":"de","@id":"https:\/\/www.prokennex.eu\/de\/#\/schema\/logo\/image\/","url":"https:\/\/www.prokennex.eu\/wp-content\/uploads\/2021\/09\/prokennex-logo.svg","contentUrl":"https:\/\/www.prokennex.eu\/wp-content\/uploads\/2021\/09\/prokennex-logo.svg","width":"1440","height":"1080","caption":"Pro Kennex s.r.l."},"image":{"@id":"https:\/\/www.prokennex.eu\/de\/#\/schema\/logo\/image\/"}}]}},"_links":{"self":[{"href":"https:\/\/www.prokennex.eu\/de\/wp-json\/wp\/v2\/product\/10697","targetHints":{"allow":["GET"]}}],"collection":[{"href":"https:\/\/www.prokennex.eu\/de\/wp-json\/wp\/v2\/product"}],"about":[{"href":"https:\/\/www.prokennex.eu\/de\/wp-json\/wp\/v2\/types\/product"}],"replies":[{"embeddable":true,"href":"https:\/\/www.prokennex.eu\/de\/wp-json\/wp\/v2\/comments?post=10697"}],"wp:featuredmedia":[{"embeddable":true,"href":"https:\/\/www.prokennex.eu\/de\/wp-json\/wp\/v2\/media\/7516"}],"wp:attachment":[{"href":"https:\/\/www.prokennex.eu\/de\/wp-json\/wp\/v2\/media?parent=10697"}],"wp:term":[{"taxonomy":"tecnologia","embeddable":true,"href":"https:\/\/www.prokennex.eu\/de\/wp-json\/wp\/v2\/tecnologia?post=10697"},{"taxonomy":"product_brand","embeddable":true,"href":"https:\/\/www.prokennex.eu\/de\/wp-json\/wp\/v2\/product_brand?post=10697"},{"taxonomy":"product_cat","embeddable":true,"href":"https:\/\/www.prokennex.eu\/de\/wp-json\/wp\/v2\/product_cat?post=10697"},{"taxonomy":"product_tag","embeddable":true,"href":"https:\/\/www.prokennex.eu\/de\/wp-json\/wp\/v2\/product_tag?post=10697"}],"curies":[{"name":"wp","href":"https:\/\/api.w.org\/{rel}","templated":true}]}}