{"id":10515,"date":"2024-09-10T16:51:07","date_gmt":"2024-09-10T14:51:07","guid":{"rendered":"https:\/\/www.prokennex.eu\/unkategorisiert\/10515\/"},"modified":"2025-01-25T07:47:06","modified_gmt":"2025-01-25T06:47:06","slug":"black-ace-105","status":"publish","type":"product","link":"https:\/\/www.prokennex.eu\/de\/schlager\/black-ace-105\/","title":{"rendered":"Black Ace 105"},"content":{"rendered":"","protected":false},"excerpt":{"rendered":"<p>Der neue Black Ace 105 beh\u00e4lt die Geometrie und die wettbewerbsf\u00e4higen Merkmale des Black Ace bei, verf\u00fcgt jedoch \u00fcber ein 105 in\u00b2 gro\u00dfes Saitenbett, das eine gro\u00dfartige Reaktionsf\u00e4higkeit und Effizienz beim Aufprall bietet. Der Black Ace 105 steht f\u00fcr extreme Power in der Angriffsphase und beeindruckende Tiefenschl\u00e4ge. Entwickelt f\u00fcr einen aggressiven Spielstil, selbst in der Verteidigungsphase, besteht der Rahmen aus neuem <strong>Aurelian Carbon<\/strong> 24k und wird von der <strong>FlexLogic<\/strong>-Technologie unterst\u00fctzt, die die Verformung des Rahmens reduzieren kann und es dem Spieler erm\u00f6glicht, den bestm\u00f6glichen Schlag auszuf\u00fchren.<\/p>\n<p>Das exklusive <strong>Kinetic System<\/strong> im Schl\u00e4gerkopf erh\u00f6ht die Power und sorgt f\u00fcr sofortigen Komfort und Stabilit\u00e4t des Saitenbetts.<\/p>\n<p>Die <strong>Kinetic Damping Chamber<\/strong> im Griff eliminiert Vibrationen beim Schlag und reduziert die Erm\u00fcdung des Arms erheblich.<\/p>\n","protected":false},"featured_media":14034,"comment_status":"open","ping_status":"closed","template":"","meta":{"_acf_changed":false},"tecnologia":[2045,1334,1328],"product_brand":[],"product_cat":[1496,1497],"product_tag":[2056],"class_list":{"0":"post-10515","1":"product","2":"type-product","3":"status-publish","4":"has-post-thumbnail","6":"tecnologia-aurelian-carbon-de","7":"tecnologia-ionic-technology-de","8":"tecnologia-kinetic-system-de","9":"product_cat-tennis-de","10":"product_cat-schlager","11":"product_tag-ace-station-de","13":"first","14":"instock","15":"taxable","16":"shipping-taxable","17":"purchasable","18":"product-type-variable"},"bundled_by":[],"bundle_stock_status":"instock","bundle_stock_quantity":null,"bundle_virtual":false,"bundle_layout":"","bundle_add_to_cart_form_location":"","bundle_editable_in_cart":false,"bundle_sold_individually_context":"","bundle_item_grouping":"","bundle_min_size":"","bundle_max_size":"","bundle_price":[],"bundled_items":[],"bundle_sell_ids":[],"acf":[],"yoast_head":"<!-- This site is optimized with the Yoast SEO plugin v27.4 - https:\/\/yoast.com\/product\/yoast-seo-wordpress\/ -->\n<title>Black Ace 105 - ProKennex Racchette e Accessori<\/title>\n<meta name=\"robots\" content=\"index, follow, max-snippet:-1, max-image-preview:large, max-video-preview:-1\" \/>\n<link rel=\"canonical\" href=\"https:\/\/www.prokennex.eu\/de\/schlager\/black-ace-105\/\" \/>\n<meta property=\"og:locale\" content=\"de_DE\" \/>\n<meta property=\"og:type\" content=\"article\" \/>\n<meta property=\"og:title\" content=\"Black Ace 105 - ProKennex Racchette e Accessori\" \/>\n<meta property=\"og:description\" content=\"Der neue Black Ace 105 beh\u00e4lt die Geometrie und die wettbewerbsf\u00e4higen Merkmale des Black Ace bei, verf\u00fcgt jedoch \u00fcber ein 105 in\u00b2 gro\u00dfes Saitenbett, das eine gro\u00dfartige Reaktionsf\u00e4higkeit und Effizienz beim Aufprall bietet. Der Black Ace 105 steht f\u00fcr extreme Power in der Angriffsphase und beeindruckende Tiefenschl\u00e4ge. Entwickelt f\u00fcr einen aggressiven Spielstil, selbst in der Verteidigungsphase, besteht der Rahmen aus neuem Aurelian Carbon 24k und wird von der FlexLogic-Technologie unterst\u00fctzt, die die Verformung des Rahmens reduzieren kann und es dem Spieler erm\u00f6glicht, den bestm\u00f6glichen Schlag auszuf\u00fchren.  Das exklusive Kinetic System im Schl\u00e4gerkopf erh\u00f6ht die Power und sorgt f\u00fcr sofortigen Komfort und Stabilit\u00e4t des Saitenbetts.  Die Kinetic Damping Chamber im Griff eliminiert Vibrationen beim Schlag und reduziert die Erm\u00fcdung des Arms erheblich.\" \/>\n<meta property=\"og:url\" content=\"https:\/\/www.prokennex.eu\/de\/schlager\/black-ace-105\/\" \/>\n<meta property=\"og:site_name\" content=\"ProKennex Racchette e Accessori\" \/>\n<meta property=\"article:modified_time\" content=\"2025-01-25T06:47:06+00:00\" \/>\n<meta property=\"og:image\" content=\"https:\/\/www.prokennex.eu\/wp-content\/uploads\/2022\/04\/black-ace-105.jpg\" \/>\n\t<meta property=\"og:image:width\" content=\"2000\" \/>\n\t<meta property=\"og:image:height\" content=\"2000\" \/>\n\t<meta property=\"og:image:type\" content=\"image\/jpeg\" \/>\n<meta name=\"twitter:card\" content=\"summary_large_image\" \/>\n<script type=\"application\/ld+json\" class=\"yoast-schema-graph\">{\"@context\":\"https:\\\/\\\/schema.org\",\"@graph\":[{\"@type\":\"WebPage\",\"@id\":\"https:\\\/\\\/www.prokennex.eu\\\/de\\\/schlager\\\/black-ace-105\\\/\",\"url\":\"https:\\\/\\\/www.prokennex.eu\\\/de\\\/schlager\\\/black-ace-105\\\/\",\"name\":\"Black Ace 105 - ProKennex Racchette e Accessori\",\"isPartOf\":{\"@id\":\"https:\\\/\\\/www.prokennex.eu\\\/de\\\/#website\"},\"primaryImageOfPage\":{\"@id\":\"https:\\\/\\\/www.prokennex.eu\\\/de\\\/schlager\\\/black-ace-105\\\/#primaryimage\"},\"image\":{\"@id\":\"https:\\\/\\\/www.prokennex.eu\\\/de\\\/schlager\\\/black-ace-105\\\/#primaryimage\"},\"thumbnailUrl\":\"https:\\\/\\\/www.prokennex.eu\\\/wp-content\\\/uploads\\\/2022\\\/04\\\/black-ace-105.jpg\",\"datePublished\":\"2024-09-10T14:51:07+00:00\",\"dateModified\":\"2025-01-25T06:47:06+00:00\",\"breadcrumb\":{\"@id\":\"https:\\\/\\\/www.prokennex.eu\\\/de\\\/schlager\\\/black-ace-105\\\/#breadcrumb\"},\"inLanguage\":\"de\",\"potentialAction\":[{\"@type\":\"ReadAction\",\"target\":[\"https:\\\/\\\/www.prokennex.eu\\\/de\\\/schlager\\\/black-ace-105\\\/\"]}]},{\"@type\":\"ImageObject\",\"inLanguage\":\"de\",\"@id\":\"https:\\\/\\\/www.prokennex.eu\\\/de\\\/schlager\\\/black-ace-105\\\/#primaryimage\",\"url\":\"https:\\\/\\\/www.prokennex.eu\\\/wp-content\\\/uploads\\\/2022\\\/04\\\/black-ace-105.jpg\",\"contentUrl\":\"https:\\\/\\\/www.prokennex.eu\\\/wp-content\\\/uploads\\\/2022\\\/04\\\/black-ace-105.jpg\",\"width\":2000,\"height\":2000},{\"@type\":\"BreadcrumbList\",\"@id\":\"https:\\\/\\\/www.prokennex.eu\\\/de\\\/schlager\\\/black-ace-105\\\/#breadcrumb\",\"itemListElement\":[{\"@type\":\"ListItem\",\"position\":1,\"name\":\"Shop\",\"item\":\"https:\\\/\\\/www.prokennex.eu\\\/de\\\/negozio\\\/\"},{\"@type\":\"ListItem\",\"position\":2,\"name\":\"Tennis\",\"item\":\"https:\\\/\\\/www.prokennex.eu\\\/de\\\/tennis-de\\\/\"},{\"@type\":\"ListItem\",\"position\":3,\"name\":\"Schl\u00e4ger\",\"item\":\"https:\\\/\\\/www.prokennex.eu\\\/de\\\/tennis-de\\\/schlager\\\/\"},{\"@type\":\"ListItem\",\"position\":4,\"name\":\"Black Ace 105\"}]},{\"@type\":\"WebSite\",\"@id\":\"https:\\\/\\\/www.prokennex.eu\\\/de\\\/#website\",\"url\":\"https:\\\/\\\/www.prokennex.eu\\\/de\\\/\",\"name\":\"ProKennex Racchette e Accessori\",\"description\":\"Tomorrow&#039;s Tachnologies\",\"publisher\":{\"@id\":\"https:\\\/\\\/www.prokennex.eu\\\/de\\\/#organization\"},\"potentialAction\":[{\"@type\":\"SearchAction\",\"target\":{\"@type\":\"EntryPoint\",\"urlTemplate\":\"https:\\\/\\\/www.prokennex.eu\\\/de\\\/?s={search_term_string}\"},\"query-input\":{\"@type\":\"PropertyValueSpecification\",\"valueRequired\":true,\"valueName\":\"search_term_string\"}}],\"inLanguage\":\"de\"},{\"@type\":\"Organization\",\"@id\":\"https:\\\/\\\/www.prokennex.eu\\\/de\\\/#organization\",\"name\":\"Pro Kennex s.r.l.\",\"url\":\"https:\\\/\\\/www.prokennex.eu\\\/de\\\/\",\"logo\":{\"@type\":\"ImageObject\",\"inLanguage\":\"de\",\"@id\":\"https:\\\/\\\/www.prokennex.eu\\\/de\\\/#\\\/schema\\\/logo\\\/image\\\/\",\"url\":\"https:\\\/\\\/www.prokennex.eu\\\/wp-content\\\/uploads\\\/2021\\\/09\\\/prokennex-logo.svg\",\"contentUrl\":\"https:\\\/\\\/www.prokennex.eu\\\/wp-content\\\/uploads\\\/2021\\\/09\\\/prokennex-logo.svg\",\"width\":\"1440\",\"height\":\"1080\",\"caption\":\"Pro Kennex s.r.l.\"},\"image\":{\"@id\":\"https:\\\/\\\/www.prokennex.eu\\\/de\\\/#\\\/schema\\\/logo\\\/image\\\/\"}}]}<\/script>\n<!-- \/ Yoast SEO plugin. -->","yoast_head_json":{"title":"Black Ace 105 - ProKennex Racchette e Accessori","robots":{"index":"index","follow":"follow","max-snippet":"max-snippet:-1","max-image-preview":"max-image-preview:large","max-video-preview":"max-video-preview:-1"},"canonical":"https:\/\/www.prokennex.eu\/de\/schlager\/black-ace-105\/","og_locale":"de_DE","og_type":"article","og_title":"Black Ace 105 - ProKennex Racchette e Accessori","og_description":"Der neue Black Ace 105 beh\u00e4lt die Geometrie und die wettbewerbsf\u00e4higen Merkmale des Black Ace bei, verf\u00fcgt jedoch \u00fcber ein 105 in\u00b2 gro\u00dfes Saitenbett, das eine gro\u00dfartige Reaktionsf\u00e4higkeit und Effizienz beim Aufprall bietet. Der Black Ace 105 steht f\u00fcr extreme Power in der Angriffsphase und beeindruckende Tiefenschl\u00e4ge. Entwickelt f\u00fcr einen aggressiven Spielstil, selbst in der Verteidigungsphase, besteht der Rahmen aus neuem Aurelian Carbon 24k und wird von der FlexLogic-Technologie unterst\u00fctzt, die die Verformung des Rahmens reduzieren kann und es dem Spieler erm\u00f6glicht, den bestm\u00f6glichen Schlag auszuf\u00fchren.  Das exklusive Kinetic System im Schl\u00e4gerkopf erh\u00f6ht die Power und sorgt f\u00fcr sofortigen Komfort und Stabilit\u00e4t des Saitenbetts.  Die Kinetic Damping Chamber im Griff eliminiert Vibrationen beim Schlag und reduziert die Erm\u00fcdung des Arms erheblich.","og_url":"https:\/\/www.prokennex.eu\/de\/schlager\/black-ace-105\/","og_site_name":"ProKennex Racchette e Accessori","article_modified_time":"2025-01-25T06:47:06+00:00","og_image":[{"width":2000,"height":2000,"url":"https:\/\/www.prokennex.eu\/wp-content\/uploads\/2022\/04\/black-ace-105.jpg","type":"image\/jpeg"}],"twitter_card":"summary_large_image","schema":{"@context":"https:\/\/schema.org","@graph":[{"@type":"WebPage","@id":"https:\/\/www.prokennex.eu\/de\/schlager\/black-ace-105\/","url":"https:\/\/www.prokennex.eu\/de\/schlager\/black-ace-105\/","name":"Black Ace 105 - ProKennex Racchette e Accessori","isPartOf":{"@id":"https:\/\/www.prokennex.eu\/de\/#website"},"primaryImageOfPage":{"@id":"https:\/\/www.prokennex.eu\/de\/schlager\/black-ace-105\/#primaryimage"},"image":{"@id":"https:\/\/www.prokennex.eu\/de\/schlager\/black-ace-105\/#primaryimage"},"thumbnailUrl":"https:\/\/www.prokennex.eu\/wp-content\/uploads\/2022\/04\/black-ace-105.jpg","datePublished":"2024-09-10T14:51:07+00:00","dateModified":"2025-01-25T06:47:06+00:00","breadcrumb":{"@id":"https:\/\/www.prokennex.eu\/de\/schlager\/black-ace-105\/#breadcrumb"},"inLanguage":"de","potentialAction":[{"@type":"ReadAction","target":["https:\/\/www.prokennex.eu\/de\/schlager\/black-ace-105\/"]}]},{"@type":"ImageObject","inLanguage":"de","@id":"https:\/\/www.prokennex.eu\/de\/schlager\/black-ace-105\/#primaryimage","url":"https:\/\/www.prokennex.eu\/wp-content\/uploads\/2022\/04\/black-ace-105.jpg","contentUrl":"https:\/\/www.prokennex.eu\/wp-content\/uploads\/2022\/04\/black-ace-105.jpg","width":2000,"height":2000},{"@type":"BreadcrumbList","@id":"https:\/\/www.prokennex.eu\/de\/schlager\/black-ace-105\/#breadcrumb","itemListElement":[{"@type":"ListItem","position":1,"name":"Shop","item":"https:\/\/www.prokennex.eu\/de\/negozio\/"},{"@type":"ListItem","position":2,"name":"Tennis","item":"https:\/\/www.prokennex.eu\/de\/tennis-de\/"},{"@type":"ListItem","position":3,"name":"Schl\u00e4ger","item":"https:\/\/www.prokennex.eu\/de\/tennis-de\/schlager\/"},{"@type":"ListItem","position":4,"name":"Black Ace 105"}]},{"@type":"WebSite","@id":"https:\/\/www.prokennex.eu\/de\/#website","url":"https:\/\/www.prokennex.eu\/de\/","name":"ProKennex Racchette e Accessori","description":"Tomorrow&#039;s Tachnologies","publisher":{"@id":"https:\/\/www.prokennex.eu\/de\/#organization"},"potentialAction":[{"@type":"SearchAction","target":{"@type":"EntryPoint","urlTemplate":"https:\/\/www.prokennex.eu\/de\/?s={search_term_string}"},"query-input":{"@type":"PropertyValueSpecification","valueRequired":true,"valueName":"search_term_string"}}],"inLanguage":"de"},{"@type":"Organization","@id":"https:\/\/www.prokennex.eu\/de\/#organization","name":"Pro Kennex s.r.l.","url":"https:\/\/www.prokennex.eu\/de\/","logo":{"@type":"ImageObject","inLanguage":"de","@id":"https:\/\/www.prokennex.eu\/de\/#\/schema\/logo\/image\/","url":"https:\/\/www.prokennex.eu\/wp-content\/uploads\/2021\/09\/prokennex-logo.svg","contentUrl":"https:\/\/www.prokennex.eu\/wp-content\/uploads\/2021\/09\/prokennex-logo.svg","width":"1440","height":"1080","caption":"Pro Kennex s.r.l."},"image":{"@id":"https:\/\/www.prokennex.eu\/de\/#\/schema\/logo\/image\/"}}]}},"_links":{"self":[{"href":"https:\/\/www.prokennex.eu\/de\/wp-json\/wp\/v2\/product\/10515","targetHints":{"allow":["GET"]}}],"collection":[{"href":"https:\/\/www.prokennex.eu\/de\/wp-json\/wp\/v2\/product"}],"about":[{"href":"https:\/\/www.prokennex.eu\/de\/wp-json\/wp\/v2\/types\/product"}],"replies":[{"embeddable":true,"href":"https:\/\/www.prokennex.eu\/de\/wp-json\/wp\/v2\/comments?post=10515"}],"wp:featuredmedia":[{"embeddable":true,"href":"https:\/\/www.prokennex.eu\/de\/wp-json\/wp\/v2\/media\/14034"}],"wp:attachment":[{"href":"https:\/\/www.prokennex.eu\/de\/wp-json\/wp\/v2\/media?parent=10515"}],"wp:term":[{"taxonomy":"tecnologia","embeddable":true,"href":"https:\/\/www.prokennex.eu\/de\/wp-json\/wp\/v2\/tecnologia?post=10515"},{"taxonomy":"product_brand","embeddable":true,"href":"https:\/\/www.prokennex.eu\/de\/wp-json\/wp\/v2\/product_brand?post=10515"},{"taxonomy":"product_cat","embeddable":true,"href":"https:\/\/www.prokennex.eu\/de\/wp-json\/wp\/v2\/product_cat?post=10515"},{"taxonomy":"product_tag","embeddable":true,"href":"https:\/\/www.prokennex.eu\/de\/wp-json\/wp\/v2\/product_tag?post=10515"}],"curies":[{"name":"wp","href":"https:\/\/api.w.org\/{rel}","templated":true}]}}