{"id":9525,"date":"2021-04-11T11:54:42","date_gmt":"2021-04-11T09:54:42","guid":{"rendered":"https:\/\/www.prokennex.eu\/termini-di-revoca\/"},"modified":"2022-09-27T11:49:28","modified_gmt":"2022-09-27T09:49:28","slug":"bedingungen-fuer-den-widerruf","status":"publish","type":"page","link":"https:\/\/www.prokennex.eu\/de\/bedingungen-fuer-den-widerruf\/","title":{"rendered":"Bedingungen f\u00fcr den Widerruf"},"content":{"rendered":"\n\t<section class=\"section\" id=\"section_258735410\">\n\t\t<div class=\"section-bg fill\" >\n\t\t\t\t\t\t\t\t\t\n\t\t\t\n\n\t\t<\/div>\n\n\t\t\n\n\t\t<div class=\"section-content relative\">\n\t\t\t\n<div class=\"row align-center\"  id=\"row-1905936200\">\n\n\t<div id=\"col-951573547\" class=\"col medium-10 small-12 large-10\"  >\n\t\t\t\t<div class=\"col-inner\"  >\n\t\t\t\n\t\t\t\n<p><strong>R\u00dcCKSENDUNGEN<\/strong><\/p>\n<p>Der Kunde hat ab Erhalt der Ware eine Frist von 5 Kalendertagen, um eine R\u00fccksendung zu melden. Die Versandkosten f\u00fcr die R\u00fccksendung der Ware an PRO KENNEX s.r.l. und die Kosten f\u00fcr den Versand der als Ersatz gekauften neuen Produkte gehen zu Lasten des Kunden, wenn die R\u00fccksendung aus pers\u00f6nlichen Gr\u00fcnden oder wegen falscher Gr\u00f6\u00dfe gew\u00fcnscht wird, und zu Lasten von PRO KENNEX s.r.l., wenn ein Produktfehler festgestellt wird. Alle Produkte m\u00fcssen mit der Originalverpackung und -umh\u00fcllung zur\u00fcckgeschickt werden:<\/p>\n<p><u>SCHL\u00c4GER<\/u>: m\u00fcssen alle Eigenschaften des neuen Schl\u00e4gers aufweisen, d\u00fcrfen keinesfalls benutzt worden sein, m\u00fcssen eine Kunststoffbeschichtung haben und d\u00fcrfen kein Zubeh\u00f6r (Gewichte, Overgrip oder gewechselter Grip) aufweisen.<\/p>\n<p><u>ZUBEH\u00d6R<\/u> (B\u00e4lle, Taschen, Grips, Overgrips, Antivibrationsvorrichtungen): Alle hier aufgef\u00fchrten Produkte dieser Kategorie m\u00fcssen in der Originalverpackung oder in der Verpackung, in der sie vom Verk\u00e4ufer erhalten wurden, zur\u00fcckgegeben werden und d\u00fcrfen keine Anzeichen von Abnutzung, Flecken oder Druckabfall (im Falle von Ballschl\u00e4uchen) aufweisen.<\/p>\n<p>ANMERKUNG: Die R\u00fcckerstattung oder R\u00fcckgabe der Bestellung und die anschlie\u00dfende Gutschrift oder die Erstellung eines Gutscheins bezieht sich nur auf die Kosten der Produkte, nicht auf die Versandkosten.<\/p>\n<p>Die R\u00fccksendung muss erfolgen an: Pro Kennex s.r.l. Via della Volta 46\/A 25124 Brescia<\/p>\n<p><strong>R\u00dcCKERSTATTUNGEN<\/strong><\/p>\n<p>R\u00fcckerstattungen erfolgen innerhalb von 14 Kalendertagen entsprechend der zum Zeitpunkt der Bestellung gew\u00e4hlten Zahlungsmethode. Im Falle einer R\u00fccksendung erfolgt eine R\u00fcckerstattung erst, wenn die Ware vom Kunden erhalten und ihre Unversehrtheit festgestellt wurde.<\/p>\n<p>&#8211; KREDITKARTE und BANK\u00dcBERWEISUNG: R\u00fcckerstattung per Bank\u00fcberweisung, wir ben\u00f6tigen Ihren IBAN-Code<\/p>\n<p>&#8211; PAYPAL: PAYPAL-R\u00fcckerstattung<\/p>\n\t\t<\/div>\n\t\t\t\t\t<\/div>\n\n\t\n<\/div>\n\t\t<\/div>\n\n\t\t\n<style>\n#section_258735410 {\n  padding-top: 30px;\n  padding-bottom: 30px;\n}\n<\/style>\n\t<\/section>\n\t\n","protected":false},"excerpt":{"rendered":"","protected":false},"author":1,"featured_media":0,"parent":0,"menu_order":0,"comment_status":"closed","ping_status":"closed","template":"","meta":{"_acf_changed":false,"footnotes":""},"class_list":["post-9525","page","type-page","status-publish","hentry"],"acf":[],"yoast_head":"<!-- This site is optimized with the Yoast SEO plugin v27.4 - https:\/\/yoast.com\/product\/yoast-seo-wordpress\/ -->\n<title>Bedingungen f\u00fcr den Widerruf - ProKennex Racchette e Accessori<\/title>\n<meta name=\"robots\" content=\"index, follow, max-snippet:-1, max-image-preview:large, max-video-preview:-1\" \/>\n<link rel=\"canonical\" href=\"https:\/\/www.prokennex.eu\/de\/bedingungen-fuer-den-widerruf\/\" \/>\n<meta property=\"og:locale\" content=\"de_DE\" \/>\n<meta property=\"og:type\" content=\"article\" \/>\n<meta property=\"og:title\" content=\"Bedingungen f\u00fcr den Widerruf - ProKennex Racchette e Accessori\" \/>\n<meta property=\"og:url\" content=\"https:\/\/www.prokennex.eu\/de\/bedingungen-fuer-den-widerruf\/\" \/>\n<meta property=\"og:site_name\" content=\"ProKennex Racchette e Accessori\" \/>\n<meta property=\"article:modified_time\" content=\"2022-09-27T09:49:28+00:00\" \/>\n<meta name=\"twitter:card\" content=\"summary_large_image\" \/>\n<script type=\"application\/ld+json\" class=\"yoast-schema-graph\">{\"@context\":\"https:\\\/\\\/schema.org\",\"@graph\":[{\"@type\":\"WebPage\",\"@id\":\"https:\\\/\\\/www.prokennex.eu\\\/de\\\/bedingungen-fuer-den-widerruf\\\/\",\"url\":\"https:\\\/\\\/www.prokennex.eu\\\/de\\\/bedingungen-fuer-den-widerruf\\\/\",\"name\":\"Bedingungen f\u00fcr den Widerruf - ProKennex Racchette e Accessori\",\"isPartOf\":{\"@id\":\"https:\\\/\\\/www.prokennex.eu\\\/de\\\/#website\"},\"datePublished\":\"2021-04-11T09:54:42+00:00\",\"dateModified\":\"2022-09-27T09:49:28+00:00\",\"inLanguage\":\"de\",\"potentialAction\":[{\"@type\":\"ReadAction\",\"target\":[\"https:\\\/\\\/www.prokennex.eu\\\/de\\\/bedingungen-fuer-den-widerruf\\\/\"]}]},{\"@type\":\"WebSite\",\"@id\":\"https:\\\/\\\/www.prokennex.eu\\\/de\\\/#website\",\"url\":\"https:\\\/\\\/www.prokennex.eu\\\/de\\\/\",\"name\":\"ProKennex Racchette e Accessori\",\"description\":\"Tomorrow&#039;s Tachnologies\",\"publisher\":{\"@id\":\"https:\\\/\\\/www.prokennex.eu\\\/de\\\/#organization\"},\"potentialAction\":[{\"@type\":\"SearchAction\",\"target\":{\"@type\":\"EntryPoint\",\"urlTemplate\":\"https:\\\/\\\/www.prokennex.eu\\\/de\\\/?s={search_term_string}\"},\"query-input\":{\"@type\":\"PropertyValueSpecification\",\"valueRequired\":true,\"valueName\":\"search_term_string\"}}],\"inLanguage\":\"de\"},{\"@type\":\"Organization\",\"@id\":\"https:\\\/\\\/www.prokennex.eu\\\/de\\\/#organization\",\"name\":\"Pro Kennex s.r.l.\",\"url\":\"https:\\\/\\\/www.prokennex.eu\\\/de\\\/\",\"logo\":{\"@type\":\"ImageObject\",\"inLanguage\":\"de\",\"@id\":\"https:\\\/\\\/www.prokennex.eu\\\/de\\\/#\\\/schema\\\/logo\\\/image\\\/\",\"url\":\"https:\\\/\\\/www.prokennex.eu\\\/wp-content\\\/uploads\\\/2021\\\/09\\\/prokennex-logo.svg\",\"contentUrl\":\"https:\\\/\\\/www.prokennex.eu\\\/wp-content\\\/uploads\\\/2021\\\/09\\\/prokennex-logo.svg\",\"width\":\"1440\",\"height\":\"1080\",\"caption\":\"Pro Kennex s.r.l.\"},\"image\":{\"@id\":\"https:\\\/\\\/www.prokennex.eu\\\/de\\\/#\\\/schema\\\/logo\\\/image\\\/\"}}]}<\/script>\n<!-- \/ Yoast SEO plugin. -->","yoast_head_json":{"title":"Bedingungen f\u00fcr den Widerruf - ProKennex Racchette e Accessori","robots":{"index":"index","follow":"follow","max-snippet":"max-snippet:-1","max-image-preview":"max-image-preview:large","max-video-preview":"max-video-preview:-1"},"canonical":"https:\/\/www.prokennex.eu\/de\/bedingungen-fuer-den-widerruf\/","og_locale":"de_DE","og_type":"article","og_title":"Bedingungen f\u00fcr den Widerruf - ProKennex Racchette e Accessori","og_url":"https:\/\/www.prokennex.eu\/de\/bedingungen-fuer-den-widerruf\/","og_site_name":"ProKennex Racchette e Accessori","article_modified_time":"2022-09-27T09:49:28+00:00","twitter_card":"summary_large_image","schema":{"@context":"https:\/\/schema.org","@graph":[{"@type":"WebPage","@id":"https:\/\/www.prokennex.eu\/de\/bedingungen-fuer-den-widerruf\/","url":"https:\/\/www.prokennex.eu\/de\/bedingungen-fuer-den-widerruf\/","name":"Bedingungen f\u00fcr den Widerruf - ProKennex Racchette e Accessori","isPartOf":{"@id":"https:\/\/www.prokennex.eu\/de\/#website"},"datePublished":"2021-04-11T09:54:42+00:00","dateModified":"2022-09-27T09:49:28+00:00","inLanguage":"de","potentialAction":[{"@type":"ReadAction","target":["https:\/\/www.prokennex.eu\/de\/bedingungen-fuer-den-widerruf\/"]}]},{"@type":"WebSite","@id":"https:\/\/www.prokennex.eu\/de\/#website","url":"https:\/\/www.prokennex.eu\/de\/","name":"ProKennex Racchette e Accessori","description":"Tomorrow&#039;s Tachnologies","publisher":{"@id":"https:\/\/www.prokennex.eu\/de\/#organization"},"potentialAction":[{"@type":"SearchAction","target":{"@type":"EntryPoint","urlTemplate":"https:\/\/www.prokennex.eu\/de\/?s={search_term_string}"},"query-input":{"@type":"PropertyValueSpecification","valueRequired":true,"valueName":"search_term_string"}}],"inLanguage":"de"},{"@type":"Organization","@id":"https:\/\/www.prokennex.eu\/de\/#organization","name":"Pro Kennex s.r.l.","url":"https:\/\/www.prokennex.eu\/de\/","logo":{"@type":"ImageObject","inLanguage":"de","@id":"https:\/\/www.prokennex.eu\/de\/#\/schema\/logo\/image\/","url":"https:\/\/www.prokennex.eu\/wp-content\/uploads\/2021\/09\/prokennex-logo.svg","contentUrl":"https:\/\/www.prokennex.eu\/wp-content\/uploads\/2021\/09\/prokennex-logo.svg","width":"1440","height":"1080","caption":"Pro Kennex s.r.l."},"image":{"@id":"https:\/\/www.prokennex.eu\/de\/#\/schema\/logo\/image\/"}}]}},"_links":{"self":[{"href":"https:\/\/www.prokennex.eu\/de\/wp-json\/wp\/v2\/pages\/9525","targetHints":{"allow":["GET"]}}],"collection":[{"href":"https:\/\/www.prokennex.eu\/de\/wp-json\/wp\/v2\/pages"}],"about":[{"href":"https:\/\/www.prokennex.eu\/de\/wp-json\/wp\/v2\/types\/page"}],"author":[{"embeddable":true,"href":"https:\/\/www.prokennex.eu\/de\/wp-json\/wp\/v2\/users\/1"}],"replies":[{"embeddable":true,"href":"https:\/\/www.prokennex.eu\/de\/wp-json\/wp\/v2\/comments?post=9525"}],"version-history":[{"count":3,"href":"https:\/\/www.prokennex.eu\/de\/wp-json\/wp\/v2\/pages\/9525\/revisions"}],"predecessor-version":[{"id":10525,"href":"https:\/\/www.prokennex.eu\/de\/wp-json\/wp\/v2\/pages\/9525\/revisions\/10525"}],"wp:attachment":[{"href":"https:\/\/www.prokennex.eu\/de\/wp-json\/wp\/v2\/media?parent=9525"}],"curies":[{"name":"wp","href":"https:\/\/api.w.org\/{rel}","templated":true}]}}