{"id":9520,"date":"2021-04-11T11:53:33","date_gmt":"2021-04-11T09:53:33","guid":{"rendered":"https:\/\/www.prokennex.eu\/spese-di-spedizione-e-pagamenti\/"},"modified":"2022-09-27T11:51:19","modified_gmt":"2022-09-27T09:51:19","slug":"versand-und-zahlungen","status":"publish","type":"page","link":"https:\/\/www.prokennex.eu\/de\/versand-und-zahlungen\/","title":{"rendered":"Versand und Zahlungen"},"content":{"rendered":"\n\t<section class=\"section\" id=\"section_1168398729\">\n\t\t<div class=\"section-bg fill\" >\n\t\t\t\t\t\t\t\t\t\n\t\t\t\n\n\t\t<\/div>\n\n\t\t\n\n\t\t<div class=\"section-content relative\">\n\t\t\t\n<div class=\"row align-center\"  id=\"row-224099125\">\n\n\t<div id=\"col-760144858\" class=\"col medium-10 small-12 large-10\"  >\n\t\t\t\t<div class=\"col-inner\"  >\n\t\t\t\n\t\t\t\n<p><strong>VERSAND<\/strong><\/p>\n<p>Der Versand ist in ganz Italien f\u00fcr Betr\u00e4ge \u00fcber 50,00 \u20ac kostenlos. F\u00fcr kleinere Betr\u00e4ge wird f\u00fcr alle Produkte ein landesweiter Tarif von 15,00 \u20ac erhoben. Die Lieferzeiten betragen landesweit in der Regel 24\/48 Stunden. Bestellungen mit der Zahlungsmethode Bank\u00fcberweisung werden bearbeitet, sobald die tats\u00e4chliche Gutschrift des Bestellbetrags eingegangen ist. In der Regel betr\u00e4gt die Bearbeitungszeit zwei bis drei Werktage. Der Kunde wird per E-Mail \u00fcber den Versand benachrichtigt und erh\u00e4lt eine Tracking-Nummer, mit der er das Paket jederzeit verfolgen kann.<\/p>\n<p>Alle Bestellungen werden von Montag bis Freitag versandt (au\u00dfer an Feiertagen und Vorfeiertagen). Bestellungen, die vor 12 Uhr mittags aufgegeben werden, werden noch am selben Tag versandt, w\u00e4hrend Bestellungen, die nach 12 Uhr aufgegeben werden, am n\u00e4chsten Tag versandt werden.<\/p>\n<p>F\u00fcr jede Bestellung ist der Tracking-Dienst mit den Daten aktiv, die der Spediteur automatisch sendet, um den Standort der Bestellung zu \u00fcberwachen.<\/p>\n<p><strong>ZAHLUNG<\/strong><\/p>\n<p><strong>PAYPAL<\/strong><\/p>\n<p>Die schnellste, sicherste und am weitesten verbreitete Methode der Welt. Loggen Sie sich nach Abschluss Ihrer Bestellung in Ihr PayPal-Konto ein, um Ihre Zahlung abzuschlie\u00dfen.<\/p>\n<p><strong>BANK\u00dcBERWEISUNG<\/strong><\/p>\n<p>Dies ist eine \u00dcberweisung des Betrags der Bestellung von Bank zu Bank. Die Bestellung wird nach Zahlungseingang versandt, in der Regel innerhalb von zwei bis drei Werktagen.<\/p>\n<p><strong>KREDITKARTE<\/strong><\/p>\n<p>Bezahlen Sie bequem und sicher mit Ihrer Kreditkarte \u00fcber PayPal, indem Sie Ihre Kartendaten in das daf\u00fcr vorgesehene Feld eingeben. Sie m\u00fcssen kein PayPal-Konto haben, um mit Ihrer Kreditkarte zu bezahlen. Diese Zahlungsmethode ist f\u00fcr Sie mit keinen zus\u00e4tzlichen Kosten verbunden.<\/p>\n\t\t<\/div>\n\t\t\t\t\t<\/div>\n\n\t\n<\/div>\n\t\t<\/div>\n\n\t\t\n<style>\n#section_1168398729 {\n  padding-top: 30px;\n  padding-bottom: 30px;\n}\n<\/style>\n\t<\/section>\n\t\n","protected":false},"excerpt":{"rendered":"","protected":false},"author":1,"featured_media":0,"parent":0,"menu_order":0,"comment_status":"closed","ping_status":"closed","template":"","meta":{"_acf_changed":false,"footnotes":""},"class_list":["post-9520","page","type-page","status-publish","hentry"],"acf":[],"yoast_head":"<!-- This site is optimized with the Yoast SEO plugin v27.1.1 - https:\/\/yoast.com\/product\/yoast-seo-wordpress\/ -->\n<title>Versand und Zahlungen - ProKennex Racchette e Accessori<\/title>\n<meta name=\"robots\" content=\"index, follow, max-snippet:-1, max-image-preview:large, max-video-preview:-1\" \/>\n<link rel=\"canonical\" href=\"https:\/\/www.prokennex.eu\/de\/versand-und-zahlungen\/\" \/>\n<meta property=\"og:locale\" content=\"de_DE\" \/>\n<meta property=\"og:type\" content=\"article\" \/>\n<meta property=\"og:title\" content=\"Versand und Zahlungen - ProKennex Racchette e Accessori\" \/>\n<meta property=\"og:url\" content=\"https:\/\/www.prokennex.eu\/de\/versand-und-zahlungen\/\" \/>\n<meta property=\"og:site_name\" content=\"ProKennex Racchette e Accessori\" \/>\n<meta property=\"article:modified_time\" content=\"2022-09-27T09:51:19+00:00\" \/>\n<meta name=\"twitter:card\" content=\"summary_large_image\" \/>\n<script type=\"application\/ld+json\" class=\"yoast-schema-graph\">{\"@context\":\"https:\/\/schema.org\",\"@graph\":[{\"@type\":\"WebPage\",\"@id\":\"https:\/\/www.prokennex.eu\/de\/versand-und-zahlungen\/\",\"url\":\"https:\/\/www.prokennex.eu\/de\/versand-und-zahlungen\/\",\"name\":\"Versand und Zahlungen - ProKennex Racchette e Accessori\",\"isPartOf\":{\"@id\":\"https:\/\/www.prokennex.eu\/de\/#website\"},\"datePublished\":\"2021-04-11T09:53:33+00:00\",\"dateModified\":\"2022-09-27T09:51:19+00:00\",\"inLanguage\":\"de\",\"potentialAction\":[{\"@type\":\"ReadAction\",\"target\":[\"https:\/\/www.prokennex.eu\/de\/versand-und-zahlungen\/\"]}]},{\"@type\":\"WebSite\",\"@id\":\"https:\/\/www.prokennex.eu\/de\/#website\",\"url\":\"https:\/\/www.prokennex.eu\/de\/\",\"name\":\"ProKennex Racchette e Accessori\",\"description\":\"Tomorrow&#039;s Tachnologies\",\"publisher\":{\"@id\":\"https:\/\/www.prokennex.eu\/de\/#organization\"},\"potentialAction\":[{\"@type\":\"SearchAction\",\"target\":{\"@type\":\"EntryPoint\",\"urlTemplate\":\"https:\/\/www.prokennex.eu\/de\/?s={search_term_string}\"},\"query-input\":{\"@type\":\"PropertyValueSpecification\",\"valueRequired\":true,\"valueName\":\"search_term_string\"}}],\"inLanguage\":\"de\"},{\"@type\":\"Organization\",\"@id\":\"https:\/\/www.prokennex.eu\/de\/#organization\",\"name\":\"Pro Kennex s.r.l.\",\"url\":\"https:\/\/www.prokennex.eu\/de\/\",\"logo\":{\"@type\":\"ImageObject\",\"inLanguage\":\"de\",\"@id\":\"https:\/\/www.prokennex.eu\/de\/#\/schema\/logo\/image\/\",\"url\":\"https:\/\/www.prokennex.eu\/wp-content\/uploads\/2021\/09\/prokennex-logo.svg\",\"contentUrl\":\"https:\/\/www.prokennex.eu\/wp-content\/uploads\/2021\/09\/prokennex-logo.svg\",\"width\":\"1440\",\"height\":\"1080\",\"caption\":\"Pro Kennex s.r.l.\"},\"image\":{\"@id\":\"https:\/\/www.prokennex.eu\/de\/#\/schema\/logo\/image\/\"}}]}<\/script>\n<!-- \/ Yoast SEO plugin. -->","yoast_head_json":{"title":"Versand und Zahlungen - ProKennex Racchette e Accessori","robots":{"index":"index","follow":"follow","max-snippet":"max-snippet:-1","max-image-preview":"max-image-preview:large","max-video-preview":"max-video-preview:-1"},"canonical":"https:\/\/www.prokennex.eu\/de\/versand-und-zahlungen\/","og_locale":"de_DE","og_type":"article","og_title":"Versand und Zahlungen - ProKennex Racchette e Accessori","og_url":"https:\/\/www.prokennex.eu\/de\/versand-und-zahlungen\/","og_site_name":"ProKennex Racchette e Accessori","article_modified_time":"2022-09-27T09:51:19+00:00","twitter_card":"summary_large_image","schema":{"@context":"https:\/\/schema.org","@graph":[{"@type":"WebPage","@id":"https:\/\/www.prokennex.eu\/de\/versand-und-zahlungen\/","url":"https:\/\/www.prokennex.eu\/de\/versand-und-zahlungen\/","name":"Versand und Zahlungen - ProKennex Racchette e Accessori","isPartOf":{"@id":"https:\/\/www.prokennex.eu\/de\/#website"},"datePublished":"2021-04-11T09:53:33+00:00","dateModified":"2022-09-27T09:51:19+00:00","inLanguage":"de","potentialAction":[{"@type":"ReadAction","target":["https:\/\/www.prokennex.eu\/de\/versand-und-zahlungen\/"]}]},{"@type":"WebSite","@id":"https:\/\/www.prokennex.eu\/de\/#website","url":"https:\/\/www.prokennex.eu\/de\/","name":"ProKennex Racchette e Accessori","description":"Tomorrow&#039;s Tachnologies","publisher":{"@id":"https:\/\/www.prokennex.eu\/de\/#organization"},"potentialAction":[{"@type":"SearchAction","target":{"@type":"EntryPoint","urlTemplate":"https:\/\/www.prokennex.eu\/de\/?s={search_term_string}"},"query-input":{"@type":"PropertyValueSpecification","valueRequired":true,"valueName":"search_term_string"}}],"inLanguage":"de"},{"@type":"Organization","@id":"https:\/\/www.prokennex.eu\/de\/#organization","name":"Pro Kennex s.r.l.","url":"https:\/\/www.prokennex.eu\/de\/","logo":{"@type":"ImageObject","inLanguage":"de","@id":"https:\/\/www.prokennex.eu\/de\/#\/schema\/logo\/image\/","url":"https:\/\/www.prokennex.eu\/wp-content\/uploads\/2021\/09\/prokennex-logo.svg","contentUrl":"https:\/\/www.prokennex.eu\/wp-content\/uploads\/2021\/09\/prokennex-logo.svg","width":"1440","height":"1080","caption":"Pro Kennex s.r.l."},"image":{"@id":"https:\/\/www.prokennex.eu\/de\/#\/schema\/logo\/image\/"}}]}},"_links":{"self":[{"href":"https:\/\/www.prokennex.eu\/de\/wp-json\/wp\/v2\/pages\/9520","targetHints":{"allow":["GET"]}}],"collection":[{"href":"https:\/\/www.prokennex.eu\/de\/wp-json\/wp\/v2\/pages"}],"about":[{"href":"https:\/\/www.prokennex.eu\/de\/wp-json\/wp\/v2\/types\/page"}],"author":[{"embeddable":true,"href":"https:\/\/www.prokennex.eu\/de\/wp-json\/wp\/v2\/users\/1"}],"replies":[{"embeddable":true,"href":"https:\/\/www.prokennex.eu\/de\/wp-json\/wp\/v2\/comments?post=9520"}],"version-history":[{"count":4,"href":"https:\/\/www.prokennex.eu\/de\/wp-json\/wp\/v2\/pages\/9520\/revisions"}],"predecessor-version":[{"id":10526,"href":"https:\/\/www.prokennex.eu\/de\/wp-json\/wp\/v2\/pages\/9520\/revisions\/10526"}],"wp:attachment":[{"href":"https:\/\/www.prokennex.eu\/de\/wp-json\/wp\/v2\/media?parent=9520"}],"curies":[{"name":"wp","href":"https:\/\/api.w.org\/{rel}","templated":true}]}}