{"id":9516,"date":"2021-04-11T11:56:22","date_gmt":"2021-04-11T09:56:22","guid":{"rendered":"https:\/\/www.prokennex.eu\/informazioni-legali\/"},"modified":"2022-09-27T11:47:58","modified_gmt":"2022-09-27T09:47:58","slug":"rechtliche-informationen","status":"publish","type":"page","link":"https:\/\/www.prokennex.eu\/de\/rechtliche-informationen\/","title":{"rendered":"Rechtliche Informationen"},"content":{"rendered":"\n\t<section class=\"section\" id=\"section_1281290519\">\n\t\t<div class=\"section-bg fill\" >\n\t\t\t\t\t\t\t\t\t\n\t\t\t\n\n\t\t<\/div>\n\n\t\t\n\n\t\t<div class=\"section-content relative\">\n\t\t\t\n<div class=\"row align-center\"  id=\"row-689355581\">\n\n\t<div id=\"col-321126068\" class=\"col medium-10 small-12 large-10\"  >\n\t\t\t\t<div class=\"col-inner\"  >\n\t\t\t\n\t\t\t\n<p><strong>prokennex.eu<\/strong>\u00a0ist eine E-Commerce-Website, herausgegeben und verwaltet von\u00a0<strong>Pro Kennex s.r.l.<\/strong>, Via Della Volta 46\/a 25124 Brescia, USt-IdNr. \/ St.-Nr. 02226210983<\/p>\n<p><strong>Urheberrecht<\/strong><br \/>Das Design, das Layout, die Bilder, die Beschreibungen und die Rezensionen der Website unterliegen dem Copyright der jeweiligen Autoren, vertreten durch Pro Kennex s.r.l. , es sei denn, es liegt eine schriftliche Genehmigung vor.\u00a0 Es ist jedoch gestattet, Bilder, Beschreibungen oder Rezensionen auszudrucken, per E-Mail zu versenden und im Internet zu ver\u00f6ffentlichen.<\/p>\n<p><strong>Produktdarstellung<\/strong><\/p>\n<p>Die grafische Darstellung der Produkte, Bilder oder Videos, dient ausschlie\u00dflich dem kommerziellen Zweck der Produktveranschaulichung und ist nur als Beispiel zu verstehen. Die Produkte k\u00f6nnen von der Abbildung auf dem Bildschirm abweichen, entweder aus Gr\u00fcnden der Bildschirmeinstellung (Farbton, F\u00e4rbung&#8230;) oder aus Gr\u00fcnden der Rechte zur \u00c4nderung der Produkte\/Farben und der Nomenklatur durch den Hersteller. Dar\u00fcber hinaus beh\u00e4lt sich Pro Kennex s.r.l. zur Erf\u00fcllung der Kundenbestellung das Recht vor, das bestellte Produkt in einer anderen Verpackung oder mit einer anderen Darstellung als auf dem Produktblatt angegeben zu liefern. Eine Haftung von Pro Kennex s.r.l. ist insoweit ausgeschlossen, da diese \u00c4nderungen die reine Funktionsweise des Produkts nicht ver\u00e4ndern (z.B. \u00c4nderung der Farbe des Logos oder des Schriftzuges oder der Position).<\/p>\n\t\t<\/div>\n\t\t\t\t\t<\/div>\n\n\t\n<\/div>\n\t\t<\/div>\n\n\t\t\n<style>\n#section_1281290519 {\n  padding-top: 30px;\n  padding-bottom: 30px;\n}\n<\/style>\n\t<\/section>\n\t\n","protected":false},"excerpt":{"rendered":"","protected":false},"author":1,"featured_media":0,"parent":0,"menu_order":0,"comment_status":"closed","ping_status":"closed","template":"","meta":{"_acf_changed":false,"footnotes":""},"class_list":["post-9516","page","type-page","status-publish","hentry"],"acf":[],"yoast_head":"<!-- This site is optimized with the Yoast SEO plugin v27.4 - https:\/\/yoast.com\/product\/yoast-seo-wordpress\/ -->\n<title>Rechtliche Informationen - ProKennex Racchette e Accessori<\/title>\n<meta name=\"robots\" content=\"index, follow, max-snippet:-1, max-image-preview:large, max-video-preview:-1\" \/>\n<link rel=\"canonical\" href=\"https:\/\/www.prokennex.eu\/de\/rechtliche-informationen\/\" \/>\n<meta property=\"og:locale\" content=\"de_DE\" \/>\n<meta property=\"og:type\" content=\"article\" \/>\n<meta property=\"og:title\" content=\"Rechtliche Informationen - ProKennex Racchette e Accessori\" \/>\n<meta property=\"og:url\" content=\"https:\/\/www.prokennex.eu\/de\/rechtliche-informationen\/\" \/>\n<meta property=\"og:site_name\" content=\"ProKennex Racchette e Accessori\" \/>\n<meta property=\"article:modified_time\" content=\"2022-09-27T09:47:58+00:00\" \/>\n<meta name=\"twitter:card\" content=\"summary_large_image\" \/>\n<script type=\"application\/ld+json\" class=\"yoast-schema-graph\">{\"@context\":\"https:\\\/\\\/schema.org\",\"@graph\":[{\"@type\":\"WebPage\",\"@id\":\"https:\\\/\\\/www.prokennex.eu\\\/de\\\/rechtliche-informationen\\\/\",\"url\":\"https:\\\/\\\/www.prokennex.eu\\\/de\\\/rechtliche-informationen\\\/\",\"name\":\"Rechtliche Informationen - ProKennex Racchette e Accessori\",\"isPartOf\":{\"@id\":\"https:\\\/\\\/www.prokennex.eu\\\/de\\\/#website\"},\"datePublished\":\"2021-04-11T09:56:22+00:00\",\"dateModified\":\"2022-09-27T09:47:58+00:00\",\"inLanguage\":\"de\",\"potentialAction\":[{\"@type\":\"ReadAction\",\"target\":[\"https:\\\/\\\/www.prokennex.eu\\\/de\\\/rechtliche-informationen\\\/\"]}]},{\"@type\":\"WebSite\",\"@id\":\"https:\\\/\\\/www.prokennex.eu\\\/de\\\/#website\",\"url\":\"https:\\\/\\\/www.prokennex.eu\\\/de\\\/\",\"name\":\"ProKennex Racchette e Accessori\",\"description\":\"Tomorrow&#039;s Tachnologies\",\"publisher\":{\"@id\":\"https:\\\/\\\/www.prokennex.eu\\\/de\\\/#organization\"},\"potentialAction\":[{\"@type\":\"SearchAction\",\"target\":{\"@type\":\"EntryPoint\",\"urlTemplate\":\"https:\\\/\\\/www.prokennex.eu\\\/de\\\/?s={search_term_string}\"},\"query-input\":{\"@type\":\"PropertyValueSpecification\",\"valueRequired\":true,\"valueName\":\"search_term_string\"}}],\"inLanguage\":\"de\"},{\"@type\":\"Organization\",\"@id\":\"https:\\\/\\\/www.prokennex.eu\\\/de\\\/#organization\",\"name\":\"Pro Kennex s.r.l.\",\"url\":\"https:\\\/\\\/www.prokennex.eu\\\/de\\\/\",\"logo\":{\"@type\":\"ImageObject\",\"inLanguage\":\"de\",\"@id\":\"https:\\\/\\\/www.prokennex.eu\\\/de\\\/#\\\/schema\\\/logo\\\/image\\\/\",\"url\":\"https:\\\/\\\/www.prokennex.eu\\\/wp-content\\\/uploads\\\/2021\\\/09\\\/prokennex-logo.svg\",\"contentUrl\":\"https:\\\/\\\/www.prokennex.eu\\\/wp-content\\\/uploads\\\/2021\\\/09\\\/prokennex-logo.svg\",\"width\":\"1440\",\"height\":\"1080\",\"caption\":\"Pro Kennex s.r.l.\"},\"image\":{\"@id\":\"https:\\\/\\\/www.prokennex.eu\\\/de\\\/#\\\/schema\\\/logo\\\/image\\\/\"}}]}<\/script>\n<!-- \/ Yoast SEO plugin. -->","yoast_head_json":{"title":"Rechtliche Informationen - ProKennex Racchette e Accessori","robots":{"index":"index","follow":"follow","max-snippet":"max-snippet:-1","max-image-preview":"max-image-preview:large","max-video-preview":"max-video-preview:-1"},"canonical":"https:\/\/www.prokennex.eu\/de\/rechtliche-informationen\/","og_locale":"de_DE","og_type":"article","og_title":"Rechtliche Informationen - ProKennex Racchette e Accessori","og_url":"https:\/\/www.prokennex.eu\/de\/rechtliche-informationen\/","og_site_name":"ProKennex Racchette e Accessori","article_modified_time":"2022-09-27T09:47:58+00:00","twitter_card":"summary_large_image","schema":{"@context":"https:\/\/schema.org","@graph":[{"@type":"WebPage","@id":"https:\/\/www.prokennex.eu\/de\/rechtliche-informationen\/","url":"https:\/\/www.prokennex.eu\/de\/rechtliche-informationen\/","name":"Rechtliche Informationen - ProKennex Racchette e Accessori","isPartOf":{"@id":"https:\/\/www.prokennex.eu\/de\/#website"},"datePublished":"2021-04-11T09:56:22+00:00","dateModified":"2022-09-27T09:47:58+00:00","inLanguage":"de","potentialAction":[{"@type":"ReadAction","target":["https:\/\/www.prokennex.eu\/de\/rechtliche-informationen\/"]}]},{"@type":"WebSite","@id":"https:\/\/www.prokennex.eu\/de\/#website","url":"https:\/\/www.prokennex.eu\/de\/","name":"ProKennex Racchette e Accessori","description":"Tomorrow&#039;s Tachnologies","publisher":{"@id":"https:\/\/www.prokennex.eu\/de\/#organization"},"potentialAction":[{"@type":"SearchAction","target":{"@type":"EntryPoint","urlTemplate":"https:\/\/www.prokennex.eu\/de\/?s={search_term_string}"},"query-input":{"@type":"PropertyValueSpecification","valueRequired":true,"valueName":"search_term_string"}}],"inLanguage":"de"},{"@type":"Organization","@id":"https:\/\/www.prokennex.eu\/de\/#organization","name":"Pro Kennex s.r.l.","url":"https:\/\/www.prokennex.eu\/de\/","logo":{"@type":"ImageObject","inLanguage":"de","@id":"https:\/\/www.prokennex.eu\/de\/#\/schema\/logo\/image\/","url":"https:\/\/www.prokennex.eu\/wp-content\/uploads\/2021\/09\/prokennex-logo.svg","contentUrl":"https:\/\/www.prokennex.eu\/wp-content\/uploads\/2021\/09\/prokennex-logo.svg","width":"1440","height":"1080","caption":"Pro Kennex s.r.l."},"image":{"@id":"https:\/\/www.prokennex.eu\/de\/#\/schema\/logo\/image\/"}}]}},"_links":{"self":[{"href":"https:\/\/www.prokennex.eu\/de\/wp-json\/wp\/v2\/pages\/9516","targetHints":{"allow":["GET"]}}],"collection":[{"href":"https:\/\/www.prokennex.eu\/de\/wp-json\/wp\/v2\/pages"}],"about":[{"href":"https:\/\/www.prokennex.eu\/de\/wp-json\/wp\/v2\/types\/page"}],"author":[{"embeddable":true,"href":"https:\/\/www.prokennex.eu\/de\/wp-json\/wp\/v2\/users\/1"}],"replies":[{"embeddable":true,"href":"https:\/\/www.prokennex.eu\/de\/wp-json\/wp\/v2\/comments?post=9516"}],"version-history":[{"count":3,"href":"https:\/\/www.prokennex.eu\/de\/wp-json\/wp\/v2\/pages\/9516\/revisions"}],"predecessor-version":[{"id":10524,"href":"https:\/\/www.prokennex.eu\/de\/wp-json\/wp\/v2\/pages\/9516\/revisions\/10524"}],"wp:attachment":[{"href":"https:\/\/www.prokennex.eu\/de\/wp-json\/wp\/v2\/media?parent=9516"}],"curies":[{"name":"wp","href":"https:\/\/api.w.org\/{rel}","templated":true}]}}