{"id":9512,"date":"2021-04-03T08:26:06","date_gmt":"2021-04-03T06:26:06","guid":{"rendered":"https:\/\/www.prokennex.eu\/termini-e-condizioni\/"},"modified":"2022-09-27T11:46:39","modified_gmt":"2022-09-27T09:46:39","slug":"geschaeftsbedingungen","status":"publish","type":"page","link":"https:\/\/www.prokennex.eu\/de\/geschaeftsbedingungen\/","title":{"rendered":"Gesch\u00e4ftsbedingungen"},"content":{"rendered":"\n\t<section class=\"section\" id=\"section_833436672\">\n\t\t<div class=\"section-bg fill\" >\n\t\t\t\t\t\t\t\t\t\n\t\t\t\n\n\t\t<\/div>\n\n\t\t\n\n\t\t<div class=\"section-content relative\">\n\t\t\t\n<div class=\"row row-small align-center\"  id=\"row-719267714\">\n\n\t<div id=\"col-1759894656\" class=\"col medium-10 small-12 large-10\"  >\n\t\t\t\t<div class=\"col-inner\"  >\n\t\t\t\n\t\t\t\n<p><strong>Vorbemerkung<\/strong><\/p>\n<p>Alle auf dieser Website get\u00e4tigten K\u00e4ufe unterliegen dem italienischen Gesetz \u00fcber den Fernabsatz (Gesetzesdekret Nr. 206\/2005).<\/p>\n<p>Der Kaufvertrag gilt mit dem Abschluss des Web-Kaufverfahrens seitens des K\u00e4ufers als best\u00e4tigt. Der Vertrag gilt als zustande gekommen und abgeschlossen, wenn der Versand erfolgt ist oder wenn der Kunde per E-Mail \u00fcber den Versand informiert wurde. Alle auf der Website angegebenen Preise verstehen sich inklusive Mehrwertsteuer und gelten nur f\u00fcr online get\u00e4tigte K\u00e4ufe; die angezeigten Produkte sind zur sofortigen Lieferung bestimmt, es sei denn, in der Registerkarte des Produkts in der linken unteren Ecke ist etwas anderes angegeben (weitere Informationen hierzu finden Sie auf der Seite mit den Spezifikationen der Symbole); bei etwaigen Verz\u00f6gerungen oder Problemen wird der Kunde unverz\u00fcglich per E-Mail oder telefonisch benachrichtigt.<\/p>\n<p>Pro Kennex s.r.l. beh\u00e4lt sich das Recht vor, die Bestellung nicht auszuf\u00fchren, unabh\u00e4ngig von den Gr\u00fcnden und zu jedem Zeitpunkt vor dem Versand. Wenn der Grund z.\u00a0B. die momentane Nichtverf\u00fcgbarkeit eines oder mehrerer Produkte ist, verpflichtet sich Pro Kennex s.r.l., die Bestellung innerhalb von 30 Werktagen ab dem Datum der Bestellung an den Kunden zu liefern, ohne den Betrag der Bestellung zur\u00fcckerstatten zu m\u00fcssen (ausgenommen Versand). Sollte die Lieferzeit mehr als 30 Werktage betragen, kann der Kunde w\u00e4hlen, ob er die Lieferung innerhalb der von Pro Kennex s.r.l. angegebenen Lieferzeit abwarten m\u00f6chte oder ob er eine R\u00fcckerstattung (nur in H\u00f6he des gekauften Produkts) in Form eines Gutscheins oder eines Geldbetrags erhalten m\u00f6chte.<\/p>\n<p>Alles, was hier nicht aufgef\u00fchrt ist, wird durch das Gesetzesdekret Nr. 185 vom 22\/05\/1999 geregelt.<\/p>\n<p>Falls Sie eine Rechnung ben\u00f6tigen, bitten wir Sie, die entsprechenden Daten in die Kaufdetails einzutragen. Die Online-Preise k\u00f6nnen je nach Marktentwicklung oder Unternehmensentscheidungen ohne Vorank\u00fcndigung ge\u00e4ndert werden und sind nur f\u00fcr den Online-Verkauf g\u00fcltig.<\/p>\n<p>\u00a0<\/p>\n<p><strong>1 Anwendungsbereich<\/strong><\/p>\n<p><strong>1.1<\/strong>\u00a0Diese Allgemeinen Gesch\u00e4ftsbedingungen (nachfolgend \u201eAllgemeine Gesch\u00e4ftsbedingungen\u201c genannt) der Pro Kennex s.r.l. (nachfolgend \u201eVerk\u00e4ufer\u201c genannt) gelten f\u00fcr alle Vertr\u00e4ge, die ein Verbraucher oder Gewerbetreibender (nachfolgend \u201eKunde\u201c genannt) mit dem Verk\u00e4ufer hinsichtlich der im Online-Shop des Verk\u00e4ufers zum Verkauf stehenden Waren und\/oder Dienstleistungen abschlie\u00dft. Diese Bedingungen schlie\u00dfen die Anwendung eigener Regelungen des Kunden aus, sofern nicht anders vereinbart.<\/p>\n<p><strong>1.2<\/strong>\u00a0Im Sinne dieser Allgemeinen Gesch\u00e4ftsbedingungen gilt als \u201eVerbraucher\u201c jede nat\u00fcrliche Person, die ein Rechtsgesch\u00e4ft zu Zwecken abschlie\u00dft, die nicht ihrer gewerblichen oder selbst\u00e4ndigen beruflichen T\u00e4tigkeit zugerechnet werden k\u00f6nnen. Der Begriff \u201eGewerbetreibender\u201c bezeichnet jede nat\u00fcrliche oder juristische Person oder Personengesellschaft mit Rechtspers\u00f6nlichkeit, die bei Abschluss eines Rechtsgesch\u00e4fts zu Zwecken handelt, die ihrer gewerblichen oder selbst\u00e4ndigen beruflichen T\u00e4tigkeit zugerechnet werden k\u00f6nnen.<\/p>\n<p><strong>2 Abschluss des Vertrags<\/strong><\/p>\n<p><strong>2.1<\/strong>\u00a0Die Produktbeschreibungen im Online-Shop des Verk\u00e4ufers sind verbindliche Angebote des Verk\u00e4ufers.<\/p>\n<p><strong>2.2<\/strong>\u00a0Der Kunde kann das Angebot \u00fcber das Bestellformular im Online-Shop des Verk\u00e4ufers annehmen. Im Falle der Bestellung \u00fcber das Online-Bestellformular nimmt der Kunde nach Eingabe seiner pers\u00f6nlichen Daten durch Anklicken des Best\u00e4tigungsbuttons am Ende des Bestellvorgangs das Vertragsangebot f\u00fcr die in seinem Warenkorb enthaltenen Waren rechtsverbindlich an. Das Angebot kann jedoch nur angenommen werden, wenn der Kunde durch Ankreuzen des entsprechenden K\u00e4stchens unter dem Text: \u201eIch erkl\u00e4re ausdr\u00fccklich, dass ich die Allgemeinen Gesch\u00e4ftsbedingungen gelesen habe und akzeptiere\u201c best\u00e4tigt, dass er die Vertragsbedingungen akzeptiert.<\/p>\n<p><strong>2.3<\/strong>\u00a0Der Verk\u00e4ufer schickt dem Kunden die Auftragsbest\u00e4tigung per Post oder E-Mail.<\/p>\n<p><strong>2.4<\/strong>\u00a0Bei der Annahme eines Angebots \u00fcber das Online-Bestellformular des Verk\u00e4ufers wird der Vertragstext vom Verk\u00e4ufer gespeichert und dem Kunden nach Absendung der entsprechenden Bestellung nebst dem Text der Allgemeinen Gesch\u00e4ftsbedingungen zugeschickt (z.\u00a0B. per E-Mail, Fax oder Brief). Der Vertragstext wird ebenfalls auf der Website des Verk\u00e4ufers gespeichert und ist f\u00fcr den Kunden \u00fcber sein passwortgesch\u00fctztes Konto durch Eingabe der entsprechenden Zugangsdaten kostenlos zug\u00e4nglich, sofern der Kunde vor der Bestellung ein Konto im Online-Shop des Verk\u00e4ufers angelegt hat. In jedem Fall wird der Verk\u00e4ufer dem Kunden eine Auftragsbest\u00e4tigung zusenden, in der er auf die M\u00f6glichkeit hinweist, die Allgemeinen Gesch\u00e4ftsbedingungen \u00fcber die Funktion \u201eDrucken\u201c herunterzuladen und auszudrucken.<\/p>\n<p><strong>2.5<\/strong>\u00a0Vor der verbindlichen Abgabe der Bestellung \u00fcber das Online-Bestellformular des Verk\u00e4ufers kann der Kunde seine Daten jederzeit \u00fcber die \u00fcblichen Maus- und Tastaturfunktionen korrigieren. Dar\u00fcber hinaus werden vor der verbindlichen \u00dcbermittlung der Bestellung alle Daten in einem Best\u00e4tigungsfenster angezeigt und k\u00f6nnen dort noch mit den \u00fcblichen Maus- und Tastaturfunktionen bearbeitet werden.<\/p>\n<p><strong>2.6<\/strong>\u00a0Handelt der Kunde als Verbraucher, ist die einzige Sprache, die f\u00fcr den Vertragsabschluss zur Verf\u00fcgung steht, Italienisch.<\/p>\n<p><strong>3 Widerrufsrecht<\/strong><\/p>\n<p><strong>3.1<\/strong>\u00a0Die Verbraucher sind berechtigt, von ihrem Widerrufsrecht Gebrauch zu machen.<\/p>\n<p><strong>3.2<\/strong>\u00a0Weitere Informationen \u00fcber das Widerrufsrecht entnehmen Sie bitte dem entsprechenden Hinweis in dem entsprechenden Abschnitt.<\/p>\n<p><strong>4 Preise und Zahlungsbedingungen<\/strong><\/p>\n<p><strong>4.1<\/strong>\u00a0Sofern der Verk\u00e4ufer in der Produktbeschreibung nichts anderes angibt, handelt es sich bei den vom Verk\u00e4ufer angegebenen Preisen um Endpreise inklusive der gesetzlich geltenden Steuern. Etwaige zus\u00e4tzlich anfallende Versand- und Lieferkosten werden in den jeweiligen Produktbeschreibungen gesondert ausgewiesen.<\/p>\n<p><strong>4.2<\/strong>\u00a0Dem Kunden stehen mehrere Zahlungsm\u00f6glichkeiten zur Verf\u00fcgung, die auf der Website des Verk\u00e4ufers dargestellt sind.<\/p>\n<p><strong>4.3<\/strong>\u00a0Wird eine Vorauszahlung vereinbart, so ist der Restbetrag bei Vertragsabschluss zu entrichten.<\/p>\n<p><strong>4.4<\/strong>\u00a0Entscheidet sich der Kunde f\u00fcr die Zahlung per \u201ePayPal\u201c, wird die Zahlung \u00fcber den Dienstleister PayPal (Europe \u2013 S.\u00e0 r.l. et Cie, S.C.A., 22-24 Boulevard Royal, L-2449 Luxembourg) gem\u00e4\u00df den PayPal-Nutzungsbedingungen abgewickelt, die unter\u00a0<a href=\"https:\/\/www.paypal.com\/\">https:\/\/www.paypal.com\/<\/a> abrufbar sind. Dies setzt u.a. voraus, dass der Kunde ein PayPal-Konto er\u00f6ffnet oder bereits eines besitzt.<\/p>\n<p><strong>5 Liefer- und Versandbedingungen<\/strong><\/p>\n<p><strong>5.1<\/strong>\u00a0Die Ware wird per Spedition an die vom Kunden angegebene Adresse verschickt. Die Bestellung wird unter Ber\u00fccksichtigung der angegebenen Lieferadresse bearbeitet. Ungeachtet dessen gilt bei Zahlung per PayPal die vom Kunden zum Zeitpunkt der Zahlung per PayPal angegebene Lieferadresse.<\/p>\n<p><strong>5.2<\/strong>\u00a0Sendet der Kurier die Ware wegen Unm\u00f6glichkeit der Zustellung an den Kunden an den Verk\u00e4ufer zur\u00fcck, so gehen die Kosten der erfolglosen Zustellung zu Lasten des Kunden. Dies gilt nicht, wenn der Kunde das Widerrufsrecht aus\u00fcbt, oder weil die Umst\u00e4nde, die zur Unm\u00f6glichkeit der Lieferung gef\u00fchrt haben, nicht auf sein Verschulden zur\u00fcckzuf\u00fchren sind oder weil er vor\u00fcbergehend an der Annahme der angebotenen Leistung verhindert war, es sei denn, dass der Verk\u00e4ufer ihm die Leistung rechtzeitig angek\u00fcndigt hatte.<\/p>\n<p><strong>5.3<\/strong>\u00a0Eine Abholung durch den Kunden ist nicht vorgesehen.<\/p>\n<p><strong>6 Gesetzliche Konformit\u00e4tsgew\u00e4hrleistung<\/strong><\/p>\n<p><strong>6.1<\/strong>\u00a0Es gelten die gesetzlichen Vorschriften \u00fcber die Gew\u00e4hrleistung f\u00fcr M\u00e4ngel der Kaufsache.<\/p>\n<p><strong>6.2<\/strong>\u00a0Die Verj\u00e4hrungsfrist f\u00fcr Gew\u00e4hrleistungsanspr\u00fcche betr\u00e4gt:<\/p>\n<ul>\n<li>bei neuen Waren zwei Jahre ab Lieferung der Ware an den Kunden.<\/li>\n<li>bei gebrauchten Waren ein Jahr ab Lieferung der Ware an den Kunden.<\/li>\n<\/ul>\n<p><strong>6.3<\/strong>\u00a0Die Geltendmachung von Schadensersatzanspr\u00fcchen setzt voraus, dass der K\u00e4ufer den Schaden innerhalb von 10 Tagen nach seiner Entdeckung dem Verk\u00e4ufer mitteilt.<\/p>\n<p><strong>7) Anwendbares Recht, zust\u00e4ndiges Gericht<\/strong><\/p>\n<p><strong>7.1<\/strong>\u00a0Handelt der Kunde als Verbraucher im Sinne von Ziffer 1.2, so gilt f\u00fcr alle Rechtsbeziehungen zwischen den Parteien das Recht des Landes, in dem der Kunde seinen gew\u00f6hnlichen Aufenthalt hat, unter Ausschluss des \u00dcbereinkommens der Vereinten Nationen \u00fcber Vertr\u00e4ge \u00fcber den internationalen Warenkauf. Ausschlie\u00dflicher Gerichtsstand f\u00fcr alle Streitigkeiten aus diesem Vertrag ist der Wohnsitz des Kunden.<\/p>\n<p><strong>7.2<\/strong>\u00a0Handelt der Kunde als Gewerbetreibender im Sinne von Ziffer 1.2, so gilt f\u00fcr alle Rechtsbeziehungen zwischen den Parteien das Recht des Landes, in dem der Verk\u00e4ufer seinen Sitz hat, unter Ausschluss des \u00dcbereinkommens der Vereinten Nationen \u00fcber Vertr\u00e4ge \u00fcber den internationalen Warenkauf. Ausschlie\u00dflicher Gerichtsstand f\u00fcr alle Streitigkeiten aus diesem Vertrag ist der Ort des Sitzes des Verk\u00e4ufers<\/p>\n\t\t<\/div>\n\t\t\t\t\t<\/div>\n\n\t\n<\/div>\n\t\t<\/div>\n\n\t\t\n<style>\n#section_833436672 {\n  padding-top: 30px;\n  padding-bottom: 30px;\n}\n<\/style>\n\t<\/section>\n\t\n","protected":false},"excerpt":{"rendered":"","protected":false},"author":1,"featured_media":0,"parent":0,"menu_order":80,"comment_status":"closed","ping_status":"closed","template":"","meta":{"_acf_changed":false,"footnotes":""},"class_list":["post-9512","page","type-page","status-publish","hentry"],"acf":[],"yoast_head":"<!-- This site is optimized with the Yoast SEO plugin v27.1.1 - https:\/\/yoast.com\/product\/yoast-seo-wordpress\/ -->\n<title>Gesch\u00e4ftsbedingungen - ProKennex Racchette e Accessori<\/title>\n<meta name=\"robots\" content=\"index, follow, max-snippet:-1, max-image-preview:large, max-video-preview:-1\" \/>\n<link rel=\"canonical\" href=\"https:\/\/www.prokennex.eu\/de\/geschaeftsbedingungen\/\" \/>\n<meta property=\"og:locale\" content=\"de_DE\" \/>\n<meta property=\"og:type\" content=\"article\" \/>\n<meta property=\"og:title\" content=\"Gesch\u00e4ftsbedingungen - ProKennex Racchette e Accessori\" \/>\n<meta property=\"og:url\" content=\"https:\/\/www.prokennex.eu\/de\/geschaeftsbedingungen\/\" \/>\n<meta property=\"og:site_name\" content=\"ProKennex Racchette e Accessori\" \/>\n<meta property=\"article:modified_time\" content=\"2022-09-27T09:46:39+00:00\" \/>\n<meta name=\"twitter:card\" content=\"summary_large_image\" \/>\n<script type=\"application\/ld+json\" class=\"yoast-schema-graph\">{\"@context\":\"https:\/\/schema.org\",\"@graph\":[{\"@type\":\"WebPage\",\"@id\":\"https:\/\/www.prokennex.eu\/de\/geschaeftsbedingungen\/\",\"url\":\"https:\/\/www.prokennex.eu\/de\/geschaeftsbedingungen\/\",\"name\":\"Gesch\u00e4ftsbedingungen - ProKennex Racchette e Accessori\",\"isPartOf\":{\"@id\":\"https:\/\/www.prokennex.eu\/de\/#website\"},\"datePublished\":\"2021-04-03T06:26:06+00:00\",\"dateModified\":\"2022-09-27T09:46:39+00:00\",\"inLanguage\":\"de\",\"potentialAction\":[{\"@type\":\"ReadAction\",\"target\":[\"https:\/\/www.prokennex.eu\/de\/geschaeftsbedingungen\/\"]}]},{\"@type\":\"WebSite\",\"@id\":\"https:\/\/www.prokennex.eu\/de\/#website\",\"url\":\"https:\/\/www.prokennex.eu\/de\/\",\"name\":\"ProKennex Racchette e Accessori\",\"description\":\"Tomorrow&#039;s Tachnologies\",\"publisher\":{\"@id\":\"https:\/\/www.prokennex.eu\/de\/#organization\"},\"potentialAction\":[{\"@type\":\"SearchAction\",\"target\":{\"@type\":\"EntryPoint\",\"urlTemplate\":\"https:\/\/www.prokennex.eu\/de\/?s={search_term_string}\"},\"query-input\":{\"@type\":\"PropertyValueSpecification\",\"valueRequired\":true,\"valueName\":\"search_term_string\"}}],\"inLanguage\":\"de\"},{\"@type\":\"Organization\",\"@id\":\"https:\/\/www.prokennex.eu\/de\/#organization\",\"name\":\"Pro Kennex s.r.l.\",\"url\":\"https:\/\/www.prokennex.eu\/de\/\",\"logo\":{\"@type\":\"ImageObject\",\"inLanguage\":\"de\",\"@id\":\"https:\/\/www.prokennex.eu\/de\/#\/schema\/logo\/image\/\",\"url\":\"https:\/\/www.prokennex.eu\/wp-content\/uploads\/2021\/09\/prokennex-logo.svg\",\"contentUrl\":\"https:\/\/www.prokennex.eu\/wp-content\/uploads\/2021\/09\/prokennex-logo.svg\",\"width\":\"1440\",\"height\":\"1080\",\"caption\":\"Pro Kennex s.r.l.\"},\"image\":{\"@id\":\"https:\/\/www.prokennex.eu\/de\/#\/schema\/logo\/image\/\"}}]}<\/script>\n<!-- \/ Yoast SEO plugin. -->","yoast_head_json":{"title":"Gesch\u00e4ftsbedingungen - ProKennex Racchette e Accessori","robots":{"index":"index","follow":"follow","max-snippet":"max-snippet:-1","max-image-preview":"max-image-preview:large","max-video-preview":"max-video-preview:-1"},"canonical":"https:\/\/www.prokennex.eu\/de\/geschaeftsbedingungen\/","og_locale":"de_DE","og_type":"article","og_title":"Gesch\u00e4ftsbedingungen - ProKennex Racchette e Accessori","og_url":"https:\/\/www.prokennex.eu\/de\/geschaeftsbedingungen\/","og_site_name":"ProKennex Racchette e Accessori","article_modified_time":"2022-09-27T09:46:39+00:00","twitter_card":"summary_large_image","schema":{"@context":"https:\/\/schema.org","@graph":[{"@type":"WebPage","@id":"https:\/\/www.prokennex.eu\/de\/geschaeftsbedingungen\/","url":"https:\/\/www.prokennex.eu\/de\/geschaeftsbedingungen\/","name":"Gesch\u00e4ftsbedingungen - ProKennex Racchette e Accessori","isPartOf":{"@id":"https:\/\/www.prokennex.eu\/de\/#website"},"datePublished":"2021-04-03T06:26:06+00:00","dateModified":"2022-09-27T09:46:39+00:00","inLanguage":"de","potentialAction":[{"@type":"ReadAction","target":["https:\/\/www.prokennex.eu\/de\/geschaeftsbedingungen\/"]}]},{"@type":"WebSite","@id":"https:\/\/www.prokennex.eu\/de\/#website","url":"https:\/\/www.prokennex.eu\/de\/","name":"ProKennex Racchette e Accessori","description":"Tomorrow&#039;s Tachnologies","publisher":{"@id":"https:\/\/www.prokennex.eu\/de\/#organization"},"potentialAction":[{"@type":"SearchAction","target":{"@type":"EntryPoint","urlTemplate":"https:\/\/www.prokennex.eu\/de\/?s={search_term_string}"},"query-input":{"@type":"PropertyValueSpecification","valueRequired":true,"valueName":"search_term_string"}}],"inLanguage":"de"},{"@type":"Organization","@id":"https:\/\/www.prokennex.eu\/de\/#organization","name":"Pro Kennex s.r.l.","url":"https:\/\/www.prokennex.eu\/de\/","logo":{"@type":"ImageObject","inLanguage":"de","@id":"https:\/\/www.prokennex.eu\/de\/#\/schema\/logo\/image\/","url":"https:\/\/www.prokennex.eu\/wp-content\/uploads\/2021\/09\/prokennex-logo.svg","contentUrl":"https:\/\/www.prokennex.eu\/wp-content\/uploads\/2021\/09\/prokennex-logo.svg","width":"1440","height":"1080","caption":"Pro Kennex s.r.l."},"image":{"@id":"https:\/\/www.prokennex.eu\/de\/#\/schema\/logo\/image\/"}}]}},"_links":{"self":[{"href":"https:\/\/www.prokennex.eu\/de\/wp-json\/wp\/v2\/pages\/9512","targetHints":{"allow":["GET"]}}],"collection":[{"href":"https:\/\/www.prokennex.eu\/de\/wp-json\/wp\/v2\/pages"}],"about":[{"href":"https:\/\/www.prokennex.eu\/de\/wp-json\/wp\/v2\/types\/page"}],"author":[{"embeddable":true,"href":"https:\/\/www.prokennex.eu\/de\/wp-json\/wp\/v2\/users\/1"}],"replies":[{"embeddable":true,"href":"https:\/\/www.prokennex.eu\/de\/wp-json\/wp\/v2\/comments?post=9512"}],"version-history":[{"count":3,"href":"https:\/\/www.prokennex.eu\/de\/wp-json\/wp\/v2\/pages\/9512\/revisions"}],"predecessor-version":[{"id":10523,"href":"https:\/\/www.prokennex.eu\/de\/wp-json\/wp\/v2\/pages\/9512\/revisions\/10523"}],"wp:attachment":[{"href":"https:\/\/www.prokennex.eu\/de\/wp-json\/wp\/v2\/media?parent=9512"}],"curies":[{"name":"wp","href":"https:\/\/api.w.org\/{rel}","templated":true}]}}